{"id":15,"date":"2018-01-19T14:23:48","date_gmt":"2018-01-19T13:23:48","guid":{"rendered":"https:\/\/mockelnforeningarna.se\/kulturochforeningskalaset\/?page_id=15"},"modified":"2018-01-19T14:23:48","modified_gmt":"2018-01-19T13:23:48","slug":"anmalan","status":"publish","type":"page","link":"https:\/\/mockelnforeningarna.se\/kulturochforeningskalaset\/anmalan\/","title":{"rendered":"Anm\u00e4lan"},"content":{"rendered":"<div id=\"pl-15\" class=\"panel-layout\">\n<div id=\"pg-15-0\" class=\"panel-grid panel-no-style\" data-style=\"{&quot;background_display&quot;:&quot;tile&quot;,&quot;cell_alignment&quot;:&quot;flex-start&quot;}\">\n<div id=\"pgc-15-0-0\" class=\"panel-grid-cell\" data-weight=\"0.5\">\n<div id=\"panel-15-0-0-0\" class=\"so-panel widget widget_sow-editor panel-first-child panel-last-child\" data-index=\"0\" data-style=\"{&quot;background_image_attachment&quot;:false,&quot;background_display&quot;:&quot;tile&quot;}\">\n<div class=\"so-widget-sow-editor so-widget-sow-editor-base\">\n<h3 class=\"widget-title\">Dags att anm\u00e4la sig till Kultur- och f\u00f6reningskalaset!<\/h3>\n<div class=\"siteorigin-widget-tinymce textwidget\">\n<p>Den 16 maj \u00e4r det dags f\u00f6r Kultur- och f\u00f6reningskalaset igen \u00a0&#8211; ett kalas f\u00f6r hela familjen!<\/p>\n<p><strong>Medarrang\u00f6r<\/strong><br \/>Arrangemanget \u00e4r ett \u201dknytkalas\u201d d\u00e4r vi bjuder in er som akt\u00f6rer att delta och d\u00e4rmed bli medarrang\u00f6r. Alla som medverkar bidrar med sitt inslag till kalaset. Vi hoppas d\u00e4rf\u00f6r att ni v\u00e4lkomnar bes\u00f6karna lite extra till ert \u201dbord\u201d genom exempelvis: prova-p\u00e5-aktiviteter, prov-smak, f\u00f6rs\u00e4ljning, information, musik, uppvisningar eller annat som kan locka bes\u00f6kare till just till er.<\/p>\n<p>F\u00f6rs\u00e4ljning av relevanta varor och tj\u00e4nster \u00e4r till\u00e5ten (exempelvis medlemskap eller annat i en f\u00f6rening) likas\u00e5 sm\u00e5skalig f\u00f6rs\u00e4ljning av ex lotter men \u00f6vrig f\u00f6rs\u00e4ljning och insamling av pengar b\u00f6r undvikas. I \u00f6vrigt \u00e4r det sunt f\u00f6rnuft som g\u00e4ller f\u00f6r att evenemanget ska bli s\u00e5 trevligt och lyckat som m\u00f6jligt. Se detta som ett tillf\u00e4lle att sprida ert budskap, genom att knyta kontakter eller rekrytera nya medlemmar.<\/p>\n<p>Karlskoga kommun och M\u00f6ckelnf\u00f6reningarna har samordningsansvaret f\u00f6r Kultur- och f\u00f6reningskalaset men varje medverkande akt\u00f6r st\u00e5r som ansvarig f\u00f6r sin del.<\/p>\n<p><strong>N\u00e4set och Bofors<\/strong><br \/>Kalaset arrangeras vid N\u00e4set\u00a0och Bofors stationsomr\u00e5de kl 10:00-14:00. N\u00e4set ligger natursk\u00f6nt vid M\u00f6ckelns strand med stora gr\u00f6na ytor perfekt f\u00f6r sig som vill ha lite st\u00f6rre sv\u00e4ngrum med prova-p\u00e5-aktiviteter. \u00c4ven i \u00e5r kommer vi att vara p\u00e5 gr\u00e4splanen vid boulbanorna, bakom Pumphuset och d\u00e4r omkring. Detta f\u00f6r att inte bli s\u00e5 utspridda. Den stora gr\u00e4splanen nedanf\u00f6r Strandbadet finns ocks\u00e5 till hands om det \u00e4r f\u00f6reningar som kr\u00e4ver stor plats f\u00f6r sin verksamhet.<\/p>\n<p>Bofors stationsomr\u00e5de \u00e4r ett kulturomr\u00e5de med en park, aretarmus\u00e9et Gr\u00e5bo, tv\u00e5 stationshus och ett caf\u00e9. Tillg\u00e5ngen till lokaler under tak \u00e4r begr\u00e4nsade men det finns gott om utrymme i parken.<\/p>\n<p><strong>Anm\u00e4lan<\/strong><br \/>Vi hoppas att er f\u00f6rening\/verksamhet\/organisation vill vara med under denna dag och det \u00e4r nu dags att b\u00f6rja anm\u00e4la sig. Anm\u00e4lan sker senast 30 april h\u00e4r nedan.<\/p>\n<p><strong>Kontakt<\/strong><br \/>N\u00e4set: <br \/>Marina Sj\u00f6dahl, <br \/>0586 &#8211; 614 20, <br \/><a href=\"mailto:marina.a.sjodahl@karlskoga.se\">marina.a.sjodahl@karlskoga.se<\/a><\/p>\n<p>Bofors stationsomr\u00e5det:<br \/>Sofia Tungfelt<em><br \/><\/em>070-380 07 15<br \/><a href=\"mailto:sofia.tungfelt@mockelnforeningarna.net\">sofia.tungfelt@mockelnforeningarna.net<\/a><\/p>\n<p>Daniel Sanell<br \/>070-380 02 12<br \/><a href=\"mailto:daniel.sanell@mockelnforeningarna.net\">daniel.sanell@mockelnforeningarna.net<\/a><\/p>\n<p>Vid d\u00e5ligt v\u00e4der kommer B-hallen\/Nobelhallen att anv\u00e4ndas f\u00f6r den verksamhet som skulle ha varit vid N\u00e4set.<\/p>\n<\/div>\n<\/div>\n<\/div>\n<\/div>\n<div id=\"pgc-15-0-1\" class=\"panel-grid-cell\" data-weight=\"0.5\">\n<div id=\"panel-15-0-1-0\" class=\"so-panel widget widget_custom_html panel-first-child panel-last-child\" data-index=\"1\" data-style=\"{&quot;background_display&quot;:&quot;tile&quot;}\">[siteorigin_widget class=&#8221;WP_Widget_Custom_HTML&#8221;][\/siteorigin_widget]<\/div>\n<\/div>\n<\/div>\n<\/div>\n","protected":false},"excerpt":{"rendered":"<p>Dags att anm\u00e4la sig till Kultur- och f\u00f6reningskalaset! Den 16 maj \u00e4r det dags f\u00f6r Kultur- och f\u00f6reningskalaset igen \u00a0&#8211; ett kalas f\u00f6r hela familjen! Medarrang\u00f6rArrangemanget \u00e4r ett \u201dknytkalas\u201d d\u00e4r [&hellip;]<\/p>\n","protected":false},"author":3,"featured_media":0,"parent":0,"menu_order":0,"comment_status":"closed","ping_status":"closed","template":"","meta":{"footnotes":""},"class_list":["post-15","page","type-page","status-publish","hentry"],"_links":{"self":[{"href":"http:\/\/mockelnforeningarna.se\/kulturochforeningskalaset\/wp-json\/wp\/v2\/pages\/15","targetHints":{"allow":["GET"]}}],"collection":[{"href":"http:\/\/mockelnforeningarna.se\/kulturochforeningskalaset\/wp-json\/wp\/v2\/pages"}],"about":[{"href":"http:\/\/mockelnforeningarna.se\/kulturochforeningskalaset\/wp-json\/wp\/v2\/types\/page"}],"author":[{"embeddable":true,"href":"http:\/\/mockelnforeningarna.se\/kulturochforeningskalaset\/wp-json\/wp\/v2\/users\/3"}],"replies":[{"embeddable":true,"href":"http:\/\/mockelnforeningarna.se\/kulturochforeningskalaset\/wp-json\/wp\/v2\/comments?post=15"}],"version-history":[{"count":0,"href":"http:\/\/mockelnforeningarna.se\/kulturochforeningskalaset\/wp-json\/wp\/v2\/pages\/15\/revisions"}],"wp:attachment":[{"href":"http:\/\/mockelnforeningarna.se\/kulturochforeningskalaset\/wp-json\/wp\/v2\/media?parent=15"}],"curies":[{"name":"wp","href":"https:\/\/api.w.org\/{rel}","templated":true}]}}