{"id":105,"date":"2025-06-09T16:42:47","date_gmt":"2025-06-09T14:42:47","guid":{"rendered":"https:\/\/mockelnforeningarna.se\/akka\/?page_id=105"},"modified":"2026-02-16T12:35:36","modified_gmt":"2026-02-16T11:35:36","slug":"cafe-koppen","status":"publish","type":"page","link":"https:\/\/mockelnforeningarna.se\/akka\/cafe-koppen\/","title":{"rendered":"Caf\u00e9 k\u00f4ppen"},"content":{"rendered":"\n<div class=\"wp-block-media-text alignfull is-stacked-on-mobile\" style=\"padding-top:var(--wp--preset--spacing--small);padding-bottom:var(--wp--preset--spacing--small);grid-template-columns:33% auto\"><figure class=\"wp-block-media-text__media\"><img loading=\"lazy\" decoding=\"async\" width=\"600\" height=\"500\" src=\"https:\/\/mockelnforeningarna.se\/app\/uploads\/sites\/44\/2025\/06\/Mockelngymnasiet.jpeg\" alt=\"\" class=\"wp-image-110 size-full\" srcset=\"https:\/\/mockelnforeningarna.se\/app\/uploads\/sites\/44\/2025\/06\/Mockelngymnasiet.jpeg 600w, https:\/\/mockelnforeningarna.se\/app\/uploads\/sites\/44\/2025\/06\/Mockelngymnasiet-300x250.jpeg 300w, https:\/\/mockelnforeningarna.se\/app\/uploads\/sites\/44\/2025\/06\/Mockelngymnasiet-500x417.jpeg 500w\" sizes=\"auto, (max-width: 600px) 100vw, 600px\" \/><\/figure><div class=\"wp-block-media-text__content\">\n<p>Caf\u00e9 K\u00f4ppen \u00e4r \u00f6ppet f\u00f6r b\u00e5de elever och l\u00e4rare p\u00e5 Karlskogas gymnasieskola M\u00f6ckelngymnasiet. H\u00e4r hittar du allt du beh\u00f6ver f\u00f6r att orka igenom dagen \u2013 fr\u00e5n god fika och mellanm\u00e5l till n\u00e5got varmt eller kallt att dricka n\u00e4r energin tryter.<\/p>\n\n\n\n<p>Caf\u00e9et \u00e4r en naturlig samlingsplats d\u00e4r man kan ta en paus, umg\u00e5s eller ladda upp inf\u00f6r n\u00e4sta lektion i en trivsam och avslappnad milj\u00f6. V\u00e4lkommen in f\u00f6r en stunds \u00e5terh\u00e4mtning!<\/p>\n\n\n\n<p>Fr\u00e5gor? Kontakta oss p\u00e5 akka.karlskoga@gmail.com eller 079 067 84 60<\/p>\n<\/div><\/div>\n","protected":false},"excerpt":{"rendered":"<p>Caf\u00e9 K\u00f4ppen \u00e4r \u00f6ppet f\u00f6r b\u00e5de elever och l\u00e4rare p\u00e5 Karlskogas gymnasieskola M\u00f6ckelngymnasiet. H\u00e4r hittar du allt du beh\u00f6ver f\u00f6r att orka igenom dagen \u2013 fr\u00e5n god fika och mellanm\u00e5l [&hellip;]<\/p>\n","protected":false},"author":3,"featured_media":0,"parent":0,"menu_order":0,"comment_status":"closed","ping_status":"closed","template":"page-notitle.php","meta":{"footnotes":""},"class_list":["post-105","page","type-page","status-publish","hentry"],"_links":{"self":[{"href":"https:\/\/mockelnforeningarna.se\/akka\/wp-json\/wp\/v2\/pages\/105","targetHints":{"allow":["GET"]}}],"collection":[{"href":"https:\/\/mockelnforeningarna.se\/akka\/wp-json\/wp\/v2\/pages"}],"about":[{"href":"https:\/\/mockelnforeningarna.se\/akka\/wp-json\/wp\/v2\/types\/page"}],"author":[{"embeddable":true,"href":"https:\/\/mockelnforeningarna.se\/akka\/wp-json\/wp\/v2\/users\/3"}],"replies":[{"embeddable":true,"href":"https:\/\/mockelnforeningarna.se\/akka\/wp-json\/wp\/v2\/comments?post=105"}],"version-history":[{"count":8,"href":"https:\/\/mockelnforeningarna.se\/akka\/wp-json\/wp\/v2\/pages\/105\/revisions"}],"predecessor-version":[{"id":223,"href":"https:\/\/mockelnforeningarna.se\/akka\/wp-json\/wp\/v2\/pages\/105\/revisions\/223"}],"wp:attachment":[{"href":"https:\/\/mockelnforeningarna.se\/akka\/wp-json\/wp\/v2\/media?parent=105"}],"curies":[{"name":"wp","href":"https:\/\/api.w.org\/{rel}","templated":true}]}}