{"id":28,"date":"2022-12-22T09:52:57","date_gmt":"2022-12-22T08:52:57","guid":{"rendered":"https:\/\/mockelnforeningarna.se\/akka\/?page_id=28"},"modified":"2026-02-16T12:34:53","modified_gmt":"2026-02-16T11:34:53","slug":"kontakta-oss","status":"publish","type":"page","link":"https:\/\/mockelnforeningarna.se\/akka\/kontakta-oss\/","title":{"rendered":"Kontakta oss"},"content":{"rendered":"\n<div class=\"wp-block-media-text alignfull is-stacked-on-mobile\" style=\"padding-top:var(--wp--preset--spacing--small);padding-bottom:var(--wp--preset--spacing--small);grid-template-columns:33% auto\"><figure class=\"wp-block-media-text__media\"><img loading=\"lazy\" decoding=\"async\" width=\"1024\" height=\"682\" src=\"https:\/\/mockelnforeningarna.se\/app\/uploads\/sites\/44\/2025\/12\/Kontakt-Akka-1024x682.png\" alt=\"\" class=\"wp-image-202 size-full\" srcset=\"https:\/\/mockelnforeningarna.se\/app\/uploads\/sites\/44\/2025\/12\/Kontakt-Akka-1024x682.png 1024w, https:\/\/mockelnforeningarna.se\/app\/uploads\/sites\/44\/2025\/12\/Kontakt-Akka-300x200.png 300w, https:\/\/mockelnforeningarna.se\/app\/uploads\/sites\/44\/2025\/12\/Kontakt-Akka-768x512.png 768w, https:\/\/mockelnforeningarna.se\/app\/uploads\/sites\/44\/2025\/12\/Kontakt-Akka-800x533.png 800w, https:\/\/mockelnforeningarna.se\/app\/uploads\/sites\/44\/2025\/12\/Kontakt-Akka-500x333.png 500w, https:\/\/mockelnforeningarna.se\/app\/uploads\/sites\/44\/2025\/12\/Kontakt-Akka-600x400.png 600w, https:\/\/mockelnforeningarna.se\/app\/uploads\/sites\/44\/2025\/12\/Kontakt-Akka.png 1280w\" sizes=\"auto, (max-width: 1024px) 100vw, 1024px\" \/><\/figure><div class=\"wp-block-media-text__content\">\n<p>Har du fr\u00e5gor, id\u00e9er eller vill du veta mer om v\u00e5r verksamhet? <strong>Alla \u00e4r varmt v\u00e4lkomna att kontakta Akka \u2013 Aktiva kvinnor i Karlskoga.<\/strong> Vi tar g\u00e4rna emot bes\u00f6k, samtal och samarbeten, oavsett om du \u00e4r nyfiken p\u00e5 v\u00e5ra produkter, v\u00e5rt arbetss\u00e4tt eller hur vi kan hj\u00e4lpas \u00e5t i framtiden.<\/p>\n\n\n\n<p>Hos oss m\u00f6ts du av ett \u00f6ppet och v\u00e4nligt bem\u00f6tande, och vi ber\u00e4ttar g\u00e4rna mer om allt fr\u00e5n Caf\u00e9 Ekeby till Karlskoga Skafferi och v\u00e5ra sociala projekt. Tveka inte att h\u00f6ra av dig \u2013 vi ser fram emot att m\u00f6tas, hj\u00e4lpas \u00e5t och skapa n\u00e5got gott tillsammans. \ud83c\udf3f<\/p>\n\n\n\n<p>Telefon: 079-067&nbsp;84&nbsp;60<\/p>\n\n\n\n<p>e-post: akka.karlskoga@gmail.com<\/p>\n\n\n\n<p>Bes\u00f6ksadress:<br>AKKA Aktiva kvinnor i Karlskoga<br>G\u00f6sta Berlings v\u00e4g 20<br>69138 Karlskoga<br>Sweden <\/p>\n<\/div><\/div>\n","protected":false},"excerpt":{"rendered":"<p>Har du fr\u00e5gor, id\u00e9er eller vill du veta mer om v\u00e5r verksamhet? Alla \u00e4r varmt v\u00e4lkomna att kontakta Akka \u2013 Aktiva kvinnor i Karlskoga. Vi tar g\u00e4rna emot bes\u00f6k, samtal [&hellip;]<\/p>\n","protected":false},"author":3,"featured_media":0,"parent":0,"menu_order":0,"comment_status":"closed","ping_status":"closed","template":"page-notitle.php","meta":{"footnotes":""},"class_list":["post-28","page","type-page","status-publish","hentry"],"_links":{"self":[{"href":"https:\/\/mockelnforeningarna.se\/akka\/wp-json\/wp\/v2\/pages\/28","targetHints":{"allow":["GET"]}}],"collection":[{"href":"https:\/\/mockelnforeningarna.se\/akka\/wp-json\/wp\/v2\/pages"}],"about":[{"href":"https:\/\/mockelnforeningarna.se\/akka\/wp-json\/wp\/v2\/types\/page"}],"author":[{"embeddable":true,"href":"https:\/\/mockelnforeningarna.se\/akka\/wp-json\/wp\/v2\/users\/3"}],"replies":[{"embeddable":true,"href":"https:\/\/mockelnforeningarna.se\/akka\/wp-json\/wp\/v2\/comments?post=28"}],"version-history":[{"count":7,"href":"https:\/\/mockelnforeningarna.se\/akka\/wp-json\/wp\/v2\/pages\/28\/revisions"}],"predecessor-version":[{"id":221,"href":"https:\/\/mockelnforeningarna.se\/akka\/wp-json\/wp\/v2\/pages\/28\/revisions\/221"}],"wp:attachment":[{"href":"https:\/\/mockelnforeningarna.se\/akka\/wp-json\/wp\/v2\/media?parent=28"}],"curies":[{"name":"wp","href":"https:\/\/api.w.org\/{rel}","templated":true}]}}