{"id":5,"date":"2022-12-22T09:33:19","date_gmt":"2022-12-22T08:33:19","guid":{"rendered":"https:\/\/mockelnforeningarna.se\/akka\/?page_id=5"},"modified":"2026-03-24T12:54:15","modified_gmt":"2026-03-24T11:54:15","slug":"hem","status":"publish","type":"page","link":"https:\/\/mockelnforeningarna.se\/akka\/","title":{"rendered":"Hem"},"content":{"rendered":"\n<div class=\"wp-block-cover alignfull\"><img loading=\"lazy\" decoding=\"async\" width=\"1280\" height=\"853\" class=\"wp-block-cover__image-background wp-image-200\" alt=\"\" src=\"https:\/\/mockelnforeningarna.se\/app\/uploads\/sites\/44\/2025\/12\/Omslag-Akka.png\" data-object-fit=\"cover\" srcset=\"https:\/\/mockelnforeningarna.se\/app\/uploads\/sites\/44\/2025\/12\/Omslag-Akka.png 1280w, https:\/\/mockelnforeningarna.se\/app\/uploads\/sites\/44\/2025\/12\/Omslag-Akka-300x200.png 300w, https:\/\/mockelnforeningarna.se\/app\/uploads\/sites\/44\/2025\/12\/Omslag-Akka-1024x682.png 1024w, https:\/\/mockelnforeningarna.se\/app\/uploads\/sites\/44\/2025\/12\/Omslag-Akka-768x512.png 768w, https:\/\/mockelnforeningarna.se\/app\/uploads\/sites\/44\/2025\/12\/Omslag-Akka-800x533.png 800w, https:\/\/mockelnforeningarna.se\/app\/uploads\/sites\/44\/2025\/12\/Omslag-Akka-500x333.png 500w, https:\/\/mockelnforeningarna.se\/app\/uploads\/sites\/44\/2025\/12\/Omslag-Akka-600x400.png 600w\" sizes=\"auto, (max-width: 1280px) 100vw, 1280px\" \/><span aria-hidden=\"true\" class=\"wp-block-cover__background has-background-dim-30 has-background-dim\" style=\"background-color:#6c513c\"><\/span><div class=\"wp-block-cover__inner-container is-layout-flow wp-block-cover-is-layout-flow\">\n<h3 class=\"wp-block-heading has-text-align-center has-white-color has-text-color\" style=\"font-style:italic;font-weight:700\"><strong>Skapar arbetstillf\u00e4llen och utveckling inom<\/strong><\/h3>\n\n\n\n<p class=\"has-text-align-center has-white-color has-text-color\"><strong><em>Caf\u00e9 och Catering<\/em><\/strong><\/p>\n<\/div><\/div>\n\n\n\n<div class=\"wp-block-group has-global-padding is-layout-constrained wp-block-group-is-layout-constrained\" style=\"margin-top:var(--wp--preset--spacing--large)\">\n<p>AKKA st\u00e5r f\u00f6r <em>Aktiva kvinnor i Karlskoga<\/em> och \u00e4r ett f\u00f6retag med socialt ansvar som arbetar med caf\u00e9- och cateringverksamhet.<\/p>\n\n\n\n<p>Som f\u00f6retag med socialt ansvar kombinerar vi god service med ett viktigt samh\u00e4llsuppdrag. I v\u00e5ra kaf\u00e9er skapas b\u00e5de arbetstillf\u00e4llen och en trygg, utvecklande arbetsmilj\u00f6 f\u00f6r m\u00e4nniskor som beh\u00f6ver st\u00f6d f\u00f6r att n\u00e4rma sig \u00f6ppna arbetsmarknaden. H\u00e4r f\u00e5r deltagare v\u00e4xa i sin egen takt samtidigt som vi erbjuder Karlskoga god, hemlagad fika och mat till rimliga priser. Vinsten \u00e5terinvesteras i verksamheten \u2013 f\u00f6r att st\u00e4rka m\u00e4nniskor, inte f\u00f6r att ge utdelning.<\/p>\n\n\n\n<p>AKKA driver kaf\u00e9erna p\u00e5 Ekebyskolan och M\u00f6ckelngymnasiet, d\u00e4r elever och personal kan njuta av nybakat, mackor och annan vardagsfika. <\/p>\n\n\n\n<p>Genom v\u00e5rt arbete vill vi skapa goda fikastunder som g\u00f6r skillnad \u2013 b\u00e5de f\u00f6r individen och f\u00f6r Karlskoga.<\/p>\n\n\n\n<p><br>F\u00f6r best\u00e4llningar av fika eller annan catering fr\u00e5n kaf\u00e9erna v\u00e4nligen mejla akka.karlskoga@gmail.com eller ring oss p\u00e5&nbsp;079-067 84 60.<\/p>\n<\/div>\n","protected":false},"excerpt":{"rendered":"<p>AKKA st\u00e5r f\u00f6r Aktiva kvinnor i Karlskoga och \u00e4r ett f\u00f6retag med socialt ansvar som arbetar med caf\u00e9- och cateringverksamhet. Som f\u00f6retag med socialt ansvar kombinerar vi god service med [&hellip;]<\/p>\n","protected":false},"author":3,"featured_media":0,"parent":0,"menu_order":0,"comment_status":"closed","ping_status":"closed","template":"page-notitle.php","meta":{"footnotes":""},"class_list":["post-5","page","type-page","status-publish","hentry"],"_links":{"self":[{"href":"https:\/\/mockelnforeningarna.se\/akka\/wp-json\/wp\/v2\/pages\/5","targetHints":{"allow":["GET"]}}],"collection":[{"href":"https:\/\/mockelnforeningarna.se\/akka\/wp-json\/wp\/v2\/pages"}],"about":[{"href":"https:\/\/mockelnforeningarna.se\/akka\/wp-json\/wp\/v2\/types\/page"}],"author":[{"embeddable":true,"href":"https:\/\/mockelnforeningarna.se\/akka\/wp-json\/wp\/v2\/users\/3"}],"replies":[{"embeddable":true,"href":"https:\/\/mockelnforeningarna.se\/akka\/wp-json\/wp\/v2\/comments?post=5"}],"version-history":[{"count":17,"href":"https:\/\/mockelnforeningarna.se\/akka\/wp-json\/wp\/v2\/pages\/5\/revisions"}],"predecessor-version":[{"id":230,"href":"https:\/\/mockelnforeningarna.se\/akka\/wp-json\/wp\/v2\/pages\/5\/revisions\/230"}],"wp:attachment":[{"href":"https:\/\/mockelnforeningarna.se\/akka\/wp-json\/wp\/v2\/media?parent=5"}],"curies":[{"name":"wp","href":"https:\/\/api.w.org\/{rel}","templated":true}]}}