{"id":133,"date":"2019-04-11T15:14:30","date_gmt":"2019-04-11T13:14:30","guid":{"rendered":"https:\/\/mockelnforeningarna.se\/brukspojkarna\/?page_id=133"},"modified":"2024-03-14T15:48:53","modified_gmt":"2024-03-14T14:48:53","slug":"lankar","status":"publish","type":"page","link":"https:\/\/mockelnforeningarna.se\/brukspojkarna\/lankar\/","title":{"rendered":"L\u00e4nkar"},"content":{"rendered":"\n<p><span lang=\"en-gb\"><a href=\"http:\/\/bildarkivet.karlskoga.se\/B-pilen\/\">B-pilens Tidningsarkiv<\/a><\/span>  (fn \u00e4r inte l\u00e4nken tillg\u00e4nglig, kommer att uppdateras n\u00e4r problemet \u00e4r \u00e5tg\u00e4rdat)<\/p>\n\n\n\n<p><span lang=\"en-gb\"><a href=\"http:\/\/www.moviestone.se\/?m=3028\">Aurora 2017 Villingsberg<\/a><\/span><\/p>\n\n\n\n<p><span lang=\"en-gb\"><a href=\"http:\/\/foreningen-stridsvagns.se\/news.php\">F\u00f6reningen stridsvagn S<\/a><\/span><\/p>\n\n\n\n<p><span lang=\"en-gb\"><a href=\"http:\/\/www.boflv.se\/\">Bofors Luftv\u00e4rnsf\u00f6rening<\/a><\/span><\/p>\n\n\n\n<p><span lang=\"en-gb\"><a href=\"http:\/\/boforsmusikkar.se\/\/\">Bofors Musikk\u00e5r<\/a><\/span><\/p>\n\n\n\n<p><a href=\"https:\/\/www.sv.se\/\">Studief\u00f6rbundet vuxenskolan<\/a><\/p>\n","protected":false},"excerpt":{"rendered":"<p>B-pilens Tidningsarkiv (fn \u00e4r inte l\u00e4nken tillg\u00e4nglig, kommer att uppdateras n\u00e4r problemet \u00e4r \u00e5tg\u00e4rdat) Aurora 2017 Villingsberg F\u00f6reningen stridsvagn S Bofors Luftv\u00e4rnsf\u00f6rening Bofors Musikk\u00e5r Studief\u00f6rbundet vuxenskolan<\/p>\n","protected":false},"author":3,"featured_media":0,"parent":0,"menu_order":0,"comment_status":"closed","ping_status":"closed","template":"","meta":{"footnotes":""},"class_list":["post-133","page","type-page","status-publish","hentry"],"_links":{"self":[{"href":"https:\/\/mockelnforeningarna.se\/brukspojkarna\/wp-json\/wp\/v2\/pages\/133","targetHints":{"allow":["GET"]}}],"collection":[{"href":"https:\/\/mockelnforeningarna.se\/brukspojkarna\/wp-json\/wp\/v2\/pages"}],"about":[{"href":"https:\/\/mockelnforeningarna.se\/brukspojkarna\/wp-json\/wp\/v2\/types\/page"}],"author":[{"embeddable":true,"href":"https:\/\/mockelnforeningarna.se\/brukspojkarna\/wp-json\/wp\/v2\/users\/3"}],"replies":[{"embeddable":true,"href":"https:\/\/mockelnforeningarna.se\/brukspojkarna\/wp-json\/wp\/v2\/comments?post=133"}],"version-history":[{"count":3,"href":"https:\/\/mockelnforeningarna.se\/brukspojkarna\/wp-json\/wp\/v2\/pages\/133\/revisions"}],"predecessor-version":[{"id":769,"href":"https:\/\/mockelnforeningarna.se\/brukspojkarna\/wp-json\/wp\/v2\/pages\/133\/revisions\/769"}],"wp:attachment":[{"href":"https:\/\/mockelnforeningarna.se\/brukspojkarna\/wp-json\/wp\/v2\/media?parent=133"}],"curies":[{"name":"wp","href":"https:\/\/api.w.org\/{rel}","templated":true}]}}