{"id":18,"date":"2019-02-04T13:19:24","date_gmt":"2019-02-04T12:19:24","guid":{"rendered":"https:\/\/mockelnforeningarna.se\/brukspojkarna\/?page_id=18"},"modified":"2023-02-02T10:56:43","modified_gmt":"2023-02-02T09:56:43","slug":"bli-medlem","status":"publish","type":"page","link":"https:\/\/mockelnforeningarna.se\/brukspojkarna\/bli-medlem\/","title":{"rendered":"Bli medlem"},"content":{"rendered":"\n<div class=\"wp-block-columns is-layout-flex wp-container-core-columns-is-layout-28f84493 wp-block-columns-is-layout-flex\">\n<div class=\"wp-block-column is-layout-flow wp-block-column-is-layout-flow\">\n<h3 class=\"wp-block-heading\">NY MEDLEM<\/h3>\n\n\n\n<p>Du som \u00e4r intresserad att bli Brukspojke ska n\u00e5gon g\u00e5ng under din aktiva tid ha jobbat i Bofors (BAE, SAAB Dynamics), Nobelkrut eller Kilsta, eller ett&nbsp;<em>avknoppat f\u00f6retag&nbsp;<\/em>\u00e4r v\u00e4lkommen att bli Brukspojke och deltaga i f\u00f6redrag, studiebes\u00f6k eller n\u00e5gon underh\u00e5llning. Vi \u00e4r idag ca 250 medlemmar.<\/p>\n\n\n\n<p>Anm\u00e4l dig genom att fylla i vidst\u00e5ende formul\u00e4r, alternativt skicka ett mail till &nbsp;<a href=\"mailto:medlem@brukspojkarna.se\">medlem@brukspojkarna.se,<\/a>&nbsp; ange namn, adress, telefonnummer, epost och var du jobbade.<\/p>\n\n\n\n<p>Du kan \u00e4ven kontakta n\u00e5gon i styrelsen.<\/p>\n\n\n\n<p><strong>\u00c5rsavgiften \u00e4r f.n. 100 kr och v\u00e5rt bankgironummer \u00e4r 5439-2980<\/strong><\/p>\n<\/div>\n\n\n\n<div class=\"wp-block-column is-layout-flow wp-block-column-is-layout-flow\">\n<h3 class=\"wp-block-heading\">MEDLEMSANS\u00d6KAN<\/h3>\n\n\n\n<div class=\"wp-block-contact-form-7-contact-form-selector\">\n<div class=\"wpcf7 no-js\" id=\"wpcf7-f22-o1\" lang=\"sv-SE\" dir=\"ltr\" data-wpcf7-id=\"22\">\n<div class=\"screen-reader-response\"><p role=\"status\" aria-live=\"polite\" aria-atomic=\"true\"><\/p> <ul><\/ul><\/div>\n<form action=\"\/brukspojkarna\/wp-json\/wp\/v2\/pages\/18#wpcf7-f22-o1\" method=\"post\" class=\"wpcf7-form init\" aria-label=\"Kontaktformul\u00e4r\" novalidate=\"novalidate\" data-status=\"init\">\n<fieldset class=\"hidden-fields-container\"><input type=\"hidden\" name=\"_wpcf7\" value=\"22\" \/><input type=\"hidden\" name=\"_wpcf7_version\" value=\"6.1.5\" \/><input type=\"hidden\" name=\"_wpcf7_locale\" value=\"sv_SE\" \/><input type=\"hidden\" name=\"_wpcf7_unit_tag\" value=\"wpcf7-f22-o1\" \/><input type=\"hidden\" name=\"_wpcf7_container_post\" value=\"0\" \/><input type=\"hidden\" name=\"_wpcf7_posted_data_hash\" value=\"\" \/>\n<\/fieldset>\n<p><span class=\"wpcf7-form-control-wrap\" data-name=\"your-name\"><input size=\"40\" maxlength=\"400\" class=\"wpcf7-form-control wpcf7-text wpcf7-validates-as-required\" aria-required=\"true\" aria-invalid=\"false\" placeholder=\"Fullst\u00e4ndigt Namn*\" value=\"\" type=\"text\" name=\"your-name\" \/><\/span>\n<\/p>\n<p><span class=\"wpcf7-form-control-wrap\" data-name=\"text-825\"><input size=\"40\" maxlength=\"400\" class=\"wpcf7-form-control wpcf7-text wpcf7-validates-as-required\" aria-required=\"true\" aria-invalid=\"false\" placeholder=\"Din Adress*\" value=\"\" type=\"text\" name=\"text-825\" \/><\/span>\n<\/p>\n<p><span class=\"wpcf7-form-control-wrap\" data-name=\"your-email\"><input size=\"40\" maxlength=\"400\" class=\"wpcf7-form-control wpcf7-email wpcf7-validates-as-required wpcf7-text wpcf7-validates-as-email\" aria-required=\"true\" aria-invalid=\"false\" placeholder=\"Din E-post*\" value=\"\" type=\"email\" name=\"your-email\" \/><\/span>\n<\/p>\n<p><span class=\"wpcf7-form-control-wrap\" data-name=\"tel-872\"><input size=\"40\" maxlength=\"400\" class=\"wpcf7-form-control wpcf7-tel wpcf7-validates-as-required wpcf7-text wpcf7-validates-as-tel\" aria-required=\"true\" aria-invalid=\"false\" placeholder=\"Ditt Telefon nr.*\" value=\"\" type=\"tel\" name=\"tel-872\" \/><\/span>\n<\/p>\n<p><span class=\"wpcf7-form-control-wrap\" data-name=\"text-667\"><input size=\"40\" maxlength=\"400\" class=\"wpcf7-form-control wpcf7-text wpcf7-validates-as-required\" aria-required=\"true\" aria-invalid=\"false\" placeholder=\"Vart jobbade du?*\" value=\"\" type=\"text\" name=\"text-667\" \/><\/span>\n<\/p>\n<p><span class=\"wpcf7-form-control-wrap\" data-name=\"your-message\"><textarea cols=\"40\" rows=\"10\" maxlength=\"2000\" class=\"wpcf7-form-control wpcf7-textarea\" aria-invalid=\"false\" placeholder=\"\u00d6vrigt Meddelande...\" name=\"your-message\"><\/textarea><\/span>\n<\/p>\n<p>Jag har l\u00e4st och godk\u00e4nner att mina personuppgifter behandlas i enlighet med v\u00e5ran integritetspolicy. <a href=\"https:\/\/mockelnforeningarna.se\/app\/uploads\/sites\/16\/2020\/01\/Brukpojkarnas-arbete-med-GDPR_utg-02.pdf\" target=\"_blank\">(L\u00e4s v\u00e5r integritetspolicy.)<\/a><br \/>\n<span class=\"wpcf7-form-control-wrap\" data-name=\"checkbox-134\"><span class=\"wpcf7-form-control wpcf7-checkbox wpcf7-validates-as-required\"><span class=\"wpcf7-list-item first last\"><input type=\"checkbox\" name=\"checkbox-134[]\" value=\"Ja\" \/><span class=\"wpcf7-list-item-label\">Ja<\/span><\/span><\/span><\/span>\n<\/p>\n<p><input class=\"wpcf7-form-control wpcf7-submit has-spinner\" type=\"submit\" value=\"Skicka\" \/>\n<\/p><div class=\"wpcf7-response-output\" aria-hidden=\"true\"><\/div>\n<\/form>\n<\/div>\n<\/div>\n<\/div>\n<\/div>\n","protected":false},"excerpt":{"rendered":"<p>NY MEDLEM Du som \u00e4r intresserad att bli Brukspojke ska n\u00e5gon g\u00e5ng under din aktiva tid ha jobbat i Bofors (BAE, SAAB Dynamics), Nobelkrut eller Kilsta, eller ett&nbsp;avknoppat f\u00f6retag&nbsp;\u00e4r v\u00e4lkommen [&hellip;]<\/p>\n","protected":false},"author":19,"featured_media":0,"parent":0,"menu_order":0,"comment_status":"closed","ping_status":"closed","template":"","meta":{"footnotes":""},"class_list":["post-18","page","type-page","status-publish","hentry"],"_links":{"self":[{"href":"https:\/\/mockelnforeningarna.se\/brukspojkarna\/wp-json\/wp\/v2\/pages\/18","targetHints":{"allow":["GET"]}}],"collection":[{"href":"https:\/\/mockelnforeningarna.se\/brukspojkarna\/wp-json\/wp\/v2\/pages"}],"about":[{"href":"https:\/\/mockelnforeningarna.se\/brukspojkarna\/wp-json\/wp\/v2\/types\/page"}],"author":[{"embeddable":true,"href":"https:\/\/mockelnforeningarna.se\/brukspojkarna\/wp-json\/wp\/v2\/users\/19"}],"replies":[{"embeddable":true,"href":"https:\/\/mockelnforeningarna.se\/brukspojkarna\/wp-json\/wp\/v2\/comments?post=18"}],"version-history":[{"count":6,"href":"https:\/\/mockelnforeningarna.se\/brukspojkarna\/wp-json\/wp\/v2\/pages\/18\/revisions"}],"predecessor-version":[{"id":706,"href":"https:\/\/mockelnforeningarna.se\/brukspojkarna\/wp-json\/wp\/v2\/pages\/18\/revisions\/706"}],"wp:attachment":[{"href":"https:\/\/mockelnforeningarna.se\/brukspojkarna\/wp-json\/wp\/v2\/media?parent=18"}],"curies":[{"name":"wp","href":"https:\/\/api.w.org\/{rel}","templated":true}]}}