{"id":35,"date":"2019-02-04T13:56:13","date_gmt":"2019-02-04T12:56:13","guid":{"rendered":"https:\/\/mockelnforeningarna.se\/brukspojkarna\/?page_id=35"},"modified":"2022-11-26T07:06:33","modified_gmt":"2022-11-26T06:06:33","slug":"kontakta-oss","status":"publish","type":"page","link":"https:\/\/mockelnforeningarna.se\/brukspojkarna\/kontakta-oss\/","title":{"rendered":"Kontakta oss"},"content":{"rendered":"\n<div class=\"wp-block-group alignwide has-global-padding is-layout-constrained wp-block-group-is-layout-constrained\">\n<div class=\"wp-block-columns is-layout-flex wp-container-core-columns-is-layout-28f84493 wp-block-columns-is-layout-flex\">\n<div class=\"wp-block-column is-layout-flow wp-block-column-is-layout-flow\">\n<h3 class=\"wp-block-heading\">Kontakta oss vid fr\u00e5gor&#8230;<\/h3>\n\n\n\n<p>Om ni har synpunkter, funderingar fr\u00e5gor g\u00e4llande Gamla Brukpojkars Klubb, f\u00e5r ni g\u00e4rna kontakta n\u00e5gon i <a href=\"https:\/\/mockelnforeningarna.se\/brukspojkarna\/om-oss\/styrelse-och-funktionarer\/\"><strong>styrelsen<\/strong>&nbsp;<\/a> &nbsp;mejl&nbsp;<a href=\"mailto:kontakt@brukspojkarna.se\">kontakt@brukspojkarna.se<\/a>&nbsp;.&nbsp;<\/p>\n<\/div>\n\n\n\n<div class=\"wp-block-column is-layout-flow wp-block-column-is-layout-flow\">\n<h3 class=\"wp-block-heading\">Eller skicka oss ett meddelande<\/h3>\n\n\n\n<div class=\"wp-block-contact-form-7-contact-form-selector\">\n<div class=\"wpcf7 no-js\" id=\"wpcf7-f39-o1\" lang=\"sv-SE\" dir=\"ltr\" data-wpcf7-id=\"39\">\n<div class=\"screen-reader-response\"><p role=\"status\" aria-live=\"polite\" aria-atomic=\"true\"><\/p> <ul><\/ul><\/div>\n<form action=\"\/brukspojkarna\/wp-json\/wp\/v2\/pages\/35#wpcf7-f39-o1\" method=\"post\" class=\"wpcf7-form init\" aria-label=\"Kontaktformul\u00e4r\" novalidate=\"novalidate\" data-status=\"init\">\n<fieldset class=\"hidden-fields-container\"><input type=\"hidden\" name=\"_wpcf7\" value=\"39\" \/><input type=\"hidden\" name=\"_wpcf7_version\" value=\"6.1.5\" \/><input type=\"hidden\" name=\"_wpcf7_locale\" value=\"sv_SE\" \/><input type=\"hidden\" name=\"_wpcf7_unit_tag\" value=\"wpcf7-f39-o1\" \/><input type=\"hidden\" name=\"_wpcf7_container_post\" value=\"0\" \/><input type=\"hidden\" name=\"_wpcf7_posted_data_hash\" value=\"\" \/>\n<\/fieldset>\n<p><span class=\"wpcf7-form-control-wrap\" data-name=\"your-name\"><input size=\"40\" maxlength=\"400\" class=\"wpcf7-form-control wpcf7-text wpcf7-validates-as-required\" aria-required=\"true\" aria-invalid=\"false\" placeholder=\"Fullst\u00e4ndigt Namn*\" value=\"\" type=\"text\" name=\"your-name\" \/><\/span>\n<\/p>\n<p><span class=\"wpcf7-form-control-wrap\" data-name=\"your-email\"><input size=\"40\" maxlength=\"400\" class=\"wpcf7-form-control wpcf7-email wpcf7-validates-as-required wpcf7-text wpcf7-validates-as-email\" aria-required=\"true\" aria-invalid=\"false\" placeholder=\"Din E-post*\" value=\"\" type=\"email\" name=\"your-email\" \/><\/span>\n<\/p>\n<p><span class=\"wpcf7-form-control-wrap\" data-name=\"your-subject\"><input size=\"40\" maxlength=\"400\" class=\"wpcf7-form-control wpcf7-text\" aria-invalid=\"false\" placeholder=\"\u00c4mne\" value=\"\" type=\"text\" name=\"your-subject\" \/><\/span>\n<\/p>\n<p><span class=\"wpcf7-form-control-wrap\" data-name=\"your-message\"><textarea cols=\"40\" rows=\"10\" maxlength=\"2000\" class=\"wpcf7-form-control wpcf7-textarea\" aria-invalid=\"false\" placeholder=\"Ditt Meddelande...\" name=\"your-message\"><\/textarea><\/span>\n<\/p>\n<p><input class=\"wpcf7-form-control wpcf7-submit has-spinner\" type=\"submit\" value=\"Skicka\" \/>\n<\/p><div class=\"wpcf7-response-output\" aria-hidden=\"true\"><\/div>\n<\/form>\n<\/div>\n<\/div>\n<\/div>\n<\/div>\n<\/div>\n","protected":false},"excerpt":{"rendered":"<p>Kontakta oss vid fr\u00e5gor&#8230; Om ni har synpunkter, funderingar fr\u00e5gor g\u00e4llande Gamla Brukpojkars Klubb, f\u00e5r ni g\u00e4rna kontakta n\u00e5gon i styrelsen&nbsp; &nbsp;mejl&nbsp;kontakt@brukspojkarna.se&nbsp;.&nbsp; Eller skicka oss ett meddelande<\/p>\n","protected":false},"author":19,"featured_media":0,"parent":0,"menu_order":0,"comment_status":"closed","ping_status":"closed","template":"","meta":{"footnotes":""},"class_list":["post-35","page","type-page","status-publish","hentry"],"_links":{"self":[{"href":"https:\/\/mockelnforeningarna.se\/brukspojkarna\/wp-json\/wp\/v2\/pages\/35","targetHints":{"allow":["GET"]}}],"collection":[{"href":"https:\/\/mockelnforeningarna.se\/brukspojkarna\/wp-json\/wp\/v2\/pages"}],"about":[{"href":"https:\/\/mockelnforeningarna.se\/brukspojkarna\/wp-json\/wp\/v2\/types\/page"}],"author":[{"embeddable":true,"href":"https:\/\/mockelnforeningarna.se\/brukspojkarna\/wp-json\/wp\/v2\/users\/19"}],"replies":[{"embeddable":true,"href":"https:\/\/mockelnforeningarna.se\/brukspojkarna\/wp-json\/wp\/v2\/comments?post=35"}],"version-history":[{"count":4,"href":"https:\/\/mockelnforeningarna.se\/brukspojkarna\/wp-json\/wp\/v2\/pages\/35\/revisions"}],"predecessor-version":[{"id":624,"href":"https:\/\/mockelnforeningarna.se\/brukspojkarna\/wp-json\/wp\/v2\/pages\/35\/revisions\/624"}],"wp:attachment":[{"href":"https:\/\/mockelnforeningarna.se\/brukspojkarna\/wp-json\/wp\/v2\/media?parent=35"}],"curies":[{"name":"wp","href":"https:\/\/api.w.org\/{rel}","templated":true}]}}