{"id":374,"date":"2019-11-25T15:47:46","date_gmt":"2019-11-25T14:47:46","guid":{"rendered":"https:\/\/mockelnforeningarna.se\/brukspojkarna\/?page_id=374"},"modified":"2022-11-26T07:07:31","modified_gmt":"2022-11-26T06:07:31","slug":"stadgar-brukspojkarna","status":"publish","type":"page","link":"https:\/\/mockelnforeningarna.se\/brukspojkarna\/stadgar-brukspojkarna\/","title":{"rendered":"Stadgar  Brukspojkarna"},"content":{"rendered":"\n<p><strong>Stadgar f\u00f6r Gamla Brukspojkars Klubb<\/strong><\/p>\n\n\n\n<p>Fastst\u00e4llda av Gamla Brukspojkars Klubb vid extra \u00e5rsm\u00f6tet den 21 november, 2019.<\/p>\n\n\n\n<p><strong>F\u00d6RENINGENS M\u00c5L OCH INRIKTNING<\/strong><\/p>\n\n\n\n<p>F\u00f6reningen \u00e4r en ideell f\u00f6rening och har som \u00e4ndam\u00e5l att driva gemenskap mellan gamla manliga arbetskamrater.<\/p>\n\n\n\n<p><strong>HEMORT<\/strong><\/p>\n\n\n\n<p>F\u00f6reningen har sitt s\u00e4te i Karlskoga.<\/p>\n\n\n\n<p><strong>MEDLEMSKAP<\/strong><\/p>\n\n\n\n<p><strong>\u00a71<\/strong> Beviljas den som har varit anst\u00e4lld i AB Bofors eller avknoppade f\u00f6retag.<\/p>\n\n\n\n<p><strong>\u00a72<\/strong> Medlem i f\u00f6reningen \u00e4r den som har betalt medlemsavgift under innevarande \u00e5r..<\/p>\n\n\n\n<p><strong>\u00a73<\/strong> Medlem:<br>&#8211; har r\u00e4tt att delta i m\u00f6ten och andra sammankomster som anordnas f\u00f6r medlemmarna<br>&#8211; har r\u00e4tt till fortl\u00f6pande information om f\u00f6reningens angel\u00e4genheter,<br>&#8211; ska f\u00f6lja f\u00f6reningens stadgar samt beslut som i vederb\u00f6rlig ordning har fattats av organ inom f\u00f6reningen, men<br>&#8211; har inte r\u00e4tt till del av f\u00f6reningens beh\u00e5llning eller egendom vid uppl\u00f6sning av f\u00f6reningen.<\/p>\n\n\n\n<p><strong>STYRELSEN<\/strong><\/p>\n\n\n\n<p><strong>\u00a74<\/strong> F\u00f6reningens angel\u00e4genheter sk\u00f6ts av styrelsen. Den skall &#8211; inom ramen f\u00f6r dessa stadgar &#8211; verka f\u00f6r f\u00f6reningens fram\u00e5tskridande samt tillvarata medlemmarnas intressen.<\/p>\n\n\n\n<p>Det \u00e5ligger styrelsen s\u00e4rskilt att:<br>&#8211; tillse att f\u00f6r f\u00f6reningen bindande regler iakttas<br>&#8211; verkst\u00e4lla av \u00e5rsm\u00f6tet fattade beslut<br>&#8211; planera, leda och f\u00f6rvalta arbetet inom f\u00f6reningen<br>&#8211; ansvara f\u00f6r och f\u00f6rvalta f\u00f6reningens medel<br>&#8211; att f\u00f6rbereda \u00e5rsm\u00f6tet.<\/p>\n\n\n\n<p><strong>\u00a75<\/strong> Styrelsen best\u00e5r av ordf\u00f6rande och 5 &#8211; 7 \u00f6vriga ledam\u00f6ter, j\u00e4mte 2 ers\u00e4ttare.<\/p>\n\n\n\n<p><strong>\u00a76<\/strong> Styrelseledam\u00f6ter och ers\u00e4ttare v\u00e4ljs av \u00e5rsm\u00f6tet bland f\u00f6reningens r\u00f6stber\u00e4ttigade medlemmar.<\/p>\n\n\n\n<p>Avg\u00e5r vald styrelseledamot f\u00f6re mandattidens utg\u00e5ng intr\u00e4der ers\u00e4ttare, vilken enligt den mellan ers\u00e4ttare best\u00e4mda ordningen st\u00e5r i tur, som styrelseledamot f\u00f6r tiden till och med n\u00e4stkommande \u00e5rsm\u00f6te.<\/p>\n\n\n\n<p>Styrelsen utser inom sig vice ordf\u00f6rande, sekreterare, kass\u00f6r och de \u00f6vriga befattningar som beh\u00f6vs.<\/p>\n\n\n\n<p><strong>\u00a77<\/strong> F\u00f6reningens firma tecknas av styrelsen eller, om styrelsen s\u00e5 best\u00e4mmer, av tv\u00e5 styrelseledam\u00f6ter gemensamt eller var f\u00f6r sig.<\/p>\n\n\n\n<p><strong>\u00a78<\/strong> Styrelsen sammantr\u00e4der n\u00e4r ordf\u00f6randen eller minst halva antalet styrelse ledam\u00f6ter s\u00e5 best\u00e4mmer. Styrelsen \u00e4r beslutsm\u00e4ssig om samtliga ledam\u00f6ter kallas till sammantr\u00e4det och minst h\u00e4lften av dem \u00e4r n\u00e4rvarande.<br>Vid sammantr\u00e4det skall protokoll f\u00f6ras.<\/p>\n\n\n\n<p><strong>\u00a79<\/strong> Ordf\u00f6randen \u00e4r f\u00f6reningens officiella representant. Ordf\u00f6randen leder styrelsens f\u00f6rhandlingar och arbete samt \u00f6vervakar att s\u00e5v\u00e4l f\u00f6reningens stadgar som \u00f6vriga f\u00f6r f\u00f6reningen bindande regler och beslut efterlevs. Har ordf\u00f6randen f\u00f6rhinder tr\u00e4der vice ordf\u00f6randen in i ordf\u00f6randens st\u00e4lle. I \u00f6vrigt f\u00f6rdelas arbetsuppgifterna bland styrelsens ledam\u00f6ter enligt styrelsens best\u00e4mmande.<\/p>\n\n\n\n<p><strong>VERKSAMHETS- OCH R\u00c4KENSKAPS\u00c5R M M<\/strong><\/p>\n\n\n\n<p><strong>\u00a710<\/strong> Verksamhets\u00e5ret och r\u00e4kenskaps\u00e5ret omfattar kalender\u00e5r.<\/p>\n\n\n\n<p>Styrelsens arbets\u00e5r omfattar tiden fr\u00e5n \u00e5rsm\u00f6tet till och med \u00e5rsm\u00f6tet p\u00e5f\u00f6ljande \u00e5r.<\/p>\n\n\n\n<p><strong>REVISION<\/strong><\/p>\n\n\n\n<p><strong>\u00a711<\/strong> Styrelsen skall tillhandah\u00e5lla revisorerna f\u00f6reningens r\u00e4kenskaper, \u00e5rsm\u00f6tes- och styrelseprotokoll, medlemsmatrikel och \u00f6vriga handlingar, som revisorerna vill ta del av, n\u00e4r de s\u00e5 beg\u00e4r, samt n\u00e4r det g\u00e4ller revision av f\u00f6rvaltningen f\u00f6r det senaste r\u00e4kenskaps\u00e5ret, senast en m\u00e5nad f\u00f6re \u00e5rsm\u00f6tet.<\/p>\n\n\n\n<p>Revisorerna skall granska styrelsens f\u00f6rvaltning och r\u00e4kenskaper f\u00f6r det senaste verksamhets- och r\u00e4kenskaps\u00e5ret samt till styrelsen \u00f6verl\u00e4mna revisionsber\u00e4ttelse senast 14 dagar f\u00f6re \u00e5rsm\u00f6tet.<\/p>\n\n\n\n<p><strong>M\u00d6TEN<\/strong><\/p>\n\n\n\n<p><strong>\u00a712<\/strong> F\u00f6reningen h\u00e5ller \u00e5rsm\u00f6te i mars varje \u00e5r.<\/p>\n\n\n\n<p>Styrelsen best\u00e4mmer tidpunkt och plats f\u00f6r \u00e5rsm\u00f6te och \u00f6vriga m\u00f6ten.<\/p>\n\n\n\n<p>Kallelse j\u00e4mte dagordning f\u00f6r \u00e5rsm\u00f6tet kung\u00f6rs senast 2 veckor f\u00f6re m\u00f6tet av styrelsen genom personlig kallelse eller f\u00f6reningsmeddelande i lokal tidning.<\/p>\n\n\n\n<p>Styrelsen skall h\u00e5lla redovisningshandlingarna och revisionsber\u00e4ttelsen tillg\u00e4ngliga f\u00f6r medlemmarna senast en vecka f\u00f6re \u00e5rsm\u00f6tet.<\/p>\n\n\n\n<p><strong>\u00a713<\/strong> Varje medlem som \u00e4r n\u00e4rvarande har r\u00f6str\u00e4tt p\u00e5 m\u00f6tet.<\/p>\n\n\n\n<p><strong>\u00a714<\/strong> M\u00f6tet \u00e4r beslutsm\u00e4ssigt med det antal r\u00f6stber\u00e4ttigade medlemmar, som \u00e4r n\u00e4rvarande p\u00e5 m\u00f6tet.<\/p>\n\n\n\n<p><strong>\u00a715<\/strong> Vid \u00e5rsm\u00f6tet f\u00f6rekommer f\u00f6ljande \u00e4renden:<br>1. Fr\u00e5ga om m\u00f6tet har utlysts p\u00e5 r\u00e4tt s\u00e4tt.<br>2. Fastst\u00e4llande av dagordning.<br>3. Val av ordf\u00f6rande samt sekreterare f\u00f6r m\u00f6tet.<br>4. Val av justeringsm\u00e4n, som j\u00e4mte ordf\u00f6randen skall justera m\u00f6tesprotokollet.<br>5. Redog\u00f6relse f\u00f6r f\u00f6reg\u00e5ende \u00e5rs verksamhet.<br>6. Revisorernas ber\u00e4ttelse \u00f6ver styrelsens f\u00f6rvaltning under det senaste r\u00e4kenskaps\u00e5ret.<br>7. Fr\u00e5ga om ansvarsfrihet f\u00f6r styrelsen.<br>8. Val av<br>a) f\u00f6reningens ordf\u00f6rande, tillika styrelsens ordf\u00f6rande<br>b) \u00f6vriga styrelseledam\u00f6ter<br>c) 2 ers\u00e4ttare i styrelsen med f\u00f6r dem fastst\u00e4lld turordning<br>d) en revisor j\u00e4mte ers\u00e4ttare<br>e) valberedning<br>9. Fastst\u00e4llande av medlemsavgiften f\u00f6r n\u00e4st kommande \u00e5r.<br>10. Behandling av f\u00f6rslag, som v\u00e4ckts av styrelsen eller<br>inl\u00e4mnats till styrelsen av r\u00f6stber\u00e4ttigad medlem minst 21 dagar, dock f\u00f6r f\u00f6rslag om stadge\u00e4ndring eller uppl\u00f6sning sv f\u00f6reningen skall inl\u00e4mnas senast 30 dagar, f\u00f6re m\u00f6tet.<br>11. \u00d6vriga fr\u00e5gor.<br>Ett f\u00f6rslag som tas upp under punkten \u201d\u00d6vriga fr\u00e5gor\u201d och som \u00e4r av \u201dekonomisk natur\u201d ska inte tas beslut p\u00e5 h\u00e4r, utan remitteras till ordinarie styrelsem\u00f6te. Sk\u00e4let \u00e4r att minska risken att d\u00e5ligt underbyggda beslut fattas.<\/p>\n\n\n\n<p><strong>EXTRA M\u00d6TE<\/strong><\/p>\n\n\n\n<p><strong>\u00a716<\/strong> Styrelsen f\u00e5r kalla f\u00f6reningens medlemmar till extra m\u00f6te, om s\u00e5dant m\u00f6te beh\u00f6vs.<\/p>\n\n\n\n<p>Vidare \u00e4r styrelsen skyldig att kalla till extra m\u00f6te, n\u00e4r revisorerna med angivande av sk\u00e4l skriftligen s\u00e5 kr\u00e4ver, eller n\u00e4r det f\u00f6r angivet \u00e4ndam\u00e5l beg\u00e4rs av minst en tiondel av f\u00f6reningens r\u00f6stber\u00e4ttigade medlemmar.<\/p>\n\n\n\n<p>Underl\u00e5ter styrelsen att inom 14 dagar kalla till m\u00f6tet, f\u00e5r den som kr\u00e4vt m\u00f6tet kalla till detta.<\/p>\n\n\n\n<p>Kallelse j\u00e4mte dagordning f\u00f6r extra m\u00f6te \u00f6vers\u00e4nds senast 7 dagar f\u00f6re m\u00f6tet av styrelsen genom personlig kallelse eller f\u00f6reningsmeddelande i lokal tidning. Av kallelsen skall det framg\u00e5 vilka \u00e4renden som ska behandlas.<\/p>\n\n\n\n<p><strong>BESLUT, OMR\u00d6STNING<\/strong><\/p>\n\n\n\n<p><strong>\u00a717<\/strong> Beslut fattas med acklamation (dvs. med ja- eller nejrop) eller efter omr\u00f6stning (votering) om s\u00e5dan beg\u00e4rs.<br>Omr\u00f6stning sker \u00f6ppet, dock att val skall ske med slutna sedlar, om r\u00f6stber\u00e4ttigad medlem s\u00e5 beg\u00e4r.<br>Vid omr\u00f6stning som ej avser val g\u00e4ller vid lika r\u00f6stetal det f\u00f6rslag som bitr\u00e4ds av ordf\u00f6randen vid m\u00f6tet, om han \u00e4r r\u00f6stber\u00e4ttigad.<br>\u00c4r han inte r\u00f6stber\u00e4ttigad avg\u00f6r lotten. Vid val skall i h\u00e4ndelse av lika r\u00f6stetal lotten avg\u00f6ra.<\/p>\n\n\n\n<p>Beslut bekr\u00e4ftas med klubbslag.<\/p>\n\n\n\n<p><strong>UTESLUTNING<\/strong><\/p>\n\n\n\n<p><strong>\u00a718<\/strong> Medlem f\u00e5r inte uteslutas ur f\u00f6reningen av annan anledning \u00e4n att den har f\u00f6rsummat att betala beslutade avgifter.<\/p>\n\n\n\n<p><strong>STADGE\u00c4NDRING<\/strong><\/p>\n\n\n\n<p><strong>\u00a719<\/strong> Endast \u00e5rsm\u00f6tet f\u00e5r \u00e4ndra dessa stadgar. I s\u00e5dant fall kr\u00e4vs att minst 2\/3 av antalet avgivna r\u00f6ster bifaller beslutet.<\/p>\n","protected":false},"excerpt":{"rendered":"<p>Stadgar f\u00f6r Gamla Brukspojkars Klubb Fastst\u00e4llda av Gamla Brukspojkars Klubb vid extra \u00e5rsm\u00f6tet den 21 november, 2019. F\u00d6RENINGENS M\u00c5L OCH INRIKTNING F\u00f6reningen \u00e4r en ideell f\u00f6rening och har som \u00e4ndam\u00e5l [&hellip;]<\/p>\n","protected":false},"author":3,"featured_media":0,"parent":0,"menu_order":0,"comment_status":"closed","ping_status":"closed","template":"","meta":{"footnotes":""},"class_list":["post-374","page","type-page","status-publish","hentry"],"_links":{"self":[{"href":"https:\/\/mockelnforeningarna.se\/brukspojkarna\/wp-json\/wp\/v2\/pages\/374","targetHints":{"allow":["GET"]}}],"collection":[{"href":"https:\/\/mockelnforeningarna.se\/brukspojkarna\/wp-json\/wp\/v2\/pages"}],"about":[{"href":"https:\/\/mockelnforeningarna.se\/brukspojkarna\/wp-json\/wp\/v2\/types\/page"}],"author":[{"embeddable":true,"href":"https:\/\/mockelnforeningarna.se\/brukspojkarna\/wp-json\/wp\/v2\/users\/3"}],"replies":[{"embeddable":true,"href":"https:\/\/mockelnforeningarna.se\/brukspojkarna\/wp-json\/wp\/v2\/comments?post=374"}],"version-history":[{"count":1,"href":"https:\/\/mockelnforeningarna.se\/brukspojkarna\/wp-json\/wp\/v2\/pages\/374\/revisions"}],"predecessor-version":[{"id":625,"href":"https:\/\/mockelnforeningarna.se\/brukspojkarna\/wp-json\/wp\/v2\/pages\/374\/revisions\/625"}],"wp:attachment":[{"href":"https:\/\/mockelnforeningarna.se\/brukspojkarna\/wp-json\/wp\/v2\/media?parent=374"}],"curies":[{"name":"wp","href":"https:\/\/api.w.org\/{rel}","templated":true}]}}