{"id":197,"date":"2014-08-05T16:16:47","date_gmt":"2014-08-05T14:16:47","guid":{"rendered":"https:\/\/mockelnforeningarna.se\/ddk\/?page_id=197"},"modified":"2024-05-22T11:10:54","modified_gmt":"2024-05-22T09:10:54","slug":"historik-2010-2","status":"publish","type":"page","link":"https:\/\/mockelnforeningarna.se\/ddk\/historik\/historik-2010-2\/","title":{"rendered":"Historik 2010"},"content":{"rendered":"\n<p>2010-12-26<br>Under december bj\u00f6d klubben p\u00e5 gl\u00f6gg och pepparkaka under pausen.<\/p>\n\n\n\n<p>2010-09-25<br>20 \u00e5rs jubileum firades p\u00e5 Tunet i Degerfors med mat, dryck, kaffe, t\u00e5rta och dans. Dansade gjorde man till Dreams orkester. Festen var mycket uppskattad av de 40 medlemmar som var med p\u00e5 festen.<\/p>\n\n\n\n<p>2010-09-19<br>H\u00f6stm\u00f6te under ordinarie s\u00f6ndagsdans. 23 stycken medlemmar var n\u00e4rvarande p\u00e5 m\u00f6tet.<\/p>\n\n\n\n<p>2010-08-15<br>Inf\u00f6r dansstart ordnades en tr\u00e4ff d\u00e4r vi spelade br\u00e4nnboll, kubb och grillade vid sandviksbadet i Karlskoga. Endast 6 medlemmar sl\u00f6t upp.<\/p>\n\n\n\n<p>2010-06-20<br>Sista dansen innan sommaruppeh\u00e5llet hade temat Sol och Sommar. Det bj\u00f6ds p\u00e5 sommarb\u00e5l, jordgubbar och snacks.<\/p>\n\n\n\n<p>2010-05-29<br>Denna heldag inneh\u00f6ll dressin\u00e5kning fr\u00e5n \u00c4ngeb\u00e4ck med \u00f6verraskningar fr\u00e5n festkomitten under f\u00e4rden. Lunchpaus gjordes i Mosstorp innan f\u00e4rden gick tillbaka till \u00c4ngeb\u00e4ck. 19 stycken medlemmar deltog och kostnaden var 100:- per medlem.<\/p>\n\n\n\n<p>2010-04-23-24<br>Klubben ordnade Dansresa till Lidk\u00f6ping d\u00e4r vi dansade till Blender, Scotts, Kindbergs och Wahlstr\u00f6ms. Klubben bj\u00f6d p\u00e5 resan f\u00f6r de 16 medlemmar som deltog.<\/p>\n\n\n\n<p>2010-03-21<br>\u00c5rsm\u00f6te i Degerfors Folkets hus d\u00e4r 26 medlemmar deltog.<\/p>\n\n\n\n<p>Klubben prenumererar p\u00e5 &#8221;F\u00e5r jag lov&#8221; tidningen som finns att l\u00e4sa p\u00e5 s\u00f6ndagsdansen.<\/p>\n\n\n\n<p>Chokladaskar har delats ut till Folkets hus och till Nisse Jacobsson p\u00e5 Jacobssons buss.<\/p>\n\n\n\n<p>Aktivitetsutskick har gjorts under juni och december till samtliga medlemmar.<\/p>\n\n\n\n<p>Antalet medlemmar i klubben under 2010 var 106&nbsp;stycken.<\/p>\n\n\n\n<p>Vi har dansat 45 s\u00f6ndagar under 2010(25 p\u00e5 v\u00e5ren och 20 p\u00e5 h\u00f6sten).<\/p>\n\n\n\n<p>Under verksamhets\u00e5ret 2010 har 9&nbsp;stycken protokollf\u00f6rda m\u00f6ten h\u00e5llits, varav tv\u00e5 medlemsm\u00f6ten.<\/p>\n","protected":false},"excerpt":{"rendered":"<p>2010-12-26Under december bj\u00f6d klubben p\u00e5 gl\u00f6gg och pepparkaka under pausen. 2010-09-2520 \u00e5rs jubileum firades p\u00e5 Tunet i Degerfors med mat, dryck, kaffe, t\u00e5rta och dans. Dansade gjorde man till Dreams [&hellip;]<\/p>\n","protected":false},"author":11,"featured_media":0,"parent":4602,"menu_order":2010,"comment_status":"open","ping_status":"closed","template":"","meta":{"footnotes":""},"class_list":["post-197","page","type-page","status-publish","hentry"],"_links":{"self":[{"href":"https:\/\/mockelnforeningarna.se\/ddk\/wp-json\/wp\/v2\/pages\/197","targetHints":{"allow":["GET"]}}],"collection":[{"href":"https:\/\/mockelnforeningarna.se\/ddk\/wp-json\/wp\/v2\/pages"}],"about":[{"href":"https:\/\/mockelnforeningarna.se\/ddk\/wp-json\/wp\/v2\/types\/page"}],"author":[{"embeddable":true,"href":"https:\/\/mockelnforeningarna.se\/ddk\/wp-json\/wp\/v2\/users\/11"}],"replies":[{"embeddable":true,"href":"https:\/\/mockelnforeningarna.se\/ddk\/wp-json\/wp\/v2\/comments?post=197"}],"version-history":[{"count":2,"href":"https:\/\/mockelnforeningarna.se\/ddk\/wp-json\/wp\/v2\/pages\/197\/revisions"}],"predecessor-version":[{"id":5361,"href":"https:\/\/mockelnforeningarna.se\/ddk\/wp-json\/wp\/v2\/pages\/197\/revisions\/5361"}],"up":[{"embeddable":true,"href":"https:\/\/mockelnforeningarna.se\/ddk\/wp-json\/wp\/v2\/pages\/4602"}],"wp:attachment":[{"href":"https:\/\/mockelnforeningarna.se\/ddk\/wp-json\/wp\/v2\/media?parent=197"}],"curies":[{"name":"wp","href":"https:\/\/api.w.org\/{rel}","templated":true}]}}