{"id":29,"date":"2019-06-18T16:58:42","date_gmt":"2019-06-18T14:58:42","guid":{"rendered":"https:\/\/mockelnforeningarna.se\/fmn\/?page_id=29"},"modified":"2022-11-24T18:46:06","modified_gmt":"2022-11-24T17:46:06","slug":"kontakta-oss","status":"publish","type":"page","link":"https:\/\/mockelnforeningarna.se\/fmn\/kontakta-oss\/","title":{"rendered":"Kontakta oss"},"content":{"rendered":"\n<h4 class=\"wp-block-heading\"><span class=\"s2\">F\u00f6r\u00e4ldraf\u00f6reningen&nbsp;Mot&nbsp;Narkotika, FMN&nbsp;\u2013&nbsp;Kristinehamn <\/span><\/h4>\n\n\n\n<ul class=\"wp-block-list\">\n<li><span class=\"s2\">S\u00f6dra Staketgatan 36<\/span><\/li>\n\n\n\n<li><span class=\"s2\">681 31 Kristinehamn<\/span><\/li>\n\n\n\n<li><span class=\"s2\">Tel 0550 163 18, 0707 591869<\/span><img loading=\"lazy\" decoding=\"async\" class=\"wp-image-292 alignright\" src=\"https:\/\/mockelnforeningarna.se\/app\/uploads\/sites\/14\/2021\/10\/online-moten18-1-300x300.jpg\" alt=\"\" width=\"170\" height=\"170\"><\/li>\n\n\n\n<li><span class=\"s3\">E-post <a href=\"mailto:varmland@fmn.se\"><span class=\"s4\">varmland@fmn.se<\/span><\/a><\/span><\/li>\n\n\n\n<li><span class=\"s2\">Plusgiro 400056-8&nbsp;&nbsp;&nbsp;&nbsp;<\/span><\/li>\n<\/ul>\n\n\n\n<h4 class=\"wp-block-heading\"><span class=\"s2\">&nbsp;&nbsp;&nbsp; <\/span><span class=\"s2\">Kontaktgrupp Karlskoga\/Degerfors\/Lax\u00e5<\/span><\/h4>\n\n\n\n<ul class=\"wp-block-list\">\n<li>Degerfors: Info Center Medborgargatan 2<\/li>\n\n\n\n<li><span class=\"s2\">Karlskoga: M\u00f6ckelnf\u00f6reningarnas lokal&nbsp;<\/span><\/li>\n\n\n\n<li><span class=\"s2\">Tel: 0707-591917<\/span><\/li>\n\n\n\n<li><span class=\"s3\">E-post <a href=\"mailto:varmland@fmn.se\"><span class=\"s4\">varmland@fmn.se<\/span><\/a><\/span><\/li>\n\n\n\n<li><span class=\"s2\">Plusgiro 400056-8&nbsp;&nbsp;&nbsp;&nbsp;&nbsp;&nbsp;&nbsp; <\/span><\/li>\n<\/ul>\n\n\n\n<p><span class=\"s2\">Telefon till medlemmar i styrelsen: se flik Styrelse.<\/span><\/p>\n\n\n\n<p><b>Vi finns p\u00e5 telefon f\u00f6r R\u00e5dgivningssamtal och nytt \u00e4r att vi erbjuder r\u00e5dgivningssamtal via l\u00e4nk p\u00e5 Zoom.<\/b><\/p>\n\n\n\n<p><span class=\"s2\">Vi finns p\u00e5 <a href=\"https:\/\/www.facebook.com\/groups\/979320528906052\/\">Facebook<\/a><\/span><\/p>\n\n\n\n<p><span class=\"s2\">D<strong>u n\u00e5r oss s\u00e4krast p\u00e5 v\u00e5r e-mail:<\/strong> <span class=\"s3\"><a href=\"mailto:varmland@fmn.se\"><span class=\"s4\">varmland@fmn.se<\/span><\/a><\/span><\/span><\/p>\n\n\n\n<p><span class=\"s2\">Ringer Du p\u00e5 telefon och vi inte kan svara, var god och l\u00e4mna ett meddelande eller skicka ett sms s\u00e5 h\u00f6r vi av oss.<\/span><\/p>\n\n\n\n<p><span class=\"s2\"><b>Vi blir starka tillsammans!<\/b><\/span><\/p>\n","protected":false},"excerpt":{"rendered":"<p>F\u00f6r\u00e4ldraf\u00f6reningen&nbsp;Mot&nbsp;Narkotika, FMN&nbsp;\u2013&nbsp;Kristinehamn &nbsp;&nbsp;&nbsp; Kontaktgrupp Karlskoga\/Degerfors\/Lax\u00e5 Telefon till medlemmar i styrelsen: se flik Styrelse. Vi finns p\u00e5 telefon f\u00f6r R\u00e5dgivningssamtal och nytt \u00e4r att vi erbjuder r\u00e5dgivningssamtal via l\u00e4nk p\u00e5 Zoom. [&hellip;]<\/p>\n","protected":false},"author":3,"featured_media":0,"parent":0,"menu_order":0,"comment_status":"closed","ping_status":"closed","template":"","meta":{"footnotes":""},"class_list":["post-29","page","type-page","status-publish","hentry"],"_links":{"self":[{"href":"https:\/\/mockelnforeningarna.se\/fmn\/wp-json\/wp\/v2\/pages\/29","targetHints":{"allow":["GET"]}}],"collection":[{"href":"https:\/\/mockelnforeningarna.se\/fmn\/wp-json\/wp\/v2\/pages"}],"about":[{"href":"https:\/\/mockelnforeningarna.se\/fmn\/wp-json\/wp\/v2\/types\/page"}],"author":[{"embeddable":true,"href":"https:\/\/mockelnforeningarna.se\/fmn\/wp-json\/wp\/v2\/users\/3"}],"replies":[{"embeddable":true,"href":"https:\/\/mockelnforeningarna.se\/fmn\/wp-json\/wp\/v2\/comments?post=29"}],"version-history":[{"count":1,"href":"https:\/\/mockelnforeningarna.se\/fmn\/wp-json\/wp\/v2\/pages\/29\/revisions"}],"predecessor-version":[{"id":408,"href":"https:\/\/mockelnforeningarna.se\/fmn\/wp-json\/wp\/v2\/pages\/29\/revisions\/408"}],"wp:attachment":[{"href":"https:\/\/mockelnforeningarna.se\/fmn\/wp-json\/wp\/v2\/media?parent=29"}],"curies":[{"name":"wp","href":"https:\/\/api.w.org\/{rel}","templated":true}]}}