{"id":320,"date":"2019-06-18T16:39:03","date_gmt":"2019-06-18T14:39:03","guid":{"rendered":"https:\/\/mockelnforeningarna.se\/fmn\/?page_id=4"},"modified":"2022-12-27T12:45:44","modified_gmt":"2022-12-27T11:45:44","slug":"hem","status":"publish","type":"page","link":"https:\/\/mockelnforeningarna.se\/fmn\/","title":{"rendered":"Hem"},"content":{"rendered":"<div id=\"gutenslider-n7gzuklrn\" class=\"wp-block-eedee-block-gutenslider content-fixed alignfull arrow-style-1 arrow-position-sides arrow-mb-none arrows-lg arrows-md arrows-sm dot-style-1 dots-lg dots-md dots-sm dot-position-bottom is-position-center-center mb-none\" style=\"--gutenslider-min-height: 69vh;--gutenslider-arrow-size: 30px;--gutenslider-dot-size: 25px;--gutenslider-arrow-color: #ffffff;--gutenslider-dot-color: #ffffff;--gutenslider-padding-y-mobile: 40px;--gutenslider-padding-x-mobile: 40px;--gutenslider-padding-y-tablet: 40px;--gutenslider-padding-x-tablet: 40px;--gutenslider-padding-y-desktop: 40px;--gutenslider-padding-x-desktop: 40px;--gutenslider-bg-image: url();--gutenslider-min-height-md: 50vh;--gutenslider-min-height-sm: 50vh;--gutenslider-padding-x: 40px;--gutenslider-padding-x-md: 40px;--gutenslider-padding-x-sm: 20px;--gutenslider-padding-y: 40px;--gutenslider-padding-y-md: 40px;--gutenslider-padding-y-sm: 20px;--gutenslider-arrow-size-md: 30px;--gutenslider-arrow-size-sm: 30px;--gutenslider-dot-size-md: 25px;--gutenslider-dot-size-sm: 25px;--gutenslider-arrow-bg-color: transparent;--gutenslider-arrow-hover-color: #eeeeee;--gutenslider-arrow-bg-hover-color: transparent;--gutenslider-arrow-x-offset: 10px;--gutenslider-arrow-x-offset-md: 10px;--gutenslider-arrow-x-offset-sm: 10px;--gutenslider-arrow-y-offset: 0px;--gutenslider-arrow-y-offset-md: 0px;--gutenslider-arrow-y-offset-sm: 0px;--gutenslider-arrow-x-spacing: 0px;--gutenslider-dot-y-offset: 10px;--gutenslider-dot-y-offset-md: 10px;--gutenslider-dot-y-offset-sm: 10px;--gutenslider-margin-x: 0px;--gutenslider-margin-x-md: 0px;--gutenslider-margin-x-sm: 0px;--gutenslider-margin-y: 0px;--gutenslider-margin-y-md: 0px;--gutenslider-margin-y-sm: 0px;--gutenslider-divider-top: 60px;--gutenslider-divider-bottom: 60px;--gutenslider-lightgallery-bg: #ffffff;--gutenslider-lightgallery-font: #000000;\" data-parallax-direction=\"down\" data-parallax-amount=\"1.3\" data-lg-transition=\"lg-slide\" data-hash=\"\"><div class=\"eedee-swiper-outer\"><div class=\"gutenslider-divider-top\" style=\"color:#fff; height:60px;\"><\/div><div class=\"swiper\" data-settings='{\"autoplay\":{\"delay\":3000,\"pauseOnMouseEnter\":true,\"disableOnInteraction\":false},\"speed\":700,\"direction\":\"horizontal\",\"autoHeight\":\"\",\"loop\":true,\"centeredSlides\":true,\"spaceBetween\":0,\"slidesPerView\":1,\"slidesPerGroup\":1,\"effect\":\"fade\",\"coverflowEffect\":{\"rotate\":30,\"slideShadows\":false,\"depth\":100,\"stretch\":50,\"modifier\":1},\"fadeEffect\":{\"crossFade\":true},\"zoom\":\"\",\"navigation\":{\"nextEl\":\"#gutenslider-n7gzuklrn .eedee-gutenslider-next\",\"prevEl\":\"#gutenslider-n7gzuklrn .eedee-gutenslider-prev\"},\"pagination\":{\"type\":\"bullets\",\"clickable\":true,\"dynamicBullets\":false,\"el\":\"#gutenslider-n7gzuklrn .eedee-gutenslider-pagination\"},\"pauseOnHover\":\"1\",\"watchSlidesProgress\":true,\"watchSlidesVisibility\":true,\"settingsMd\":{\"autoHeight\":\"\",\"slidesPerView\":1,\"slidesPerGroup\":1,\"spaceBetween\":0},\"settingsLg\":{\"autoHeight\":\"\",\"slidesPerView\":1,\"slidesPerGroup\":1,\"spaceBetween\":0},\"hasLg\":false,\"hasLgCounter\":true,\"isFullScreen\":false,\"arrowsFollowMouse\":false,\"lgTitle\":\"none\",\"lgCaption\":\"none\",\"lgThumbnails\":true,\"keyboard\":{\"keyboard\":{\"enabled\":true,\"onlyInViewport\":true}},\"hashNavigation\":false}'><div class=\"swiper-wrapper\">\n<div class=\"swiper-slide wp-block-eedee-block-gutenslide is-position-center-center ed-bg-image\" style=\"--ed-vw:300;--ed-vh:209;\" data-hash=\"\"><div class=\"eedee-background-div bg-image\"><img loading=\"lazy\" decoding=\"async\" width=\"963\" height=\"670\" class=\"swiper-lazy wp-image-10\" src=\"https:\/\/mockelnforeningarna.se\/app\/uploads\/sites\/14\/2019\/06\/Karlskoga_Torget__Stadshotellet_Buss_141010_963.jpg\" alt=\"\" style=\"object-fit: cover; object-position: 50% 50%;\" srcset=\"https:\/\/mockelnforeningarna.se\/app\/uploads\/sites\/14\/2019\/06\/Karlskoga_Torget__Stadshotellet_Buss_141010_963.jpg 963w, https:\/\/mockelnforeningarna.se\/app\/uploads\/sites\/14\/2019\/06\/Karlskoga_Torget__Stadshotellet_Buss_141010_963-300x209.jpg 300w, https:\/\/mockelnforeningarna.se\/app\/uploads\/sites\/14\/2019\/06\/Karlskoga_Torget__Stadshotellet_Buss_141010_963-768x534.jpg 768w, https:\/\/mockelnforeningarna.se\/app\/uploads\/sites\/14\/2019\/06\/Karlskoga_Torget__Stadshotellet_Buss_141010_963-800x557.jpg 800w, https:\/\/mockelnforeningarna.se\/app\/uploads\/sites\/14\/2019\/06\/Karlskoga_Torget__Stadshotellet_Buss_141010_963-500x348.jpg 500w, https:\/\/mockelnforeningarna.se\/app\/uploads\/sites\/14\/2019\/06\/Karlskoga_Torget__Stadshotellet_Buss_141010_963-600x417.jpg 600w\" sizes=\"auto, (max-width: 963px) 100vw, 963px\" \/><div class=\"eedee-background-div__overlay\" style=\"opacity:1;\"><\/div><\/div><div class=\"slide-content\">\n\n<p class=\"has-text-align-center gutenslider-content-initial has-larger-font-size\"><\/p>\n\n<\/div><\/div>\n\n<div class=\"swiper-slide wp-block-eedee-block-gutenslide is-position-center-center ed-bg-image\" style=\"--ed-vw:300;--ed-vh:166;\" data-hash=\"\"><div class=\"eedee-background-div bg-image\"><img loading=\"lazy\" decoding=\"async\" width=\"1024\" height=\"567\" class=\"swiper-lazy wp-image-11\" src=\"https:\/\/mockelnforeningarna.se\/app\/uploads\/sites\/14\/2019\/06\/Komunhuset_Laxa-1024x567-1.jpg\" alt=\"\" style=\"object-fit: cover; object-position: 50% 50%;\" srcset=\"https:\/\/mockelnforeningarna.se\/app\/uploads\/sites\/14\/2019\/06\/Komunhuset_Laxa-1024x567-1.jpg 1024w, https:\/\/mockelnforeningarna.se\/app\/uploads\/sites\/14\/2019\/06\/Komunhuset_Laxa-1024x567-1-300x166.jpg 300w, https:\/\/mockelnforeningarna.se\/app\/uploads\/sites\/14\/2019\/06\/Komunhuset_Laxa-1024x567-1-768x425.jpg 768w, https:\/\/mockelnforeningarna.se\/app\/uploads\/sites\/14\/2019\/06\/Komunhuset_Laxa-1024x567-1-800x443.jpg 800w, https:\/\/mockelnforeningarna.se\/app\/uploads\/sites\/14\/2019\/06\/Komunhuset_Laxa-1024x567-1-500x277.jpg 500w, https:\/\/mockelnforeningarna.se\/app\/uploads\/sites\/14\/2019\/06\/Komunhuset_Laxa-1024x567-1-600x332.jpg 600w\" sizes=\"auto, (max-width: 1024px) 100vw, 1024px\" \/><div class=\"eedee-background-div__overlay\" style=\"opacity:1;\"><\/div><\/div><div class=\"slide-content\">\n\n<p class=\"has-text-align-center gutenslider-content-initial has-larger-font-size\"><\/p>\n\n<\/div><\/div>\n\n<div class=\"swiper-slide wp-block-eedee-block-gutenslide is-position-center-center ed-bg-image\" style=\"--ed-vw:300;--ed-vh:203;\" data-hash=\"\"><div class=\"eedee-background-div bg-image\"><img loading=\"lazy\" decoding=\"async\" width=\"1024\" height=\"692\" class=\"swiper-lazy wp-image-12\" src=\"https:\/\/mockelnforeningarna.se\/app\/uploads\/sites\/14\/2019\/06\/Kristinehamn-1024x692-1.jpg\" alt=\"\" style=\"object-fit: cover; object-position: 50% 50%;\" srcset=\"https:\/\/mockelnforeningarna.se\/app\/uploads\/sites\/14\/2019\/06\/Kristinehamn-1024x692-1.jpg 1024w, https:\/\/mockelnforeningarna.se\/app\/uploads\/sites\/14\/2019\/06\/Kristinehamn-1024x692-1-300x203.jpg 300w, https:\/\/mockelnforeningarna.se\/app\/uploads\/sites\/14\/2019\/06\/Kristinehamn-1024x692-1-768x519.jpg 768w, https:\/\/mockelnforeningarna.se\/app\/uploads\/sites\/14\/2019\/06\/Kristinehamn-1024x692-1-800x541.jpg 800w, https:\/\/mockelnforeningarna.se\/app\/uploads\/sites\/14\/2019\/06\/Kristinehamn-1024x692-1-500x338.jpg 500w, https:\/\/mockelnforeningarna.se\/app\/uploads\/sites\/14\/2019\/06\/Kristinehamn-1024x692-1-600x405.jpg 600w\" sizes=\"auto, (max-width: 1024px) 100vw, 1024px\" \/><div class=\"eedee-background-div__overlay\" style=\"opacity:1;\"><\/div><\/div><div class=\"slide-content\">\n\n<p class=\"has-text-align-center gutenslider-content-initial has-larger-font-size\"><\/p>\n\n<\/div><\/div>\n\n<div class=\"swiper-slide wp-block-eedee-block-gutenslide is-position-center-center ed-bg-image\" style=\"--ed-vw:300;--ed-vh:128;\" data-hash=\"\"><div class=\"eedee-background-div bg-image\"><img loading=\"lazy\" decoding=\"async\" width=\"1024\" height=\"438\" class=\"swiper-lazy wp-image-87\" src=\"https:\/\/mockelnforeningarna.se\/app\/uploads\/sites\/14\/2019\/06\/Degerfors_brandstation6-1024x438.jpeg\" alt=\"\" style=\"object-fit: cover; object-position: 50% 50%;\" srcset=\"https:\/\/mockelnforeningarna.se\/app\/uploads\/sites\/14\/2019\/06\/Degerfors_brandstation6-1024x438.jpeg 1024w, https:\/\/mockelnforeningarna.se\/app\/uploads\/sites\/14\/2019\/06\/Degerfors_brandstation6-300x128.jpeg 300w, https:\/\/mockelnforeningarna.se\/app\/uploads\/sites\/14\/2019\/06\/Degerfors_brandstation6-768x329.jpeg 768w, https:\/\/mockelnforeningarna.se\/app\/uploads\/sites\/14\/2019\/06\/Degerfors_brandstation6-1536x657.jpeg 1536w, https:\/\/mockelnforeningarna.se\/app\/uploads\/sites\/14\/2019\/06\/Degerfors_brandstation6-2048x877.jpeg 2048w, https:\/\/mockelnforeningarna.se\/app\/uploads\/sites\/14\/2019\/06\/Degerfors_brandstation6-1600x685.jpeg 1600w, https:\/\/mockelnforeningarna.se\/app\/uploads\/sites\/14\/2019\/06\/Degerfors_brandstation6-1400x599.jpeg 1400w, https:\/\/mockelnforeningarna.se\/app\/uploads\/sites\/14\/2019\/06\/Degerfors_brandstation6-800x342.jpeg 800w, https:\/\/mockelnforeningarna.se\/app\/uploads\/sites\/14\/2019\/06\/Degerfors_brandstation6-500x214.jpeg 500w, https:\/\/mockelnforeningarna.se\/app\/uploads\/sites\/14\/2019\/06\/Degerfors_brandstation6-1440x616.jpeg 1440w, https:\/\/mockelnforeningarna.se\/app\/uploads\/sites\/14\/2019\/06\/Degerfors_brandstation6-600x257.jpeg 600w\" sizes=\"auto, (max-width: 1024px) 100vw, 1024px\" \/><div class=\"eedee-background-div__overlay\" style=\"opacity:1;\"><\/div><\/div><div class=\"slide-content\">\n\n<p class=\"has-text-align-center gutenslider-content-initial has-larger-font-size\"><\/p>\n\n<\/div><\/div>\n<\/div><\/div><div class=\"wp-block-eedee-gutenslider__content co-1\">\n<div class=\"swiper-slide wp-block-eedee-block-gutenslide is-position-center-center ed-bg-image\" style=\"--ed-vw:300;--ed-vh:209;\" data-hash=\"\"><div class=\"eedee-background-div bg-image\"><img loading=\"lazy\" decoding=\"async\" width=\"963\" height=\"670\" class=\"swiper-lazy wp-image-10\" src=\"https:\/\/mockelnforeningarna.se\/app\/uploads\/sites\/14\/2019\/06\/Karlskoga_Torget__Stadshotellet_Buss_141010_963.jpg\" alt=\"\" style=\"object-fit: cover; object-position: 50% 50%;\" srcset=\"https:\/\/mockelnforeningarna.se\/app\/uploads\/sites\/14\/2019\/06\/Karlskoga_Torget__Stadshotellet_Buss_141010_963.jpg 963w, https:\/\/mockelnforeningarna.se\/app\/uploads\/sites\/14\/2019\/06\/Karlskoga_Torget__Stadshotellet_Buss_141010_963-300x209.jpg 300w, https:\/\/mockelnforeningarna.se\/app\/uploads\/sites\/14\/2019\/06\/Karlskoga_Torget__Stadshotellet_Buss_141010_963-768x534.jpg 768w, https:\/\/mockelnforeningarna.se\/app\/uploads\/sites\/14\/2019\/06\/Karlskoga_Torget__Stadshotellet_Buss_141010_963-800x557.jpg 800w, https:\/\/mockelnforeningarna.se\/app\/uploads\/sites\/14\/2019\/06\/Karlskoga_Torget__Stadshotellet_Buss_141010_963-500x348.jpg 500w, https:\/\/mockelnforeningarna.se\/app\/uploads\/sites\/14\/2019\/06\/Karlskoga_Torget__Stadshotellet_Buss_141010_963-600x417.jpg 600w\" sizes=\"auto, (max-width: 963px) 100vw, 963px\" \/><div class=\"eedee-background-div__overlay\" style=\"opacity:1;\"><\/div><\/div><div class=\"slide-content\">\n\n<p class=\"has-text-align-center gutenslider-content-initial has-larger-font-size\"><\/p>\n\n<\/div><\/div>\n\n<div class=\"swiper-slide wp-block-eedee-block-gutenslide is-position-center-center ed-bg-image\" style=\"--ed-vw:300;--ed-vh:166;\" data-hash=\"\"><div class=\"eedee-background-div bg-image\"><img loading=\"lazy\" decoding=\"async\" width=\"1024\" height=\"567\" class=\"swiper-lazy wp-image-11\" src=\"https:\/\/mockelnforeningarna.se\/app\/uploads\/sites\/14\/2019\/06\/Komunhuset_Laxa-1024x567-1.jpg\" alt=\"\" style=\"object-fit: cover; object-position: 50% 50%;\" srcset=\"https:\/\/mockelnforeningarna.se\/app\/uploads\/sites\/14\/2019\/06\/Komunhuset_Laxa-1024x567-1.jpg 1024w, https:\/\/mockelnforeningarna.se\/app\/uploads\/sites\/14\/2019\/06\/Komunhuset_Laxa-1024x567-1-300x166.jpg 300w, https:\/\/mockelnforeningarna.se\/app\/uploads\/sites\/14\/2019\/06\/Komunhuset_Laxa-1024x567-1-768x425.jpg 768w, https:\/\/mockelnforeningarna.se\/app\/uploads\/sites\/14\/2019\/06\/Komunhuset_Laxa-1024x567-1-800x443.jpg 800w, https:\/\/mockelnforeningarna.se\/app\/uploads\/sites\/14\/2019\/06\/Komunhuset_Laxa-1024x567-1-500x277.jpg 500w, https:\/\/mockelnforeningarna.se\/app\/uploads\/sites\/14\/2019\/06\/Komunhuset_Laxa-1024x567-1-600x332.jpg 600w\" sizes=\"auto, (max-width: 1024px) 100vw, 1024px\" \/><div class=\"eedee-background-div__overlay\" style=\"opacity:1;\"><\/div><\/div><div class=\"slide-content\">\n\n<p class=\"has-text-align-center gutenslider-content-initial has-larger-font-size\"><\/p>\n\n<\/div><\/div>\n\n<div class=\"swiper-slide wp-block-eedee-block-gutenslide is-position-center-center ed-bg-image\" style=\"--ed-vw:300;--ed-vh:203;\" data-hash=\"\"><div class=\"eedee-background-div bg-image\"><img loading=\"lazy\" decoding=\"async\" width=\"1024\" height=\"692\" class=\"swiper-lazy wp-image-12\" src=\"https:\/\/mockelnforeningarna.se\/app\/uploads\/sites\/14\/2019\/06\/Kristinehamn-1024x692-1.jpg\" alt=\"\" style=\"object-fit: cover; object-position: 50% 50%;\" srcset=\"https:\/\/mockelnforeningarna.se\/app\/uploads\/sites\/14\/2019\/06\/Kristinehamn-1024x692-1.jpg 1024w, https:\/\/mockelnforeningarna.se\/app\/uploads\/sites\/14\/2019\/06\/Kristinehamn-1024x692-1-300x203.jpg 300w, https:\/\/mockelnforeningarna.se\/app\/uploads\/sites\/14\/2019\/06\/Kristinehamn-1024x692-1-768x519.jpg 768w, https:\/\/mockelnforeningarna.se\/app\/uploads\/sites\/14\/2019\/06\/Kristinehamn-1024x692-1-800x541.jpg 800w, https:\/\/mockelnforeningarna.se\/app\/uploads\/sites\/14\/2019\/06\/Kristinehamn-1024x692-1-500x338.jpg 500w, https:\/\/mockelnforeningarna.se\/app\/uploads\/sites\/14\/2019\/06\/Kristinehamn-1024x692-1-600x405.jpg 600w\" sizes=\"auto, (max-width: 1024px) 100vw, 1024px\" \/><div class=\"eedee-background-div__overlay\" style=\"opacity:1;\"><\/div><\/div><div class=\"slide-content\">\n\n<p class=\"has-text-align-center gutenslider-content-initial has-larger-font-size\"><\/p>\n\n<\/div><\/div>\n\n<div class=\"swiper-slide wp-block-eedee-block-gutenslide is-position-center-center ed-bg-image\" style=\"--ed-vw:300;--ed-vh:128;\" data-hash=\"\"><div class=\"eedee-background-div bg-image\"><img loading=\"lazy\" decoding=\"async\" width=\"1024\" height=\"438\" class=\"swiper-lazy wp-image-87\" src=\"https:\/\/mockelnforeningarna.se\/app\/uploads\/sites\/14\/2019\/06\/Degerfors_brandstation6-1024x438.jpeg\" alt=\"\" style=\"object-fit: cover; object-position: 50% 50%;\" srcset=\"https:\/\/mockelnforeningarna.se\/app\/uploads\/sites\/14\/2019\/06\/Degerfors_brandstation6-1024x438.jpeg 1024w, https:\/\/mockelnforeningarna.se\/app\/uploads\/sites\/14\/2019\/06\/Degerfors_brandstation6-300x128.jpeg 300w, https:\/\/mockelnforeningarna.se\/app\/uploads\/sites\/14\/2019\/06\/Degerfors_brandstation6-768x329.jpeg 768w, https:\/\/mockelnforeningarna.se\/app\/uploads\/sites\/14\/2019\/06\/Degerfors_brandstation6-1536x657.jpeg 1536w, https:\/\/mockelnforeningarna.se\/app\/uploads\/sites\/14\/2019\/06\/Degerfors_brandstation6-2048x877.jpeg 2048w, https:\/\/mockelnforeningarna.se\/app\/uploads\/sites\/14\/2019\/06\/Degerfors_brandstation6-1600x685.jpeg 1600w, https:\/\/mockelnforeningarna.se\/app\/uploads\/sites\/14\/2019\/06\/Degerfors_brandstation6-1400x599.jpeg 1400w, https:\/\/mockelnforeningarna.se\/app\/uploads\/sites\/14\/2019\/06\/Degerfors_brandstation6-800x342.jpeg 800w, https:\/\/mockelnforeningarna.se\/app\/uploads\/sites\/14\/2019\/06\/Degerfors_brandstation6-500x214.jpeg 500w, https:\/\/mockelnforeningarna.se\/app\/uploads\/sites\/14\/2019\/06\/Degerfors_brandstation6-1440x616.jpeg 1440w, https:\/\/mockelnforeningarna.se\/app\/uploads\/sites\/14\/2019\/06\/Degerfors_brandstation6-600x257.jpeg 600w\" sizes=\"auto, (max-width: 1024px) 100vw, 1024px\" \/><div class=\"eedee-background-div__overlay\" style=\"opacity:1;\"><\/div><\/div><div class=\"slide-content\">\n\n<p class=\"has-text-align-center gutenslider-content-initial has-larger-font-size\"><\/p>\n\n<\/div><\/div>\n<\/div><button class=\"eedee-gutenslider-nav eedee-gutenslider-prev\"><svg xmlns=\"http:\/\/www.w3.org\/2000\/svg\" viewBox=\"0 0 24 24\" width=\"24\" height=\"24\"><circle class=\"bg\" cx=\"13\" cy=\"12\" r=\"11\" \/><path fill=\"none\" d=\"M0 0h24v24H0z\"\/><path class=\"arrow\" d=\"M10.828 12l4.95 4.95-1.414 1.414L8 12l6.364-6.364 1.414 1.414z\"\/><\/svg><\/button><button class=\"eedee-gutenslider-nav eedee-gutenslider-next\"><svg xmlns=\"http:\/\/www.w3.org\/2000\/svg\" viewBox=\"0 0 24 24\" width=\"24\" height=\"24\"><circle class=\"bg\" cx=\"11\" cy=\"12\" r=\"11\" \/><path fill=\"none\" d=\"M0 0h24v24H0z\"\/><path class=\"arrow\" d=\"M13.172 12l-4.95-4.95 1.414-1.414L16 12l-6.364 6.364-1.414-1.414z\"\/><\/svg><\/button><div class=\"eedee-gutenslider-pagination\"><\/div><\/div><div class=\"gutenslider-divider-bottom \" style=\"color:#fff; height:60px;\"><\/div><\/div>\n\n\n<div class=\"wp-block-group has-global-padding is-layout-constrained wp-block-group-is-layout-constrained\">\n<h3 class=\"has-text-align-center wp-block-heading\" style=\"margin-top:var(--wp--preset--spacing--large);text-transform:capitalize\">F\u00d6R\u00c4LDRAF\u00d6RENINGEN MOT NARKOTIKA FMN<\/h3>\n\n\n\n<p class=\"has-text-align-center\" style=\"margin-bottom:var(--wp--preset--spacing--medium)\"><em>Vi jobbar f\u00f6r att hj\u00e4lpa n\u00e4rst\u00e5ende till missbrukare, och finns d\u00e4r \u00e4ven f\u00f6r dom.<\/em><\/p>\n\n\n\n<p><em>F\u00f6r\u00e4ldraf\u00f6reningen Mot Narkotika FMN \u00e4r en ideell, religi\u00f6st och partipolitiskt obunden, l\u00e4nk-organisation vars huvudsakliga verksamhet i f\u00f6rsta hand riktar sig till anh\u00f6riga \u2013 f\u00f6r\u00e4ldrar, syskon, kamrater samt \u00f6vriga anh\u00f6riga.<\/em><\/p>\n\n\n\n<p>H\u00e4r kan du som anh\u00f6rig till missbrukare hitta information och f\u00e5 r\u00e5d.&nbsp;Du kan&nbsp;\u00e4ven kontakta oss f\u00f6r fr\u00e5gor, information och st\u00f6d. Vi ger dels enskilda samtal men \u00e4ven gruppsamtal d\u00e4r vi arbetar utifr\u00e5n ett v\u00e4l inarbetat sj\u00e4lvhj\u00e4lpsprogram.<\/p>\n\n\n\n<p>Vi f\u00f6rebygger genom information, f\u00f6r\u00e4ldrasamverkan och genom samarbete med kommunerna&nbsp;Kristinehamn, Karlskoga, Degerfors och Lax\u00e5.<\/p>\n<\/div>\n","protected":false},"excerpt":{"rendered":"<p>F\u00d6R\u00c4LDRAF\u00d6RENINGEN MOT NARKOTIKA FMN Vi jobbar f\u00f6r att hj\u00e4lpa n\u00e4rst\u00e5ende till missbrukare, och finns d\u00e4r \u00e4ven f\u00f6r dom. F\u00f6r\u00e4ldraf\u00f6reningen Mot Narkotika FMN \u00e4r en ideell, religi\u00f6st och partipolitiskt obunden, l\u00e4nk-organisation [&hellip;]<\/p>\n","protected":false},"author":3,"featured_media":0,"parent":0,"menu_order":0,"comment_status":"closed","ping_status":"closed","template":"page-notitle.php","meta":{"footnotes":""},"class_list":["post-320","page","type-page","status-publish","hentry"],"_links":{"self":[{"href":"https:\/\/mockelnforeningarna.se\/fmn\/wp-json\/wp\/v2\/pages\/320","targetHints":{"allow":["GET"]}}],"collection":[{"href":"https:\/\/mockelnforeningarna.se\/fmn\/wp-json\/wp\/v2\/pages"}],"about":[{"href":"https:\/\/mockelnforeningarna.se\/fmn\/wp-json\/wp\/v2\/types\/page"}],"author":[{"embeddable":true,"href":"https:\/\/mockelnforeningarna.se\/fmn\/wp-json\/wp\/v2\/users\/3"}],"replies":[{"embeddable":true,"href":"https:\/\/mockelnforeningarna.se\/fmn\/wp-json\/wp\/v2\/comments?post=320"}],"version-history":[{"count":10,"href":"https:\/\/mockelnforeningarna.se\/fmn\/wp-json\/wp\/v2\/pages\/320\/revisions"}],"predecessor-version":[{"id":416,"href":"https:\/\/mockelnforeningarna.se\/fmn\/wp-json\/wp\/v2\/pages\/320\/revisions\/416"}],"wp:attachment":[{"href":"https:\/\/mockelnforeningarna.se\/fmn\/wp-json\/wp\/v2\/media?parent=320"}],"curies":[{"name":"wp","href":"https:\/\/api.w.org\/{rel}","templated":true}]}}