{"id":63,"date":"2019-06-18T17:31:07","date_gmt":"2019-06-18T15:31:07","guid":{"rendered":"https:\/\/mockelnforeningarna.se\/fmn\/?page_id=63"},"modified":"2022-11-24T17:51:04","modified_gmt":"2022-11-24T16:51:04","slug":"aktiviteter","status":"publish","type":"page","link":"https:\/\/mockelnforeningarna.se\/fmn\/aktiviteter\/","title":{"rendered":"Aktiviteter"},"content":{"rendered":"\n<div class=\"wp-block-media-text alignwide is-stacked-on-mobile\"><figure class=\"wp-block-media-text__media\"><img loading=\"lazy\" decoding=\"async\" width=\"1024\" height=\"867\" src=\"https:\/\/mockelnforeningarna.se\/app\/uploads\/sites\/14\/2021\/10\/familjeradgivning.jpg\" alt=\"\" class=\"wp-image-289 size-full\" srcset=\"https:\/\/mockelnforeningarna.se\/app\/uploads\/sites\/14\/2021\/10\/familjeradgivning.jpg 1024w, https:\/\/mockelnforeningarna.se\/app\/uploads\/sites\/14\/2021\/10\/familjeradgivning-300x254.jpg 300w, https:\/\/mockelnforeningarna.se\/app\/uploads\/sites\/14\/2021\/10\/familjeradgivning-768x650.jpg 768w, https:\/\/mockelnforeningarna.se\/app\/uploads\/sites\/14\/2021\/10\/familjeradgivning-800x677.jpg 800w, https:\/\/mockelnforeningarna.se\/app\/uploads\/sites\/14\/2021\/10\/familjeradgivning-500x423.jpg 500w, https:\/\/mockelnforeningarna.se\/app\/uploads\/sites\/14\/2021\/10\/familjeradgivning-600x508.jpg 600w\" sizes=\"auto, (max-width: 1024px) 100vw, 1024px\" \/><\/figure><div class=\"wp-block-media-text__content\">\n<p><span class=\"s2\"><br>Har du missbruksproblem i din n\u00e4rhet?<br>Tveka inte att ta kontakt med oss f\u00f6r samtal och r\u00e5dgivning.<\/span><br><strong>Kristinehamn\/Kil:<\/strong><\/p>\n\n\n\n<p><span style=\"font-size: 16px;\">Telefon: 0550-163 18, 0707-591869<\/span><\/p>\n\n\n\n<p><strong>Kontaktgrupp:<\/strong><br>Telefon: 0707-591917<\/p>\n\n\n\n<p><b>Vi erbjuder \u00e4ven R\u00e5dgivningssamtal via l\u00e4nk till Zoom.&nbsp;<\/b><\/p>\n\n\n\n<p><strong>Utbildade R\u00e5dgivare genom Riks FMN \u00e4r:<\/strong><\/p>\n\n\n\n<p>Marita Jensen, Anna Hallstensson, Annika Hallstensson, Carola Jansson och Ann-Sofie Jansson<\/p>\n\n\n\n<p><strong>Familjelivsutbildningen genom Riks FMN:<\/strong>arita Jansen och Anna Hallstensson<\/p>\n\n\n\n<p>Det \u00e4r en i v\u00e5r styrelse som \u00e4r utbildad i <strong>CRAFT och MI<\/strong> genom Carina B\u00e5ng. Se <strong>Kursintyg<\/strong> nedan: Carola Jansson<\/p>\n<\/div><\/div>\n\n\n\n<figure class=\"wp-block-image alignwide\"><img loading=\"lazy\" decoding=\"async\" width=\"688\" height=\"1024\" src=\"https:\/\/mockelnforeningarna.se\/app\/uploads\/sites\/14\/2021\/06\/CRAFT-intygIMG_20210608_115543_resized_20210621_071603958-1-688x1024.jpg\" alt=\"\" class=\"wp-image-282\" srcset=\"https:\/\/mockelnforeningarna.se\/app\/uploads\/sites\/14\/2021\/06\/CRAFT-intygIMG_20210608_115543_resized_20210621_071603958-1-688x1024.jpg 688w, https:\/\/mockelnforeningarna.se\/app\/uploads\/sites\/14\/2021\/06\/CRAFT-intygIMG_20210608_115543_resized_20210621_071603958-1-202x300.jpg 202w, https:\/\/mockelnforeningarna.se\/app\/uploads\/sites\/14\/2021\/06\/CRAFT-intygIMG_20210608_115543_resized_20210621_071603958-1-768x1143.jpg 768w, https:\/\/mockelnforeningarna.se\/app\/uploads\/sites\/14\/2021\/06\/CRAFT-intygIMG_20210608_115543_resized_20210621_071603958-1-1032x1536.jpg 1032w, https:\/\/mockelnforeningarna.se\/app\/uploads\/sites\/14\/2021\/06\/CRAFT-intygIMG_20210608_115543_resized_20210621_071603958-1-800x1190.jpg 800w, https:\/\/mockelnforeningarna.se\/app\/uploads\/sites\/14\/2021\/06\/CRAFT-intygIMG_20210608_115543_resized_20210621_071603958-1-500x744.jpg 500w, https:\/\/mockelnforeningarna.se\/app\/uploads\/sites\/14\/2021\/06\/CRAFT-intygIMG_20210608_115543_resized_20210621_071603958-1-600x893.jpg 600w, https:\/\/mockelnforeningarna.se\/app\/uploads\/sites\/14\/2021\/06\/CRAFT-intygIMG_20210608_115543_resized_20210621_071603958-1.jpg 1226w\" sizes=\"auto, (max-width: 688px) 100vw, 688px\" \/><\/figure>\n","protected":false},"excerpt":{"rendered":"<p>Har du missbruksproblem i din n\u00e4rhet?Tveka inte att ta kontakt med oss f\u00f6r samtal och r\u00e5dgivning.Kristinehamn\/Kil: Telefon: 0550-163 18, 0707-591869 Kontaktgrupp:Telefon: 0707-591917 Vi erbjuder \u00e4ven R\u00e5dgivningssamtal via l\u00e4nk till Zoom.&nbsp; [&hellip;]<\/p>\n","protected":false},"author":3,"featured_media":0,"parent":0,"menu_order":0,"comment_status":"closed","ping_status":"closed","template":"","meta":{"footnotes":""},"class_list":["post-63","page","type-page","status-publish","hentry"],"_links":{"self":[{"href":"https:\/\/mockelnforeningarna.se\/fmn\/wp-json\/wp\/v2\/pages\/63","targetHints":{"allow":["GET"]}}],"collection":[{"href":"https:\/\/mockelnforeningarna.se\/fmn\/wp-json\/wp\/v2\/pages"}],"about":[{"href":"https:\/\/mockelnforeningarna.se\/fmn\/wp-json\/wp\/v2\/types\/page"}],"author":[{"embeddable":true,"href":"https:\/\/mockelnforeningarna.se\/fmn\/wp-json\/wp\/v2\/users\/3"}],"replies":[{"embeddable":true,"href":"https:\/\/mockelnforeningarna.se\/fmn\/wp-json\/wp\/v2\/comments?post=63"}],"version-history":[{"count":6,"href":"https:\/\/mockelnforeningarna.se\/fmn\/wp-json\/wp\/v2\/pages\/63\/revisions"}],"predecessor-version":[{"id":387,"href":"https:\/\/mockelnforeningarna.se\/fmn\/wp-json\/wp\/v2\/pages\/63\/revisions\/387"}],"wp:attachment":[{"href":"https:\/\/mockelnforeningarna.se\/fmn\/wp-json\/wp\/v2\/media?parent=63"}],"curies":[{"name":"wp","href":"https:\/\/api.w.org\/{rel}","templated":true}]}}