{"id":66,"date":"2019-06-18T17:34:20","date_gmt":"2019-06-18T15:34:20","guid":{"rendered":"https:\/\/mockelnforeningarna.se\/fmn\/?page_id=66"},"modified":"2022-11-24T17:53:39","modified_gmt":"2022-11-24T16:53:39","slug":"bli-medlem","status":"publish","type":"page","link":"https:\/\/mockelnforeningarna.se\/fmn\/bli-medlem\/","title":{"rendered":"Bli medlem"},"content":{"rendered":"\n<div class=\"wp-block-media-text alignfull is-stacked-on-mobile\"><figure class=\"wp-block-media-text__media\"><img loading=\"lazy\" decoding=\"async\" width=\"970\" height=\"576\" src=\"https:\/\/mockelnforeningarna.se\/app\/uploads\/sites\/14\/2021\/10\/Valkommen-vid-vatten_1271-970x576-2.jpg\" alt=\"\" class=\"wp-image-306 size-full\" srcset=\"https:\/\/mockelnforeningarna.se\/app\/uploads\/sites\/14\/2021\/10\/Valkommen-vid-vatten_1271-970x576-2.jpg 970w, https:\/\/mockelnforeningarna.se\/app\/uploads\/sites\/14\/2021\/10\/Valkommen-vid-vatten_1271-970x576-2-300x178.jpg 300w, https:\/\/mockelnforeningarna.se\/app\/uploads\/sites\/14\/2021\/10\/Valkommen-vid-vatten_1271-970x576-2-768x456.jpg 768w, https:\/\/mockelnforeningarna.se\/app\/uploads\/sites\/14\/2021\/10\/Valkommen-vid-vatten_1271-970x576-2-800x475.jpg 800w, https:\/\/mockelnforeningarna.se\/app\/uploads\/sites\/14\/2021\/10\/Valkommen-vid-vatten_1271-970x576-2-500x297.jpg 500w, https:\/\/mockelnforeningarna.se\/app\/uploads\/sites\/14\/2021\/10\/Valkommen-vid-vatten_1271-970x576-2-600x356.jpg 600w\" sizes=\"auto, (max-width: 970px) 100vw, 970px\" \/><\/figure><div class=\"wp-block-media-text__content\">\n<p>FMN:s viktiga verksamhet best\u00e5r bl.a. av att hj\u00e4lpa och ge r\u00e5d och st\u00f6d till anh\u00f6riga till missbrukare.<\/p>\n\n\n\n<p>Vi har ett st\u00f6d- och hj\u00e4lpprogram som vi av m\u00e5ng\u00e5rig erfarenhet vet fungerar. Vi planerar att starta kurser f\u00f6r anh\u00f6riga som i b\u00e4sta fall leder till att missbrukaren slutar med droger.<\/p>\n\n\n\n<p>FMN \u00e4r en ideell organisation och \u00e4r s\u00e5ledes helt beroende av frivilliga bidrag. Vi v\u00e4djar d\u00e4rf\u00f6r om Din hj\u00e4lp s\u00e5 att v\u00e5rt viktiga arbete kan forts\u00e4tta.<\/p>\n\n\n\n<p><strong>MEDLEMSAVGIFT f\u00f6r 2021 \u00e4r 100 kr\/person.&nbsp;&nbsp;<\/strong><\/p>\n\n\n\n<p>Avgiften skall s\u00e4tts in p\u00e5 v\u00e5rt postgirokonto. Vi tackar f\u00f6r Ert st\u00f6d!<\/p>\n\n\n\n<p><strong>FMN V\u00e4rmland med kontaktgrupp har pg: 400056-8<\/strong><\/p>\n\n\n\n<p>Vill Du bli medlem i FMN-V\u00e4rmland s\u00e5 \u00e4r Du varmt v\u00e4lkommen. Som fullbetalande medlem f\u00e5r Du&nbsp;utskick fr\u00e5n oss, d\u00e4r Du f\u00e5r veta vad som sker i f\u00f6reningen. Du har m\u00f6jlighet att medverka vid all verksamhet.<\/p>\n\n\n\n<p>Medlemskort skickas till alla betalande medlemmar tillsamman med Nyhetsbrevet i juni.<\/p>\n\n\n\n<p><strong>Medlemsavgift&nbsp;&nbsp;&nbsp;&nbsp; 100:- \/ \u00e5r<\/strong><\/p>\n<\/div><\/div>\n","protected":false},"excerpt":{"rendered":"<p>FMN:s viktiga verksamhet best\u00e5r bl.a. av att hj\u00e4lpa och ge r\u00e5d och st\u00f6d till anh\u00f6riga till missbrukare. Vi har ett st\u00f6d- och hj\u00e4lpprogram som vi av m\u00e5ng\u00e5rig erfarenhet vet fungerar. [&hellip;]<\/p>\n","protected":false},"author":3,"featured_media":0,"parent":0,"menu_order":0,"comment_status":"closed","ping_status":"closed","template":"","meta":{"footnotes":""},"class_list":["post-66","page","type-page","status-publish","hentry"],"_links":{"self":[{"href":"https:\/\/mockelnforeningarna.se\/fmn\/wp-json\/wp\/v2\/pages\/66","targetHints":{"allow":["GET"]}}],"collection":[{"href":"https:\/\/mockelnforeningarna.se\/fmn\/wp-json\/wp\/v2\/pages"}],"about":[{"href":"https:\/\/mockelnforeningarna.se\/fmn\/wp-json\/wp\/v2\/types\/page"}],"author":[{"embeddable":true,"href":"https:\/\/mockelnforeningarna.se\/fmn\/wp-json\/wp\/v2\/users\/3"}],"replies":[{"embeddable":true,"href":"https:\/\/mockelnforeningarna.se\/fmn\/wp-json\/wp\/v2\/comments?post=66"}],"version-history":[{"count":3,"href":"https:\/\/mockelnforeningarna.se\/fmn\/wp-json\/wp\/v2\/pages\/66\/revisions"}],"predecessor-version":[{"id":391,"href":"https:\/\/mockelnforeningarna.se\/fmn\/wp-json\/wp\/v2\/pages\/66\/revisions\/391"}],"wp:attachment":[{"href":"https:\/\/mockelnforeningarna.se\/fmn\/wp-json\/wp\/v2\/media?parent=66"}],"curies":[{"name":"wp","href":"https:\/\/api.w.org\/{rel}","templated":true}]}}