{"id":80,"date":"2019-06-18T17:52:27","date_gmt":"2019-06-18T15:52:27","guid":{"rendered":"https:\/\/mockelnforeningarna.se\/fmn\/?page_id=80"},"modified":"2022-11-24T18:45:17","modified_gmt":"2022-11-24T17:45:17","slug":"lankar","status":"publish","type":"page","link":"https:\/\/mockelnforeningarna.se\/fmn\/lankar\/","title":{"rendered":"L\u00e4nkar"},"content":{"rendered":"\n<p><a href=\"https:\/\/fmn.se\/\">F\u00f6r\u00e4ldraf\u00f6reningen mot narkotika<\/a><\/p>\n\n\n\n<p><span class=\"s2\"><a href=\"http:\/\/www.can.se\/\">Centralf\u00f6rbundet f\u00f6r Alkohol och Narkotikaupplysning (CAN)<\/a><\/span><\/p>\n\n\n\n<p><span class=\"s2\"><a href=\"http:\/\/www.alna.se\/\">Arbetslivets egen resurs i alkohol- och drogfr\u00e5gor (ALNA)<\/a><\/span><\/p>\n\n\n\n<p><span class=\"s1\"><a href=\"http:\/\/www.drogportalen.se\/\">Drogportalen<\/a><\/span><\/p>\n","protected":false},"excerpt":{"rendered":"<p>F\u00f6r\u00e4ldraf\u00f6reningen mot narkotika Centralf\u00f6rbundet f\u00f6r Alkohol och Narkotikaupplysning (CAN) Arbetslivets egen resurs i alkohol- och drogfr\u00e5gor (ALNA) Drogportalen<\/p>\n","protected":false},"author":3,"featured_media":0,"parent":0,"menu_order":0,"comment_status":"closed","ping_status":"closed","template":"","meta":{"footnotes":""},"class_list":["post-80","page","type-page","status-publish","hentry"],"_links":{"self":[{"href":"https:\/\/mockelnforeningarna.se\/fmn\/wp-json\/wp\/v2\/pages\/80","targetHints":{"allow":["GET"]}}],"collection":[{"href":"https:\/\/mockelnforeningarna.se\/fmn\/wp-json\/wp\/v2\/pages"}],"about":[{"href":"https:\/\/mockelnforeningarna.se\/fmn\/wp-json\/wp\/v2\/types\/page"}],"author":[{"embeddable":true,"href":"https:\/\/mockelnforeningarna.se\/fmn\/wp-json\/wp\/v2\/users\/3"}],"replies":[{"embeddable":true,"href":"https:\/\/mockelnforeningarna.se\/fmn\/wp-json\/wp\/v2\/comments?post=80"}],"version-history":[{"count":1,"href":"https:\/\/mockelnforeningarna.se\/fmn\/wp-json\/wp\/v2\/pages\/80\/revisions"}],"predecessor-version":[{"id":407,"href":"https:\/\/mockelnforeningarna.se\/fmn\/wp-json\/wp\/v2\/pages\/80\/revisions\/407"}],"wp:attachment":[{"href":"https:\/\/mockelnforeningarna.se\/fmn\/wp-json\/wp\/v2\/media?parent=80"}],"curies":[{"name":"wp","href":"https:\/\/api.w.org\/{rel}","templated":true}]}}