{"id":10,"date":"2025-09-01T15:11:49","date_gmt":"2025-09-01T13:11:49","guid":{"rendered":"https:\/\/mockelnforeningarna.se\/funkis\/?page_id=10"},"modified":"2025-09-08T11:21:36","modified_gmt":"2025-09-08T09:21:36","slug":"stad","status":"publish","type":"page","link":"https:\/\/mockelnforeningarna.se\/funkis\/stad\/","title":{"rendered":"St\u00e4d"},"content":{"rendered":"\n<div class=\"wp-block-group has-global-padding is-layout-constrained wp-block-group-is-layout-constrained\" style=\"margin-top:var(--wp--preset--spacing--large);margin-bottom:var(--wp--preset--spacing--large)\">\n<p>Verksamhetsbeskrivning:<\/p>\n\n\n\n<p>St\u00e4d \u2013 Vi erbjuder f\u00f6retagsst\u00e4d, trappst\u00e4d, f\u00f6nsterputs, industrist\u00e4d, flyttst\u00e4d och hemst\u00e4d.<\/p>\n\n\n\n<p>St\u00e4d: 070-7521230 <br>mejl:&nbsp;<a href=\"mailto:stad@foreningenfunkis.se\">stad@foreningenfunkis.se<\/a><\/p>\n<\/div>\n","protected":false},"excerpt":{"rendered":"<p>Verksamhetsbeskrivning: St\u00e4d \u2013 Vi erbjuder f\u00f6retagsst\u00e4d, trappst\u00e4d, f\u00f6nsterputs, industrist\u00e4d, flyttst\u00e4d och hemst\u00e4d. St\u00e4d: 070-7521230 mejl:&nbsp;stad@foreningenfunkis.se<\/p>\n","protected":false},"author":3,"featured_media":0,"parent":0,"menu_order":0,"comment_status":"closed","ping_status":"closed","template":"page-notitle.php","meta":{"footnotes":""},"class_list":["post-10","page","type-page","status-publish","hentry"],"_links":{"self":[{"href":"https:\/\/mockelnforeningarna.se\/funkis\/wp-json\/wp\/v2\/pages\/10","targetHints":{"allow":["GET"]}}],"collection":[{"href":"https:\/\/mockelnforeningarna.se\/funkis\/wp-json\/wp\/v2\/pages"}],"about":[{"href":"https:\/\/mockelnforeningarna.se\/funkis\/wp-json\/wp\/v2\/types\/page"}],"author":[{"embeddable":true,"href":"https:\/\/mockelnforeningarna.se\/funkis\/wp-json\/wp\/v2\/users\/3"}],"replies":[{"embeddable":true,"href":"https:\/\/mockelnforeningarna.se\/funkis\/wp-json\/wp\/v2\/comments?post=10"}],"version-history":[{"count":6,"href":"https:\/\/mockelnforeningarna.se\/funkis\/wp-json\/wp\/v2\/pages\/10\/revisions"}],"predecessor-version":[{"id":65,"href":"https:\/\/mockelnforeningarna.se\/funkis\/wp-json\/wp\/v2\/pages\/10\/revisions\/65"}],"wp:attachment":[{"href":"https:\/\/mockelnforeningarna.se\/funkis\/wp-json\/wp\/v2\/media?parent=10"}],"curies":[{"name":"wp","href":"https:\/\/api.w.org\/{rel}","templated":true}]}}