{"id":12,"date":"2025-09-01T15:12:24","date_gmt":"2025-09-01T13:12:24","guid":{"rendered":"https:\/\/mockelnforeningarna.se\/funkis\/?page_id=12"},"modified":"2025-09-08T11:22:14","modified_gmt":"2025-09-08T09:22:14","slug":"daglig-sysselsattning","status":"publish","type":"page","link":"https:\/\/mockelnforeningarna.se\/funkis\/daglig-sysselsattning\/","title":{"rendered":"Daglig syssels\u00e4ttning"},"content":{"rendered":"\n<p style=\"margin-top:var(--wp--preset--spacing--large);margin-bottom:var(--wp--preset--spacing--large)\">Daglig verksamhet \u2013 Syftet \u00e4r att ge personer med funktionsneds\u00e4ttning meningsfull syssels\u00e4ttning, personlig utveckling, gemenskap och stimulans. M\u00e5let \u00e4r att fr\u00e4mja j\u00e4mlikhet i levnadsvillkor och full delaktighet i samh\u00e4llslivet, samt att m\u00f6jligg\u00f6ra en sj\u00e4lvst\u00e4ndig livsf\u00f6ring.P\u00e5 den dagliga syssels\u00e4ttningen erbjuder vi leogarbete och enklare pyssel. Vi promenerar och g\u00f6r utflykter tillsammans mm.<\/p>\n","protected":false},"excerpt":{"rendered":"<p>Daglig verksamhet \u2013 Syftet \u00e4r att ge personer med funktionsneds\u00e4ttning meningsfull syssels\u00e4ttning, personlig utveckling, gemenskap och stimulans. M\u00e5let \u00e4r att fr\u00e4mja j\u00e4mlikhet i levnadsvillkor och full delaktighet i samh\u00e4llslivet, samt [&hellip;]<\/p>\n","protected":false},"author":3,"featured_media":0,"parent":0,"menu_order":0,"comment_status":"closed","ping_status":"closed","template":"page-notitle.php","meta":{"footnotes":""},"class_list":["post-12","page","type-page","status-publish","hentry"],"_links":{"self":[{"href":"https:\/\/mockelnforeningarna.se\/funkis\/wp-json\/wp\/v2\/pages\/12","targetHints":{"allow":["GET"]}}],"collection":[{"href":"https:\/\/mockelnforeningarna.se\/funkis\/wp-json\/wp\/v2\/pages"}],"about":[{"href":"https:\/\/mockelnforeningarna.se\/funkis\/wp-json\/wp\/v2\/types\/page"}],"author":[{"embeddable":true,"href":"https:\/\/mockelnforeningarna.se\/funkis\/wp-json\/wp\/v2\/users\/3"}],"replies":[{"embeddable":true,"href":"https:\/\/mockelnforeningarna.se\/funkis\/wp-json\/wp\/v2\/comments?post=12"}],"version-history":[{"count":3,"href":"https:\/\/mockelnforeningarna.se\/funkis\/wp-json\/wp\/v2\/pages\/12\/revisions"}],"predecessor-version":[{"id":66,"href":"https:\/\/mockelnforeningarna.se\/funkis\/wp-json\/wp\/v2\/pages\/12\/revisions\/66"}],"wp:attachment":[{"href":"https:\/\/mockelnforeningarna.se\/funkis\/wp-json\/wp\/v2\/media?parent=12"}],"curies":[{"name":"wp","href":"https:\/\/api.w.org\/{rel}","templated":true}]}}