{"id":5,"date":"2025-09-01T15:10:40","date_gmt":"2025-09-01T13:10:40","guid":{"rendered":"https:\/\/mockelnforeningarna.se\/funkis\/?page_id=5"},"modified":"2025-09-08T11:25:07","modified_gmt":"2025-09-08T09:25:07","slug":"kontakt","status":"publish","type":"page","link":"https:\/\/mockelnforeningarna.se\/funkis\/kontakt\/","title":{"rendered":"Kontakt"},"content":{"rendered":"\n<div class=\"wp-block-cover alignfull is-light\" style=\"min-height:300px;aspect-ratio:unset;\"><span aria-hidden=\"true\" class=\"wp-block-cover__background has-background-dim-30 has-background-dim\" style=\"background-color:#c2aca4\"><\/span><img loading=\"lazy\" decoding=\"async\" width=\"1051\" height=\"870\" class=\"wp-block-cover__image-background wp-image-37\" alt=\"\" src=\"https:\/\/mockelnforeningarna.se\/app\/uploads\/sites\/115\/2025\/09\/tatra.jpg\" data-object-fit=\"cover\" srcset=\"https:\/\/mockelnforeningarna.se\/app\/uploads\/sites\/115\/2025\/09\/tatra.jpg 1051w, https:\/\/mockelnforeningarna.se\/app\/uploads\/sites\/115\/2025\/09\/tatra-300x248.jpg 300w, https:\/\/mockelnforeningarna.se\/app\/uploads\/sites\/115\/2025\/09\/tatra-1024x848.jpg 1024w, https:\/\/mockelnforeningarna.se\/app\/uploads\/sites\/115\/2025\/09\/tatra-768x636.jpg 768w, https:\/\/mockelnforeningarna.se\/app\/uploads\/sites\/115\/2025\/09\/tatra-800x662.jpg 800w, https:\/\/mockelnforeningarna.se\/app\/uploads\/sites\/115\/2025\/09\/tatra-500x414.jpg 500w, https:\/\/mockelnforeningarna.se\/app\/uploads\/sites\/115\/2025\/09\/tatra-600x497.jpg 600w\" sizes=\"auto, (max-width: 1051px) 100vw, 1051px\" \/><div class=\"wp-block-cover__inner-container has-global-padding is-layout-constrained wp-block-cover-is-layout-constrained\">\n<p class=\"has-text-align-center has-large-font-size\"><\/p>\n<\/div><\/div>\n\n\n\n<div class=\"wp-block-group has-global-padding is-layout-constrained wp-block-group-is-layout-constrained\" style=\"margin-top:var(--wp--preset--spacing--large);margin-bottom:var(--wp--preset--spacing--large)\">\n<p style=\"margin-top:0;margin-bottom:0\">Verksamhetsledare: <br>Lovisa Ahlberg 070-4162641 mejl: <a href=\"mailto:lovisa@foreningenfunkis.se\">lovisa@foreningenfunkis.se<\/a><\/p>\n\n\n\n<p style=\"margin-top:0;margin-bottom:0\"><br>Caf\u00e8 la Sockertoppen: <br>072-0191474 mejl:&nbsp;<a href=\"mailto:kontakt@cafelasockertoppen.se\">kontakt@cafelasockertoppen.se<\/a><\/p>\n\n\n\n<p style=\"margin-top:0;margin-bottom:0\"><br>St\u00e4d: <br>070-7521230 mejl:&nbsp;<a href=\"mailto:stad@foreningenfunkis.se\">stad@foreningenfunkis.se<\/a><\/p>\n\n\n\n<p style=\"margin-top:0;margin-bottom:0\"><br>Styrelsens ordf\u00f6rande: <br>Mari Cedervall 070-3835359 mejl:&nbsp;<a href=\"mailto:mari.cedervall@finsam.eu\">mari.cedervall@finsam.eu<\/a><\/p>\n<\/div>\n","protected":false},"excerpt":{"rendered":"<p>Verksamhetsledare: Lovisa Ahlberg 070-4162641 mejl: lovisa@foreningenfunkis.se Caf\u00e8 la Sockertoppen: 072-0191474 mejl:&nbsp;kontakt@cafelasockertoppen.se St\u00e4d: 070-7521230 mejl:&nbsp;stad@foreningenfunkis.se Styrelsens ordf\u00f6rande: Mari Cedervall 070-3835359 mejl:&nbsp;mari.cedervall@finsam.eu<\/p>\n","protected":false},"author":3,"featured_media":0,"parent":0,"menu_order":0,"comment_status":"closed","ping_status":"closed","template":"page-notitle.php","meta":{"footnotes":""},"class_list":["post-5","page","type-page","status-publish","hentry"],"_links":{"self":[{"href":"https:\/\/mockelnforeningarna.se\/funkis\/wp-json\/wp\/v2\/pages\/5","targetHints":{"allow":["GET"]}}],"collection":[{"href":"https:\/\/mockelnforeningarna.se\/funkis\/wp-json\/wp\/v2\/pages"}],"about":[{"href":"https:\/\/mockelnforeningarna.se\/funkis\/wp-json\/wp\/v2\/types\/page"}],"author":[{"embeddable":true,"href":"https:\/\/mockelnforeningarna.se\/funkis\/wp-json\/wp\/v2\/users\/3"}],"replies":[{"embeddable":true,"href":"https:\/\/mockelnforeningarna.se\/funkis\/wp-json\/wp\/v2\/comments?post=5"}],"version-history":[{"count":13,"href":"https:\/\/mockelnforeningarna.se\/funkis\/wp-json\/wp\/v2\/pages\/5\/revisions"}],"predecessor-version":[{"id":72,"href":"https:\/\/mockelnforeningarna.se\/funkis\/wp-json\/wp\/v2\/pages\/5\/revisions\/72"}],"wp:attachment":[{"href":"https:\/\/mockelnforeningarna.se\/funkis\/wp-json\/wp\/v2\/media?parent=5"}],"curies":[{"name":"wp","href":"https:\/\/api.w.org\/{rel}","templated":true}]}}