{"id":4,"date":"2023-01-10T11:51:31","date_gmt":"2023-01-10T10:51:31","guid":{"rendered":"https:\/\/mockelnforeningarna.se\/grabatradgard\/?page_id=4"},"modified":"2026-03-26T22:34:55","modified_gmt":"2026-03-26T21:34:55","slug":"hem","status":"publish","type":"page","link":"https:\/\/mockelnforeningarna.se\/grabotradgard\/","title":{"rendered":"Hem"},"content":{"rendered":"<div id=\"gutenslider-u92mnu6g6\" class=\"wp-block-eedee-block-gutenslider content-fixed alignfull arrow-style-1 arrow-position-sides arrow-mb-none arrows-lg arrows-md arrows-sm dot-style-1 dots-lg dots-md dots-sm dot-position-bottom is-position-center-center mb-none\" style=\"--gutenslider-min-height: 400px;--gutenslider-arrow-size: 30px;--gutenslider-dot-size: 25px;--gutenslider-arrow-color: #ffffff;--gutenslider-dot-color: #ffffff;--gutenslider-padding-y-mobile: 40px;--gutenslider-padding-x-mobile: 40px;--gutenslider-padding-y-tablet: 40px;--gutenslider-padding-x-tablet: 40px;--gutenslider-padding-y-desktop: 40px;--gutenslider-padding-x-desktop: 40px;--gutenslider-bg-image: url();--gutenslider-min-height-md: 400px;--gutenslider-min-height-sm: 400px;--gutenslider-padding-x: 40px;--gutenslider-padding-x-md: 40px;--gutenslider-padding-x-sm: 20px;--gutenslider-padding-y: 40px;--gutenslider-padding-y-md: 40px;--gutenslider-padding-y-sm: 20px;--gutenslider-arrow-size-md: 30px;--gutenslider-arrow-size-sm: 30px;--gutenslider-dot-size-md: 25px;--gutenslider-dot-size-sm: 25px;--gutenslider-arrow-bg-color: transparent;--gutenslider-arrow-hover-color: #eeeeee;--gutenslider-arrow-bg-hover-color: transparent;--gutenslider-arrow-x-offset: 10px;--gutenslider-arrow-x-offset-md: 10px;--gutenslider-arrow-x-offset-sm: 10px;--gutenslider-arrow-y-offset: 0px;--gutenslider-arrow-y-offset-md: 0px;--gutenslider-arrow-y-offset-sm: 0px;--gutenslider-arrow-x-spacing: 0px;--gutenslider-dot-y-offset: 10px;--gutenslider-dot-y-offset-md: 10px;--gutenslider-dot-y-offset-sm: 10px;--gutenslider-margin-x: 0px;--gutenslider-margin-x-md: 0px;--gutenslider-margin-x-sm: 0px;--gutenslider-margin-y: 0px;--gutenslider-margin-y-md: 0px;--gutenslider-margin-y-sm: 0px;--gutenslider-divider-top: 60px;--gutenslider-divider-bottom: 60px;--gutenslider-lightgallery-bg: #ffffff;--gutenslider-lightgallery-font: #000000;\" data-parallax-direction=\"down\" data-parallax-amount=\"1.3\" data-lg-transition=\"lg-slide\" data-hash=\"\"><div class=\"eedee-swiper-outer\"><div class=\"gutenslider-divider-top\" style=\"color:#fff; height:60px;\"><\/div><div class=\"swiper\" data-settings='{\"autoplay\":{\"delay\":3000,\"pauseOnMouseEnter\":true,\"disableOnInteraction\":false},\"speed\":700,\"direction\":\"horizontal\",\"autoHeight\":\"\",\"loop\":true,\"centeredSlides\":true,\"spaceBetween\":0,\"slidesPerView\":1,\"slidesPerGroup\":1,\"effect\":\"fade\",\"coverflowEffect\":{\"rotate\":30,\"slideShadows\":false,\"depth\":100,\"stretch\":50,\"modifier\":1},\"fadeEffect\":{\"crossFade\":true},\"zoom\":\"\",\"navigation\":{\"nextEl\":\"#gutenslider-u92mnu6g6 .eedee-gutenslider-next\",\"prevEl\":\"#gutenslider-u92mnu6g6 .eedee-gutenslider-prev\"},\"pagination\":{\"type\":\"bullets\",\"clickable\":true,\"dynamicBullets\":false,\"el\":\"#gutenslider-u92mnu6g6 .eedee-gutenslider-pagination\"},\"pauseOnHover\":\"1\",\"watchSlidesProgress\":true,\"watchSlidesVisibility\":true,\"settingsMd\":{\"autoHeight\":\"\",\"slidesPerView\":1,\"slidesPerGroup\":1,\"spaceBetween\":0},\"settingsLg\":{\"autoHeight\":\"\",\"slidesPerView\":1,\"slidesPerGroup\":1,\"spaceBetween\":0},\"hasLg\":false,\"hasLgCounter\":true,\"isFullScreen\":false,\"arrowsFollowMouse\":false,\"lgTitle\":\"none\",\"lgCaption\":\"none\",\"lgThumbnails\":true,\"keyboard\":{\"keyboard\":{\"enabled\":true,\"onlyInViewport\":true}},\"hashNavigation\":false}'><div class=\"swiper-wrapper\">\n<div class=\"swiper-slide wp-block-eedee-block-gutenslide is-position-center-center ed-bg-image\" style=\"--ed-vw:300;--ed-vh:297;\" data-hash=\"\"><div class=\"eedee-background-div bg-image\"><img loading=\"lazy\" decoding=\"async\" width=\"1024\" height=\"1014\" class=\"swiper-lazy wp-image-61\" src=\"https:\/\/mockelnforeningarna.se\/app\/uploads\/sites\/80\/2023\/01\/5-juli-potatisblommor-1024x1014.jpg\" alt=\"\" style=\"object-fit: cover; object-position: 53% 39%;\"  data-title=\"5 juli potatisblommor\" srcset=\"https:\/\/mockelnforeningarna.se\/app\/uploads\/sites\/80\/2023\/01\/5-juli-potatisblommor-1024x1014.jpg 1024w, https:\/\/mockelnforeningarna.se\/app\/uploads\/sites\/80\/2023\/01\/5-juli-potatisblommor-300x297.jpg 300w, https:\/\/mockelnforeningarna.se\/app\/uploads\/sites\/80\/2023\/01\/5-juli-potatisblommor-150x150.jpg 150w, https:\/\/mockelnforeningarna.se\/app\/uploads\/sites\/80\/2023\/01\/5-juli-potatisblommor-768x761.jpg 768w, https:\/\/mockelnforeningarna.se\/app\/uploads\/sites\/80\/2023\/01\/5-juli-potatisblommor-1536x1521.jpg 1536w, https:\/\/mockelnforeningarna.se\/app\/uploads\/sites\/80\/2023\/01\/5-juli-potatisblommor-1400x1386.jpg 1400w, https:\/\/mockelnforeningarna.se\/app\/uploads\/sites\/80\/2023\/01\/5-juli-potatisblommor-800x792.jpg 800w, https:\/\/mockelnforeningarna.se\/app\/uploads\/sites\/80\/2023\/01\/5-juli-potatisblommor-500x495.jpg 500w, https:\/\/mockelnforeningarna.se\/app\/uploads\/sites\/80\/2023\/01\/5-juli-potatisblommor-1440x1426.jpg 1440w, https:\/\/mockelnforeningarna.se\/app\/uploads\/sites\/80\/2023\/01\/5-juli-potatisblommor-600x594.jpg 600w, https:\/\/mockelnforeningarna.se\/app\/uploads\/sites\/80\/2023\/01\/5-juli-potatisblommor-1600x1584.jpg 1600w, https:\/\/mockelnforeningarna.se\/app\/uploads\/sites\/80\/2023\/01\/5-juli-potatisblommor.jpg 2048w\" sizes=\"auto, (max-width: 1024px) 100vw, 1024px\" \/><div class=\"eedee-background-div__overlay\" style=\"opacity:1;\"><\/div><\/div><div class=\"slide-content\">\n\n<p class=\"has-text-align-center gutenslider-content-initial has-larger-font-size\"><\/p>\n\n<\/div><\/div>\n\n<div class=\"swiper-slide wp-block-eedee-block-gutenslide is-position-center-center ed-bg-image\" style=\"--ed-vw:225;--ed-vh:300;\" data-hash=\"\"><div class=\"eedee-background-div bg-image\"><img loading=\"lazy\" decoding=\"async\" width=\"768\" height=\"1024\" class=\"swiper-lazy wp-image-189\" src=\"https:\/\/mockelnforeningarna.se\/app\/uploads\/sites\/80\/2023\/01\/23-okt-svartkal-768x1024.jpg\" alt=\"\" style=\"object-fit: cover; object-position: 49% 68%;\"  data-title=\"23 okt svartka\u030al\" srcset=\"https:\/\/mockelnforeningarna.se\/app\/uploads\/sites\/80\/2023\/01\/23-okt-svartkal-768x1024.jpg 768w, https:\/\/mockelnforeningarna.se\/app\/uploads\/sites\/80\/2023\/01\/23-okt-svartkal-225x300.jpg 225w, https:\/\/mockelnforeningarna.se\/app\/uploads\/sites\/80\/2023\/01\/23-okt-svartkal-1152x1536.jpg 1152w, https:\/\/mockelnforeningarna.se\/app\/uploads\/sites\/80\/2023\/01\/23-okt-svartkal-1400x1867.jpg 1400w, https:\/\/mockelnforeningarna.se\/app\/uploads\/sites\/80\/2023\/01\/23-okt-svartkal-800x1067.jpg 800w, https:\/\/mockelnforeningarna.se\/app\/uploads\/sites\/80\/2023\/01\/23-okt-svartkal-500x667.jpg 500w, https:\/\/mockelnforeningarna.se\/app\/uploads\/sites\/80\/2023\/01\/23-okt-svartkal-1440x1920.jpg 1440w, https:\/\/mockelnforeningarna.se\/app\/uploads\/sites\/80\/2023\/01\/23-okt-svartkal-600x800.jpg 600w, https:\/\/mockelnforeningarna.se\/app\/uploads\/sites\/80\/2023\/01\/23-okt-svartkal.jpg 1536w\" sizes=\"auto, (max-width: 768px) 100vw, 768px\" \/><div class=\"eedee-background-div__overlay\" style=\"opacity:1;\"><\/div><\/div><div class=\"slide-content\">\n\n<p class=\"has-text-align-center gutenslider-content-initial has-larger-font-size\"><\/p>\n\n<\/div><\/div>\n\n<div class=\"swiper-slide wp-block-eedee-block-gutenslide is-position-center-center ed-bg-image\" style=\"--ed-vw:300;--ed-vh:225;\" data-hash=\"\"><div class=\"eedee-background-div bg-image\"><img loading=\"lazy\" decoding=\"async\" width=\"1024\" height=\"768\" class=\"swiper-lazy wp-image-214\" src=\"https:\/\/mockelnforeningarna.se\/app\/uploads\/sites\/80\/2023\/01\/8-juni-insekter-i-praktbetonika-1024x768.jpg\" alt=\"\" style=\"object-fit: cover; object-position: 50% 50%;\"  data-title=\"8 juni insekter i praktbetonika\" srcset=\"https:\/\/mockelnforeningarna.se\/app\/uploads\/sites\/80\/2023\/01\/8-juni-insekter-i-praktbetonika-1024x768.jpg 1024w, https:\/\/mockelnforeningarna.se\/app\/uploads\/sites\/80\/2023\/01\/8-juni-insekter-i-praktbetonika-300x225.jpg 300w, https:\/\/mockelnforeningarna.se\/app\/uploads\/sites\/80\/2023\/01\/8-juni-insekter-i-praktbetonika-768x576.jpg 768w, https:\/\/mockelnforeningarna.se\/app\/uploads\/sites\/80\/2023\/01\/8-juni-insekter-i-praktbetonika-1536x1152.jpg 1536w, https:\/\/mockelnforeningarna.se\/app\/uploads\/sites\/80\/2023\/01\/8-juni-insekter-i-praktbetonika-1400x1050.jpg 1400w, https:\/\/mockelnforeningarna.se\/app\/uploads\/sites\/80\/2023\/01\/8-juni-insekter-i-praktbetonika-800x600.jpg 800w, https:\/\/mockelnforeningarna.se\/app\/uploads\/sites\/80\/2023\/01\/8-juni-insekter-i-praktbetonika-500x375.jpg 500w, https:\/\/mockelnforeningarna.se\/app\/uploads\/sites\/80\/2023\/01\/8-juni-insekter-i-praktbetonika-1440x1080.jpg 1440w, https:\/\/mockelnforeningarna.se\/app\/uploads\/sites\/80\/2023\/01\/8-juni-insekter-i-praktbetonika-600x450.jpg 600w, https:\/\/mockelnforeningarna.se\/app\/uploads\/sites\/80\/2023\/01\/8-juni-insekter-i-praktbetonika-1600x1200.jpg 1600w, https:\/\/mockelnforeningarna.se\/app\/uploads\/sites\/80\/2023\/01\/8-juni-insekter-i-praktbetonika.jpg 2048w\" sizes=\"auto, (max-width: 1024px) 100vw, 1024px\" \/><div class=\"eedee-background-div__overlay\" style=\"opacity:1;\"><\/div><\/div><div class=\"slide-content\">\n\n<p class=\"has-text-align-center gutenslider-content-initial has-larger-font-size\"><\/p>\n\n<\/div><\/div>\n\n<div class=\"swiper-slide wp-block-eedee-block-gutenslide is-position-center-center ed-bg-image\" style=\"--ed-vw:225;--ed-vh:300;\" data-hash=\"\"><div class=\"eedee-background-div bg-image\"><img loading=\"lazy\" decoding=\"async\" width=\"768\" height=\"1024\" class=\"swiper-lazy wp-image-421\" src=\"https:\/\/mockelnforeningarna.se\/app\/uploads\/sites\/80\/2023\/09\/bukett-768x1024.jpeg\" alt=\"\" style=\"object-fit: cover; object-position: 50% 50%;\"  data-title=\"bukett\" srcset=\"https:\/\/mockelnforeningarna.se\/app\/uploads\/sites\/80\/2023\/09\/bukett-768x1024.jpeg 768w, https:\/\/mockelnforeningarna.se\/app\/uploads\/sites\/80\/2023\/09\/bukett-225x300.jpeg 225w, https:\/\/mockelnforeningarna.se\/app\/uploads\/sites\/80\/2023\/09\/bukett-1152x1536.jpeg 1152w, https:\/\/mockelnforeningarna.se\/app\/uploads\/sites\/80\/2023\/09\/bukett-1400x1867.jpeg 1400w, https:\/\/mockelnforeningarna.se\/app\/uploads\/sites\/80\/2023\/09\/bukett-800x1067.jpeg 800w, https:\/\/mockelnforeningarna.se\/app\/uploads\/sites\/80\/2023\/09\/bukett-500x667.jpeg 500w, https:\/\/mockelnforeningarna.se\/app\/uploads\/sites\/80\/2023\/09\/bukett-1440x1920.jpeg 1440w, https:\/\/mockelnforeningarna.se\/app\/uploads\/sites\/80\/2023\/09\/bukett-600x800.jpeg 600w, https:\/\/mockelnforeningarna.se\/app\/uploads\/sites\/80\/2023\/09\/bukett.jpeg 1536w\" sizes=\"auto, (max-width: 768px) 100vw, 768px\" \/><div class=\"eedee-background-div__overlay\" style=\"opacity:1;\"><\/div><\/div><div class=\"slide-content\">\n\n<p class=\"has-text-align-center gutenslider-content-initial has-larger-font-size\"><\/p>\n\n<\/div><\/div>\n\n\n<p class=\"has-text-align-center has-white-color has-text-color has-large-font-size\"><\/p>\n\n<\/div><\/div><div class=\"wp-block-eedee-gutenslider__content co-1\">\n<div class=\"swiper-slide wp-block-eedee-block-gutenslide is-position-center-center ed-bg-image\" style=\"--ed-vw:300;--ed-vh:297;\" data-hash=\"\"><div class=\"eedee-background-div bg-image\"><img loading=\"lazy\" decoding=\"async\" width=\"1024\" height=\"1014\" class=\"swiper-lazy wp-image-61\" src=\"https:\/\/mockelnforeningarna.se\/app\/uploads\/sites\/80\/2023\/01\/5-juli-potatisblommor-1024x1014.jpg\" alt=\"\" style=\"object-fit: cover; object-position: 53% 39%;\"  data-title=\"5 juli potatisblommor\" srcset=\"https:\/\/mockelnforeningarna.se\/app\/uploads\/sites\/80\/2023\/01\/5-juli-potatisblommor-1024x1014.jpg 1024w, https:\/\/mockelnforeningarna.se\/app\/uploads\/sites\/80\/2023\/01\/5-juli-potatisblommor-300x297.jpg 300w, https:\/\/mockelnforeningarna.se\/app\/uploads\/sites\/80\/2023\/01\/5-juli-potatisblommor-150x150.jpg 150w, https:\/\/mockelnforeningarna.se\/app\/uploads\/sites\/80\/2023\/01\/5-juli-potatisblommor-768x761.jpg 768w, https:\/\/mockelnforeningarna.se\/app\/uploads\/sites\/80\/2023\/01\/5-juli-potatisblommor-1536x1521.jpg 1536w, https:\/\/mockelnforeningarna.se\/app\/uploads\/sites\/80\/2023\/01\/5-juli-potatisblommor-1400x1386.jpg 1400w, https:\/\/mockelnforeningarna.se\/app\/uploads\/sites\/80\/2023\/01\/5-juli-potatisblommor-800x792.jpg 800w, https:\/\/mockelnforeningarna.se\/app\/uploads\/sites\/80\/2023\/01\/5-juli-potatisblommor-500x495.jpg 500w, https:\/\/mockelnforeningarna.se\/app\/uploads\/sites\/80\/2023\/01\/5-juli-potatisblommor-1440x1426.jpg 1440w, https:\/\/mockelnforeningarna.se\/app\/uploads\/sites\/80\/2023\/01\/5-juli-potatisblommor-600x594.jpg 600w, https:\/\/mockelnforeningarna.se\/app\/uploads\/sites\/80\/2023\/01\/5-juli-potatisblommor-1600x1584.jpg 1600w, https:\/\/mockelnforeningarna.se\/app\/uploads\/sites\/80\/2023\/01\/5-juli-potatisblommor.jpg 2048w\" sizes=\"auto, (max-width: 1024px) 100vw, 1024px\" \/><div class=\"eedee-background-div__overlay\" style=\"opacity:1;\"><\/div><\/div><div class=\"slide-content\">\n\n<p class=\"has-text-align-center gutenslider-content-initial has-larger-font-size\"><\/p>\n\n<\/div><\/div>\n\n<div class=\"swiper-slide wp-block-eedee-block-gutenslide is-position-center-center ed-bg-image\" style=\"--ed-vw:225;--ed-vh:300;\" data-hash=\"\"><div class=\"eedee-background-div bg-image\"><img loading=\"lazy\" decoding=\"async\" width=\"768\" height=\"1024\" class=\"swiper-lazy wp-image-189\" src=\"https:\/\/mockelnforeningarna.se\/app\/uploads\/sites\/80\/2023\/01\/23-okt-svartkal-768x1024.jpg\" alt=\"\" style=\"object-fit: cover; object-position: 49% 68%;\"  data-title=\"23 okt svartka\u030al\" srcset=\"https:\/\/mockelnforeningarna.se\/app\/uploads\/sites\/80\/2023\/01\/23-okt-svartkal-768x1024.jpg 768w, https:\/\/mockelnforeningarna.se\/app\/uploads\/sites\/80\/2023\/01\/23-okt-svartkal-225x300.jpg 225w, https:\/\/mockelnforeningarna.se\/app\/uploads\/sites\/80\/2023\/01\/23-okt-svartkal-1152x1536.jpg 1152w, https:\/\/mockelnforeningarna.se\/app\/uploads\/sites\/80\/2023\/01\/23-okt-svartkal-1400x1867.jpg 1400w, https:\/\/mockelnforeningarna.se\/app\/uploads\/sites\/80\/2023\/01\/23-okt-svartkal-800x1067.jpg 800w, https:\/\/mockelnforeningarna.se\/app\/uploads\/sites\/80\/2023\/01\/23-okt-svartkal-500x667.jpg 500w, https:\/\/mockelnforeningarna.se\/app\/uploads\/sites\/80\/2023\/01\/23-okt-svartkal-1440x1920.jpg 1440w, https:\/\/mockelnforeningarna.se\/app\/uploads\/sites\/80\/2023\/01\/23-okt-svartkal-600x800.jpg 600w, https:\/\/mockelnforeningarna.se\/app\/uploads\/sites\/80\/2023\/01\/23-okt-svartkal.jpg 1536w\" sizes=\"auto, (max-width: 768px) 100vw, 768px\" \/><div class=\"eedee-background-div__overlay\" style=\"opacity:1;\"><\/div><\/div><div class=\"slide-content\">\n\n<p class=\"has-text-align-center gutenslider-content-initial has-larger-font-size\"><\/p>\n\n<\/div><\/div>\n\n<div class=\"swiper-slide wp-block-eedee-block-gutenslide is-position-center-center ed-bg-image\" style=\"--ed-vw:300;--ed-vh:225;\" data-hash=\"\"><div class=\"eedee-background-div bg-image\"><img loading=\"lazy\" decoding=\"async\" width=\"1024\" height=\"768\" class=\"swiper-lazy wp-image-214\" src=\"https:\/\/mockelnforeningarna.se\/app\/uploads\/sites\/80\/2023\/01\/8-juni-insekter-i-praktbetonika-1024x768.jpg\" alt=\"\" style=\"object-fit: cover; object-position: 50% 50%;\"  data-title=\"8 juni insekter i praktbetonika\" srcset=\"https:\/\/mockelnforeningarna.se\/app\/uploads\/sites\/80\/2023\/01\/8-juni-insekter-i-praktbetonika-1024x768.jpg 1024w, https:\/\/mockelnforeningarna.se\/app\/uploads\/sites\/80\/2023\/01\/8-juni-insekter-i-praktbetonika-300x225.jpg 300w, https:\/\/mockelnforeningarna.se\/app\/uploads\/sites\/80\/2023\/01\/8-juni-insekter-i-praktbetonika-768x576.jpg 768w, https:\/\/mockelnforeningarna.se\/app\/uploads\/sites\/80\/2023\/01\/8-juni-insekter-i-praktbetonika-1536x1152.jpg 1536w, https:\/\/mockelnforeningarna.se\/app\/uploads\/sites\/80\/2023\/01\/8-juni-insekter-i-praktbetonika-1400x1050.jpg 1400w, https:\/\/mockelnforeningarna.se\/app\/uploads\/sites\/80\/2023\/01\/8-juni-insekter-i-praktbetonika-800x600.jpg 800w, https:\/\/mockelnforeningarna.se\/app\/uploads\/sites\/80\/2023\/01\/8-juni-insekter-i-praktbetonika-500x375.jpg 500w, https:\/\/mockelnforeningarna.se\/app\/uploads\/sites\/80\/2023\/01\/8-juni-insekter-i-praktbetonika-1440x1080.jpg 1440w, https:\/\/mockelnforeningarna.se\/app\/uploads\/sites\/80\/2023\/01\/8-juni-insekter-i-praktbetonika-600x450.jpg 600w, https:\/\/mockelnforeningarna.se\/app\/uploads\/sites\/80\/2023\/01\/8-juni-insekter-i-praktbetonika-1600x1200.jpg 1600w, https:\/\/mockelnforeningarna.se\/app\/uploads\/sites\/80\/2023\/01\/8-juni-insekter-i-praktbetonika.jpg 2048w\" sizes=\"auto, (max-width: 1024px) 100vw, 1024px\" \/><div class=\"eedee-background-div__overlay\" style=\"opacity:1;\"><\/div><\/div><div class=\"slide-content\">\n\n<p class=\"has-text-align-center gutenslider-content-initial has-larger-font-size\"><\/p>\n\n<\/div><\/div>\n\n<div class=\"swiper-slide wp-block-eedee-block-gutenslide is-position-center-center ed-bg-image\" style=\"--ed-vw:225;--ed-vh:300;\" data-hash=\"\"><div class=\"eedee-background-div bg-image\"><img loading=\"lazy\" decoding=\"async\" width=\"768\" height=\"1024\" class=\"swiper-lazy wp-image-421\" src=\"https:\/\/mockelnforeningarna.se\/app\/uploads\/sites\/80\/2023\/09\/bukett-768x1024.jpeg\" alt=\"\" style=\"object-fit: cover; object-position: 50% 50%;\"  data-title=\"bukett\" srcset=\"https:\/\/mockelnforeningarna.se\/app\/uploads\/sites\/80\/2023\/09\/bukett-768x1024.jpeg 768w, https:\/\/mockelnforeningarna.se\/app\/uploads\/sites\/80\/2023\/09\/bukett-225x300.jpeg 225w, https:\/\/mockelnforeningarna.se\/app\/uploads\/sites\/80\/2023\/09\/bukett-1152x1536.jpeg 1152w, https:\/\/mockelnforeningarna.se\/app\/uploads\/sites\/80\/2023\/09\/bukett-1400x1867.jpeg 1400w, https:\/\/mockelnforeningarna.se\/app\/uploads\/sites\/80\/2023\/09\/bukett-800x1067.jpeg 800w, https:\/\/mockelnforeningarna.se\/app\/uploads\/sites\/80\/2023\/09\/bukett-500x667.jpeg 500w, https:\/\/mockelnforeningarna.se\/app\/uploads\/sites\/80\/2023\/09\/bukett-1440x1920.jpeg 1440w, https:\/\/mockelnforeningarna.se\/app\/uploads\/sites\/80\/2023\/09\/bukett-600x800.jpeg 600w, https:\/\/mockelnforeningarna.se\/app\/uploads\/sites\/80\/2023\/09\/bukett.jpeg 1536w\" sizes=\"auto, (max-width: 768px) 100vw, 768px\" \/><div class=\"eedee-background-div__overlay\" style=\"opacity:1;\"><\/div><\/div><div class=\"slide-content\">\n\n<p class=\"has-text-align-center gutenslider-content-initial has-larger-font-size\"><\/p>\n\n<\/div><\/div>\n\n\n<p class=\"has-text-align-center has-white-color has-text-color has-large-font-size\"><\/p>\n\n<\/div><button class=\"eedee-gutenslider-nav eedee-gutenslider-prev\"><svg xmlns=\"http:\/\/www.w3.org\/2000\/svg\" viewBox=\"0 0 24 24\" width=\"24\" height=\"24\"><circle class=\"bg\" cx=\"13\" cy=\"12\" r=\"11\" \/><path fill=\"none\" d=\"M0 0h24v24H0z\"\/><path class=\"arrow\" d=\"M10.828 12l4.95 4.95-1.414 1.414L8 12l6.364-6.364 1.414 1.414z\"\/><\/svg><\/button><button class=\"eedee-gutenslider-nav eedee-gutenslider-next\"><svg xmlns=\"http:\/\/www.w3.org\/2000\/svg\" viewBox=\"0 0 24 24\" width=\"24\" height=\"24\"><circle class=\"bg\" cx=\"11\" cy=\"12\" r=\"11\" \/><path fill=\"none\" d=\"M0 0h24v24H0z\"\/><path class=\"arrow\" d=\"M13.172 12l-4.95-4.95 1.414-1.414L16 12l-6.364 6.364-1.414-1.414z\"\/><\/svg><\/button><div class=\"eedee-gutenslider-pagination\"><\/div><\/div><div class=\"gutenslider-divider-bottom \" style=\"color:#fff; height:60px;\"><\/div><\/div>\n\n\n<div class=\"wp-block-group has-background has-global-padding is-layout-constrained wp-container-core-group-is-layout-418127e9 wp-block-group-is-layout-constrained\" style=\"background-color:#f0f0f0;margin-top:var(--wp--preset--spacing--small);padding-top:var(--wp--preset--spacing--small);padding-right:var(--wp--preset--spacing--medium);padding-bottom:var(--wp--preset--spacing--small);padding-left:var(--wp--preset--spacing--medium)\">\n<h2 class=\"wp-block-heading\">V\u00e4lkommen till Gr\u00e5bo tr\u00e4dg\u00e5rd!<\/h2>\n\n\n\n<p style=\"margin-top:var(--wp--preset--spacing--small);margin-right:0;margin-bottom:0;margin-left:0\">V\u00e4lkommen att bes\u00f6ka eller kanske odla tillsammans med oss p\u00e5 Gr\u00e5bo Tr\u00e4dg\u00e5rd!  <\/p>\n\n\n\n<p style=\"margin-top:var(--wp--preset--spacing--small);margin-right:0;margin-bottom:0;margin-left:0\">Gr\u00e5bo Tr\u00e4dg\u00e5rd \u00e4r en <strong>kulturhistorisk tr\u00e4dg\u00e5rd vid Gr\u00e5bo arbetarmuseum<\/strong>, Korpkullsv\u00e4gen 12 i Karlskoga, d\u00e4r fokus ligger p\u00e5 mat f\u00f6r b\u00e5de vilda pollinat\u00f6rer och m\u00e4nniskor. Tr\u00e4dg\u00e5rden sk\u00f6ts av oss medlemmar i f\u00f6reningen Gr\u00e5bo Tr\u00e4dg\u00e5rd och vi \u00e4lskar att odla och \u201dtr\u00e4dg\u00e5rdera\u201d \u2013 och vi blir g\u00e4rna fler! Inga s\u00e4rskilda kunskaper beh\u00f6vs, bara ett intresse f\u00f6r odling. \ud83c\udf31<\/p>\n\n\n\n<p>Vill du vara med? Under odlingss\u00e4song (april-oktober) tr\u00e4ffas vi p\u00e5 en tid vi gemensamt torsdagar kl.11 (justeras under s\u00e4songen) eller s\u00e5 \u00e5ker vi dit n\u00e4r andan faller p\u00e5! Mer information hittar du under rubriken <strong><a href=\"https:\/\/mockelnforeningarna.se\/grabotradgard\/odla_med_oss\/\">\u201dOdla med oss!\u201d<\/a><\/strong><\/p>\n\n\n\n<p>Gr\u00e5bo Tr\u00e4dg\u00e5rd startade som ett samodlingsprojekt som genomf\u00f6rdes 2020-2025 av <strong>Karlskoga kommun, M\u00f6ckelnf\u00f6reningarna, \u00d6rebro l\u00e4ns museum och LONA<\/strong> (L\u00e4nsstyrelsens lokala naturv\u00e5rdssatsning). Projektet m\u00f6jliggjorde att vi som f\u00f6rening kan odla tillsammans och mestadels odlas <strong>kulturhistoriska gr\u00f6nsaker, \u00f6rter, blommor, b\u00e4r och frukter<\/strong>. Alla som \u00e4r med i odlandet f\u00e5r vara med och sk\u00f6rda.<\/p>\n\n\n\n<p>Tr\u00e4dg\u00e5rden fungerar ocks\u00e5 som en <strong>arena och plats f\u00f6r allm\u00e4nheten<\/strong> \u2013 bes\u00f6kare \u00e4r alltid v\u00e4lkomna att str\u00f6va runt, uppt\u00e4cka och smaka lite p\u00e5 det som v\u00e4xer h\u00e4r. \ud83c\udf38\ud83d\udc1d<\/p>\n<\/div>\n","protected":false},"excerpt":{"rendered":"<p>V\u00e4lkommen till Gr\u00e5bo tr\u00e4dg\u00e5rd! V\u00e4lkommen att bes\u00f6ka eller kanske odla tillsammans med oss p\u00e5 Gr\u00e5bo Tr\u00e4dg\u00e5rd! Gr\u00e5bo Tr\u00e4dg\u00e5rd \u00e4r en kulturhistorisk tr\u00e4dg\u00e5rd vid Gr\u00e5bo arbetarmuseum, Korpkullsv\u00e4gen 12 i Karlskoga, d\u00e4r [&hellip;]<\/p>\n","protected":false},"author":3,"featured_media":0,"parent":0,"menu_order":0,"comment_status":"closed","ping_status":"closed","template":"page-notitle.php","meta":{"footnotes":""},"class_list":["post-4","page","type-page","status-publish","hentry"],"_links":{"self":[{"href":"https:\/\/mockelnforeningarna.se\/grabotradgard\/wp-json\/wp\/v2\/pages\/4","targetHints":{"allow":["GET"]}}],"collection":[{"href":"https:\/\/mockelnforeningarna.se\/grabotradgard\/wp-json\/wp\/v2\/pages"}],"about":[{"href":"https:\/\/mockelnforeningarna.se\/grabotradgard\/wp-json\/wp\/v2\/types\/page"}],"author":[{"embeddable":true,"href":"https:\/\/mockelnforeningarna.se\/grabotradgard\/wp-json\/wp\/v2\/users\/3"}],"replies":[{"embeddable":true,"href":"https:\/\/mockelnforeningarna.se\/grabotradgard\/wp-json\/wp\/v2\/comments?post=4"}],"version-history":[{"count":36,"href":"https:\/\/mockelnforeningarna.se\/grabotradgard\/wp-json\/wp\/v2\/pages\/4\/revisions"}],"predecessor-version":[{"id":1040,"href":"https:\/\/mockelnforeningarna.se\/grabotradgard\/wp-json\/wp\/v2\/pages\/4\/revisions\/1040"}],"wp:attachment":[{"href":"https:\/\/mockelnforeningarna.se\/grabotradgard\/wp-json\/wp\/v2\/media?parent=4"}],"curies":[{"name":"wp","href":"https:\/\/api.w.org\/{rel}","templated":true}]}}