{"id":586,"date":"2023-12-27T17:05:52","date_gmt":"2023-12-27T16:05:52","guid":{"rendered":"https:\/\/mockelnforeningarna.se\/grabotradgard\/?page_id=586"},"modified":"2025-05-23T22:14:52","modified_gmt":"2025-05-23T20:14:52","slug":"vaxtlista-2023","status":"publish","type":"page","link":"https:\/\/mockelnforeningarna.se\/grabotradgard\/vaxtlista-2023\/","title":{"rendered":"V\u00e4xtlista p\u00e5 Gr\u00e5bo Tr\u00e4dg\u00e5rd"},"content":{"rendered":"\n<h3 class=\"wp-block-heading\">S\u00f6dra sidan, <strong>Framsidan<\/strong><\/h3>\n\n\n\n<h5 class=\"wp-block-heading\"><strong>Buskar<\/strong><\/h5>\n\n\n\n<ol style=\"list-style-type:1\" class=\"wp-block-list\">\n<li>1 forsythia<\/li>\n\n\n\n<li>3 kerria<\/li>\n\n\n\n<li>3 bl\u00e5b\u00e4rstry i kruka, olika sorter<\/li>\n\n\n\n<li>Vit k\u00f6rsb\u00e4r<\/li>\n\n\n\n<li>Luddk\u00f6rsb\u00e4r<\/li>\n\n\n\n<li>3 amerikanska bl\u00e5b\u00e4r, olika sorter<\/li>\n\n\n\n<li>3 all\u00e5kerb\u00e4r, olika sorter<\/li>\n\n\n\n<li>Rabattkant av rosenspirea<\/li>\n<\/ol>\n\n\n\n<h5 class=\"wp-block-heading\"><strong>Perenner\/bienner p\u00e5 framsidan<\/strong><\/h5>\n\n\n\n<ol style=\"list-style-type:1\" class=\"wp-block-list\">\n<li>Liljor \u2013 krollilja, kejsarkrona, typ brandlilja. Tr\u00e4dlilja Anastasia<\/li>\n\n\n\n<li>Blandade narcisser, bland annat sm\u00e5 p\u00e5skliljor<\/li>\n\n\n\n<li>Perenn r\u00f6d vallmo<\/li>\n\n\n\n<li>2 sorters mal\u00f6rt: en finbladig (tv\u00e5 st\u00e4llen) och en stor silvrig flikbladig<\/li>\n\n\n\n<li>2 sorters dagliljor: tidig gul daglilja och en senare brun\/guldig daglilja<\/li>\n\n\n\n<li>Strandiris, bl\u00e5<\/li>\n\n\n\n<li>Skomakariris<\/li>\n\n\n\n<li>Tr\u00e4dg\u00e5rdsiris \u2013 sm\u00e5plantor av n\u00e5gra olika tidiga varianter<\/li>\n\n\n\n<li>Backsippa, lila och vinr\u00f6d<\/li>\n\n\n\n<li>L\u00f6jtnantshj\u00e4rta<\/li>\n\n\n\n<li>Stor bl\u00e5klocka<\/li>\n\n\n\n<li>Bl\u00e5fibbla<\/li>\n\n\n\n<li>Studentnejlika<\/li>\n\n\n\n<li>Bergklint<\/li>\n\n\n\n<li>Randgr\u00e4s<\/li>\n\n\n\n<li>Fj\u00e4dernejlika<\/li>\n\n\n\n<li>Silverpenningar (bienn som sj\u00e4lvs\u00e5r sig l\u00e4tt)<\/li>\n\n\n\n<li>Borstnejlika (bienn som sj\u00e4lvs\u00e5r sig l\u00e4tt)<\/li>\n\n\n\n<li>Fingerborgsblomma (bienn, kortlivad perenn som sj\u00e4lvs\u00e5r sig l\u00e4tt och blommar andra \u00e5ret)<\/li>\n\n\n\n<li>Gul fingerborgsblomma<\/li>\n\n\n\n<li>Akleja (blommar fr\u00e5n andra \u00e5ret)<\/li>\n\n\n\n<li>Takl\u00f6k<\/li>\n\n\n\n<li>Stockrosor (b\u00e5de bienna och perenna, i rabatten intill huset och p\u00e5 framsidan intill stenen)<\/li>\n\n\n\n<li>Flockn\u00e4va<\/li>\n\n\n\n<li>3 olika phlox, rosa, lila, vit<\/li>\n\n\n\n<li>N\u00e5gon gul k\u00e4rleks\u00f6rtsliknande blomma (inte lika stor som vanlig k\u00e4rleks\u00f6rt)<\/li>\n\n\n\n<li>Myskmalva<\/li>\n\n\n\n<li>Stora dahlior <em>(perenna om man vinterf\u00f6rvarar kn\u00f6larna)<\/em><\/li>\n\n\n\n<li>Bolltistel<\/li>\n\n\n\n<li>J\u00e4ttekungsljus (bienn)<\/li>\n<\/ol>\n\n\n\n<h5 class=\"wp-block-heading\"><strong>Buskar\/perenner i rabatten intill husv\u00e4ggen p\u00e5 framsidan<\/strong><\/h5>\n\n\n\n<ol style=\"list-style-type:1\" class=\"wp-block-list\">\n<li>Ros<\/li>\n\n\n\n<li>Kaprifol<\/li>\n\n\n\n<li>Stor ormrot<\/li>\n\n\n\n<li>Akleja<\/li>\n\n\n\n<li>Backnejlika<\/li>\n\n\n\n<li>Borstnejlika (bienn)<\/li>\n\n\n\n<li>Stockros (bienn)<\/li>\n<\/ol>\n\n\n\n<h5 class=\"wp-block-heading\"><strong>\u201dFruktlunden\u201d<\/strong><\/h5>\n\n\n\n<ol style=\"list-style-type:1\" class=\"wp-block-list\">\n<li>P\u00e4ron<\/li>\n\n\n\n<li>\u00c4pple<\/li>\n\n\n\n<li>K\u00f6rsb\u00e4r<\/li>\n\n\n\n<li>Plommon<\/li>\n\n\n\n<li>Sviskon<\/li>\n\n\n\n<li>Alaskahallon<\/li>\n\n\n\n<li>Bl\u00e5 hallon<\/li>\n\n\n\n<li>Lila hallon<\/li>\n\n\n\n<li>Gula hallon<\/li>\n\n\n\n<li>R\u00f6da vanliga hallon<\/li>\n\n\n\n<li>3 havtorn (2 honor, 1 hane)<\/li>\n<\/ol>\n\n\n\n<h3 class=\"wp-block-heading\"><strong>Baksidan<\/strong><\/h3>\n\n\n\n<h5 class=\"wp-block-heading\"><strong>Perennrabatten p\u00e5 baksidan mot stationshuset<\/strong><\/h5>\n\n\n\n<ol style=\"list-style-type:1\" class=\"wp-block-list\">\n<li>Pepparrot<\/li>\n\n\n\n<li>Funkia<\/li>\n\n\n\n<li>Lila temynta<\/li>\n\n\n\n<li>Astilbe, rosa<\/li>\n\n\n\n<li>Flockn\u00e4va, vit<\/li>\n\n\n\n<li>Anisisop<\/li>\n\n\n\n<li>Skomakariris<\/li>\n\n\n\n<li>Bl\u00e5gull<\/li>\n\n\n\n<li>K\u00e4rleks\u00f6rt<\/li>\n\n\n\n<li>Lung\u00f6rt, rosa<\/li>\n\n\n\n<li>Sj\u00e4rnflocka, vit<\/li>\n\n\n\n<li>\u00c4kta vall\u00f6rt<\/li>\n\n\n\n<li>Bl\u00e5gull<\/li>\n\n\n\n<li>Str\u00e5l\u00f6ga<\/li>\n<\/ol>\n\n\n\n<h5 class=\"wp-block-heading\"><strong>\u00d6vriga perenna\/bienna blommor p\u00e5 baksidan<\/strong><\/h5>\n\n\n\n<ol style=\"list-style-type:1\" class=\"wp-block-list\">\n<li>Purpurkl\u00e4tt (bienn\/kortlivad perenn, blommar fr\u00e5n andra \u00e5ret)<\/li>\n\n\n\n<li>\u201dVanlig\u201d pr\u00e4stkrage<\/li>\n\n\n\n<li>F\u00f6rg\u00e4tmigej<\/li>\n\n\n\n<li>\u00c4kta vall\u00f6rt <em>(v\u00e4rdefull v\u00e4xt att anv\u00e4nda till g\u00f6dning, t.ex. g\u00f6ra g\u00f6dselvatten av)<\/em><\/li>\n<\/ol>\n\n\n\n<h5 class=\"wp-block-heading\"><strong>Buskar\/tr\u00e4d p\u00e5 baksidan<\/strong><\/h5>\n\n\n\n<ol style=\"list-style-type:1\" class=\"wp-block-list\">\n<li>3\u20134 bj\u00f6rnb\u00e4r<\/li>\n\n\n\n<li>1 klarb\u00e4r<\/li>\n\n\n\n<li>Krusb\u00e4r olika sorter, bl.a. r\u00f6d hinnonm\u00e4ki<\/li>\n\n\n\n<li>Vinb\u00e4r (7\u20138 svarta vinb\u00e4r, 1 r\u00f6d vinb\u00e4r, 1 rosa vinb\u00e4r, 1 gr\u00f6n vinb\u00e4r)<\/li>\n\n\n\n<li>2-4 buskar bl\u00e5b\u00e4rstry<\/li>\n\n\n\n<li>Aronia<\/li>\n\n\n\n<li>Rosenkvitten<\/li>\n<\/ol>\n\n\n\n<h5 class=\"wp-block-heading\"><strong>\u00c4tliga perenner\/\u00f6rter p\u00e5 baksidan<\/strong><\/h5>\n\n\n\n<ol style=\"list-style-type:1\" class=\"wp-block-list\">\n<li>Gode Henriks m\u00e5lla (\u00e4ts av hjortar)<\/li>\n\n\n\n<li>Gr\u00f6nmynta <em>(h\u00e5ll koll p\u00e5 den)<\/em><\/li>\n\n\n\n<li>Jord\u00e4rtskocka (sk\u00f6rdas p\u00e5 senh\u00f6st\/tidig v\u00e5r n\u00e4r tj\u00e4len g\u00e5tt ur backen, hittills har ingen sk\u00f6rdat)<\/li>\n\n\n\n<li>4\u20135 rabarber<\/li>\n\n\n\n<li>Kungsmynta<\/li>\n\n\n\n<li>Salvia<\/li>\n\n\n\n<li>Citronmeliss<\/li>\n\n\n\n<li>Gr\u00e4sl\u00f6k<\/li>\n\n\n\n<li>Luftl\u00f6k<\/li>\n\n\n\n<li>Pipl\u00f6k<\/li>\n\n\n\n<li>Persilja (bienn)<\/li>\n<\/ol>\n\n\n\n<h5 class=\"wp-block-heading\"><strong>Ett\u00e5riga gr\u00f6nsaksv\u00e4xter i Gr\u00e5bo tr\u00e4dg\u00e5rd <\/strong><\/h5>\n\n\n\n<ol style=\"list-style-type:1\" class=\"wp-block-list\">\n<li>Olika k\u00e5lv\u00e4xter (k\u00e5lrabbi, vitk\u00e5l, rosettk\u00e5l, broccoli, gr\u00f6n brysselk\u00e5l, r\u00f6d brysselk\u00e5l, sibirisk bladraps, gr\u00f6nk\u00e5l, svartk\u00e5l, purpurk\u00e5l)<\/li>\n\n\n\n<li>Olika l\u00f6kv\u00e4xter (r\u00f6d l\u00f6k, gul l\u00f6k, vitl\u00f6k, purjol\u00f6k)<\/li>\n\n\n\n<li>Bondb\u00f6nor<\/li>\n\n\n\n<li>St\u00f6rb\u00f6nor<\/li>\n\n\n\n<li>Olika socker\u00e4rtor (bl.a. Lokf\u00f6rare Bergf\u00e4lts j\u00e4tte\u00e4rt)<\/li>\n\n\n\n<li>Gurkv\u00e4xter (druvgurka, olika squash, olika pumpor inklusive prydnadspumpa)<\/li>\n\n\n\n<li>Dill<\/li>\n\n\n\n<li>Kron\u00e4rtskocka<\/li>\n<\/ol>\n\n\n\n<h5 class=\"wp-block-heading\"><strong>Ett\u00e5riga blommor i Gr\u00e5bo tr\u00e4dg\u00e5rd<\/strong><\/h5>\n\n\n\n<ol style=\"list-style-type:1\" class=\"wp-block-list\">\n<li>Ballongblomma<\/li>\n\n\n\n<li>Vallmo<\/li>\n\n\n\n<li>Mattram<\/li>\n\n\n\n<li>Ringblomma<\/li>\n\n\n\n<li>Solros<\/li>\n\n\n\n<li>Lejongap<\/li>\n\n\n\n<li>Lukt\u00e4rt<\/li>\n\n\n\n<li>Rosensk\u00e4ra<\/li>\n\n\n\n<li>Blodamarant<\/li>\n\n\n\n<li>Linn\u00e9tagetes<\/li>\n\n\n\n<li>Kryddtagetes<\/li>\n\n\n\n<li>Apelsintagetes<\/li>\n\n\n\n<li>Kryddtagetes<\/li>\n<\/ol>\n\n\n\n<p><\/p>\n","protected":false},"excerpt":{"rendered":"<p>S\u00f6dra sidan, Framsidan Buskar Perenner\/bienner p\u00e5 framsidan Buskar\/perenner i rabatten intill husv\u00e4ggen p\u00e5 framsidan \u201dFruktlunden\u201d Baksidan Perennrabatten p\u00e5 baksidan mot stationshuset \u00d6vriga perenna\/bienna blommor p\u00e5 baksidan Buskar\/tr\u00e4d p\u00e5 baksidan \u00c4tliga [&hellip;]<\/p>\n","protected":false},"author":109,"featured_media":0,"parent":0,"menu_order":0,"comment_status":"closed","ping_status":"closed","template":"","meta":{"footnotes":""},"class_list":["post-586","page","type-page","status-publish","hentry"],"_links":{"self":[{"href":"https:\/\/mockelnforeningarna.se\/grabotradgard\/wp-json\/wp\/v2\/pages\/586","targetHints":{"allow":["GET"]}}],"collection":[{"href":"https:\/\/mockelnforeningarna.se\/grabotradgard\/wp-json\/wp\/v2\/pages"}],"about":[{"href":"https:\/\/mockelnforeningarna.se\/grabotradgard\/wp-json\/wp\/v2\/types\/page"}],"author":[{"embeddable":true,"href":"https:\/\/mockelnforeningarna.se\/grabotradgard\/wp-json\/wp\/v2\/users\/109"}],"replies":[{"embeddable":true,"href":"https:\/\/mockelnforeningarna.se\/grabotradgard\/wp-json\/wp\/v2\/comments?post=586"}],"version-history":[{"count":4,"href":"https:\/\/mockelnforeningarna.se\/grabotradgard\/wp-json\/wp\/v2\/pages\/586\/revisions"}],"predecessor-version":[{"id":662,"href":"https:\/\/mockelnforeningarna.se\/grabotradgard\/wp-json\/wp\/v2\/pages\/586\/revisions\/662"}],"wp:attachment":[{"href":"https:\/\/mockelnforeningarna.se\/grabotradgard\/wp-json\/wp\/v2\/media?parent=586"}],"curies":[{"name":"wp","href":"https:\/\/api.w.org\/{rel}","templated":true}]}}