{"id":796,"date":"2025-10-27T18:40:32","date_gmt":"2025-10-27T17:40:32","guid":{"rendered":"https:\/\/mockelnforeningarna.se\/grabotradgard\/?page_id=796"},"modified":"2025-11-04T09:16:58","modified_gmt":"2025-11-04T08:16:58","slug":"digital-guidning","status":"publish","type":"page","link":"https:\/\/mockelnforeningarna.se\/grabotradgard\/digital-guidning\/","title":{"rendered":"Digital guidning"},"content":{"rendered":"\n<h1 class=\"wp-block-heading\"><a href=\"https:\/\/mockelnforeningarna.se\/grabotradgard\/pollinatorer-3\/\">\ud83d\udc1d<\/a>&nbsp;<a href=\"https:\/\/mockelnforeningarna.se\/grabotradgard\/kompost\/\">\ud83c\udf42<\/a>&nbsp;<a href=\"https:\/\/mockelnforeningarna.se\/grabotradgard\/stenrose-liv-bland-stenarna\/\">\ud83e\udea8<\/a><strong><a href=\"https:\/\/mockelnforeningarna.se\/grabotradgard\/kryddland\/\">\ud83c\udf3f<\/a><a href=\"https:\/\/mockelnforeningarna.se\/grabotradgard\/frukt-och-bar\/\">\ud83c\udf4e<\/a><\/strong><a href=\"https:\/\/mockelnforeningarna.se\/grabotradgard\/perenner\/\">\ud83c\udf3c<\/a><a href=\"https:\/\/mockelnforeningarna.se\/grabotradgard\/dod-ved\/\">\ud83e\udeb5<\/a><a href=\"https:\/\/mockelnforeningarna.se\/grabotradgard\/fron\/\">\ud83e\uded8<\/a><\/h1>\n\n\n\n<p>S\u00e5 roligt att ni vill bes\u00f6ka <strong>Gr\u00e5bo Tr\u00e4dg\u00e5rd<\/strong> och l\u00e4ra er mer om samspelet mellan m\u00e4nniskor, v\u00e4xter och de viktiga pollinat\u00f6rerna. H\u00e4r v\u00e4xer inte bara v\u00e4xter \u2013 utan ocks\u00e5 <strong>kunskap, gemenskap och omtanke om naturen<\/strong>. <\/p>\n\n\n\n<p><strong>Vad \u00e4r Digital guidning?<\/strong><br>Jo! Om allt fungerar som det ska kommer ni i under en promenad i tr\u00e4dg\u00e5rden att hitta olika skyltar med qr-koder som tar er till sidorna nedan med mer information. P\u00e5 varje sida finns information och diskussionsfr\u00e5gor.<\/p>\n\n\n\n<p>I tr\u00e4dg\u00e5rden m\u00f6ts historia och framtid, handkraft och naturens egen rytm. H\u00e4r odlas kulturhistoriska v\u00e4xter, \u00f6rter, blommor, frukter och b\u00e4r \u2013 allt med respekt f\u00f6r jorden och med fokus p\u00e5 h\u00e5llbarhet. De som deltar i odlingen bidrar till ett levande kretslopp d\u00e4r varje planta, varje insekt och varje m\u00e4nniska har sin roll.<\/p>\n\n\n\n<p>Pollinat\u00f6rerna \u2013 v\u00e5ra sm\u00e5 men oumb\u00e4rliga medarbetare \u2013 g\u00f6r ett tyst och viktigt arbete. Tack vare dem kan vi njuta av <strong>f\u00e4rgstarka blommor, smakrika frukter och rikliga sk\u00f6rdar<\/strong>. D\u00e4rf\u00f6r odlar vi h\u00e4r inte bara f\u00f6r m\u00e4nniskan, utan ocks\u00e5 f\u00f6r humlor, bin, fj\u00e4rilar och andra som h\u00e5ller livet ig\u00e5ng i tr\u00e4dg\u00e5rden.<\/p>\n\n\n\n<p>Ta g\u00e4rna en stund att <strong>titta runt, dofta, smaka och l\u00e5ta dig inspireras<\/strong>. Uppt\u00e4ck hur naturen och m\u00e4nniskan tillsammans kan skapa n\u00e5got h\u00e5llbart, vackert och gott \u2013 och hur vi, med sm\u00e5 steg, kan <strong>odla framtiden tillsammans<\/strong> med naturens egna hj\u00e4lpredor. \ud83c\udf3f\ud83d\udc1d\ud83c\udf3f\u2728<\/p>\n\n\n\n<p>H\u00e4r finns information om olika delar i tr\u00e4dg\u00e5rden:<\/p>\n\n\n\n<p>\ud83d\udc1d <a href=\"https:\/\/mockelnforeningarna.se\/grabotradgard\/pollinatorer-3\/\">Pollinat\u00f6rer &#8211; naturens hj\u00e4lpare<\/a><\/p>\n\n\n\n<p>\ud83c\udf42  <a href=\"https:\/\/mockelnforeningarna.se\/grabotradgard\/kompost\/\">Kompost &#8211; naturens eget kretslopp<\/a><\/p>\n\n\n\n<p>\ud83e\udea8 <a href=\"https:\/\/mockelnforeningarna.se\/grabotradgard\/stenrose-liv-bland-stenarna\/\">Stenr\u00f6se &#8211; liv bland stenarna<\/a><\/p>\n\n\n\n<p><strong>\ud83c\udf3f<\/strong><a href=\"https:\/\/mockelnforeningarna.se\/grabotradgard\/kryddland\/\">Kryddland &#8211; doft och nytta<\/a><\/p>\n\n\n\n<p><strong>\ud83c\udf4e<\/strong> <a href=\"https:\/\/mockelnforeningarna.se\/grabotradgard\/frukt-och-bar\/\">Frukt och b\u00e4r &#8211; naturens eget skafferi<\/a><\/p>\n\n\n\n<p>\ud83c\udf3c<a href=\"https:\/\/mockelnforeningarna.se\/grabotradgard\/perenner\/\">Perenner &#8211; tr\u00e4dg\u00e5rdens trogna f\u00f6ljeslagare<\/a><\/p>\n\n\n\n<p>\ud83e\udeb5<a href=\"https:\/\/mockelnforeningarna.se\/grabotradgard\/dod-ved\/\">D\u00f6d ved &#8211; naturens viktiga resurs<\/a><\/p>\n\n\n\n<p><a href=\"https:\/\/mockelnforeningarna.se\/grabotradgard\/fron\/\"><a href=\"https:\/\/mockelnforeningarna.se\/grabotradgard\/fron\/\">\ud83e\uded8<\/a><\/a> <a href=\"https:\/\/mockelnforeningarna.se\/grabotradgard\/fron\/\">Fr\u00f6n &#8211; sm\u00e5 mirakel med stor betydelse<\/a><\/p>\n","protected":false},"excerpt":{"rendered":"<p>\ud83d\udc1d&nbsp;\ud83c\udf42&nbsp;\ud83e\udea8\ud83c\udf3f\ud83c\udf4e\ud83c\udf3c\ud83e\udeb5\ud83e\uded8 S\u00e5 roligt att ni vill bes\u00f6ka Gr\u00e5bo Tr\u00e4dg\u00e5rd och l\u00e4ra er mer om samspelet mellan m\u00e4nniskor, v\u00e4xter och de viktiga pollinat\u00f6rerna. H\u00e4r v\u00e4xer inte bara v\u00e4xter \u2013 utan ocks\u00e5 [&hellip;]<\/p>\n","protected":false},"author":38,"featured_media":0,"parent":0,"menu_order":0,"comment_status":"closed","ping_status":"closed","template":"","meta":{"footnotes":""},"class_list":["post-796","page","type-page","status-publish","hentry"],"_links":{"self":[{"href":"https:\/\/mockelnforeningarna.se\/grabotradgard\/wp-json\/wp\/v2\/pages\/796","targetHints":{"allow":["GET"]}}],"collection":[{"href":"https:\/\/mockelnforeningarna.se\/grabotradgard\/wp-json\/wp\/v2\/pages"}],"about":[{"href":"https:\/\/mockelnforeningarna.se\/grabotradgard\/wp-json\/wp\/v2\/types\/page"}],"author":[{"embeddable":true,"href":"https:\/\/mockelnforeningarna.se\/grabotradgard\/wp-json\/wp\/v2\/users\/38"}],"replies":[{"embeddable":true,"href":"https:\/\/mockelnforeningarna.se\/grabotradgard\/wp-json\/wp\/v2\/comments?post=796"}],"version-history":[{"count":12,"href":"https:\/\/mockelnforeningarna.se\/grabotradgard\/wp-json\/wp\/v2\/pages\/796\/revisions"}],"predecessor-version":[{"id":897,"href":"https:\/\/mockelnforeningarna.se\/grabotradgard\/wp-json\/wp\/v2\/pages\/796\/revisions\/897"}],"wp:attachment":[{"href":"https:\/\/mockelnforeningarna.se\/grabotradgard\/wp-json\/wp\/v2\/media?parent=796"}],"curies":[{"name":"wp","href":"https:\/\/api.w.org\/{rel}","templated":true}]}}