{"id":305,"date":"2024-12-20T16:18:04","date_gmt":"2024-12-20T15:18:04","guid":{"rendered":"https:\/\/mockelnforeningarna.se\/hogasenby\/?page_id=305"},"modified":"2024-12-20T16:32:41","modified_gmt":"2024-12-20T15:32:41","slug":"om-oss-2","status":"publish","type":"page","link":"https:\/\/mockelnforeningarna.se\/hogasenby\/om-oss-2\/","title":{"rendered":"OM OSS"},"content":{"rendered":"\n<div class=\"wp-block-columns alignwide is-layout-flex wp-container-core-columns-is-layout-28f84493 wp-block-columns-is-layout-flex\">\n<div class=\"wp-block-column is-layout-flow wp-block-column-is-layout-flow\">\n<figure class=\"wp-block-gallery has-nested-images columns-default is-cropped wp-block-gallery-1 is-layout-flex wp-block-gallery-is-layout-flex\">\n<figure class=\"wp-block-image size-large\"><img loading=\"lazy\" decoding=\"async\" width=\"768\" height=\"1024\" data-id=\"136\" src=\"https:\/\/mockelnforeningarna.se\/app\/uploads\/sites\/17\/2019\/11\/IMG_0120-768x1024.jpg\" alt=\"\" class=\"wp-image-136\" srcset=\"https:\/\/mockelnforeningarna.se\/app\/uploads\/sites\/17\/2019\/11\/IMG_0120-768x1024.jpg 768w, https:\/\/mockelnforeningarna.se\/app\/uploads\/sites\/17\/2019\/11\/IMG_0120-225x300.jpg 225w, https:\/\/mockelnforeningarna.se\/app\/uploads\/sites\/17\/2019\/11\/IMG_0120-1152x1536.jpg 1152w, https:\/\/mockelnforeningarna.se\/app\/uploads\/sites\/17\/2019\/11\/IMG_0120-1536x2048.jpg 1536w, https:\/\/mockelnforeningarna.se\/app\/uploads\/sites\/17\/2019\/11\/IMG_0120-1600x2133.jpg 1600w, https:\/\/mockelnforeningarna.se\/app\/uploads\/sites\/17\/2019\/11\/IMG_0120-1400x1867.jpg 1400w, https:\/\/mockelnforeningarna.se\/app\/uploads\/sites\/17\/2019\/11\/IMG_0120-800x1067.jpg 800w, https:\/\/mockelnforeningarna.se\/app\/uploads\/sites\/17\/2019\/11\/IMG_0120-500x667.jpg 500w, https:\/\/mockelnforeningarna.se\/app\/uploads\/sites\/17\/2019\/11\/IMG_0120-1440x1920.jpg 1440w, https:\/\/mockelnforeningarna.se\/app\/uploads\/sites\/17\/2019\/11\/IMG_0120-600x800.jpg 600w, https:\/\/mockelnforeningarna.se\/app\/uploads\/sites\/17\/2019\/11\/IMG_0120-scaled.jpg 1920w\" sizes=\"auto, (max-width: 768px) 100vw, 768px\" \/><\/figure>\n<\/figure>\n<\/div>\n\n\n\n<div class=\"wp-block-column is-vertically-aligned-center is-layout-flow wp-block-column-is-layout-flow\">\n<p>H\u00f6g\u00e5sen Bygdef\u00f6rening vill verka f\u00f6r att H\u00f6g\u00e5sen ska utvecklas och vara en levande by med bra kommunikationsm\u00f6jligheter, Infrastruktur och en plats d\u00e4r alla generationer trivs att bo.<\/p>\n\n\n\n<p>Vi vill samverka med (och p\u00e5verka) myndigheter och organisationer. Bygdef\u00f6reningen vill ta initiativ f\u00f6r traktens b\u00e4sta och f\u00f6r gemenskapen inom byn med omnejd.<\/p>\n\n\n\n<p>Vi \u00e4r partipolitiskt och religi\u00f6st obundna.<\/p>\n<\/div>\n<\/div>\n\n\n\n<p><\/p>\n","protected":false},"excerpt":{"rendered":"<p>H\u00f6g\u00e5sen Bygdef\u00f6rening vill verka f\u00f6r att H\u00f6g\u00e5sen ska utvecklas och vara en levande by med bra kommunikationsm\u00f6jligheter, Infrastruktur och en plats d\u00e4r alla generationer trivs att bo. Vi vill samverka [&hellip;]<\/p>\n","protected":false},"author":152,"featured_media":0,"parent":0,"menu_order":0,"comment_status":"closed","ping_status":"closed","template":"","meta":{"footnotes":""},"class_list":["post-305","page","type-page","status-publish","hentry"],"_links":{"self":[{"href":"https:\/\/mockelnforeningarna.se\/hogasenby\/wp-json\/wp\/v2\/pages\/305","targetHints":{"allow":["GET"]}}],"collection":[{"href":"https:\/\/mockelnforeningarna.se\/hogasenby\/wp-json\/wp\/v2\/pages"}],"about":[{"href":"https:\/\/mockelnforeningarna.se\/hogasenby\/wp-json\/wp\/v2\/types\/page"}],"author":[{"embeddable":true,"href":"https:\/\/mockelnforeningarna.se\/hogasenby\/wp-json\/wp\/v2\/users\/152"}],"replies":[{"embeddable":true,"href":"https:\/\/mockelnforeningarna.se\/hogasenby\/wp-json\/wp\/v2\/comments?post=305"}],"version-history":[{"count":2,"href":"https:\/\/mockelnforeningarna.se\/hogasenby\/wp-json\/wp\/v2\/pages\/305\/revisions"}],"predecessor-version":[{"id":308,"href":"https:\/\/mockelnforeningarna.se\/hogasenby\/wp-json\/wp\/v2\/pages\/305\/revisions\/308"}],"wp:attachment":[{"href":"https:\/\/mockelnforeningarna.se\/hogasenby\/wp-json\/wp\/v2\/media?parent=305"}],"curies":[{"name":"wp","href":"https:\/\/api.w.org\/{rel}","templated":true}]}}