{"id":36,"date":"2019-04-26T14:28:12","date_gmt":"2019-04-26T12:28:12","guid":{"rendered":"https:\/\/mockelnforeningarna.se\/hogasenby\/?page_id=36"},"modified":"2025-04-27T11:53:39","modified_gmt":"2025-04-27T09:53:39","slug":"styrelsen","status":"publish","type":"page","link":"https:\/\/mockelnforeningarna.se\/hogasenby\/styrelsen\/","title":{"rendered":"Styrelsen"},"content":{"rendered":"\n<p><strong>ORDF\u00d6RANDE<\/strong><\/p>\n\n\n\n<p>Louise Larsson<\/p>\n\n\n\n<p><strong>LEDAM\u00d6TER<\/strong><\/p>\n\n\n\n<ul class=\"wp-block-list\">\n<li>Maja Ridell<\/li>\n\n\n\n<li>Henrik Ridell<\/li>\n\n\n\n<li>Margaretha Svensson<\/li>\n\n\n\n<li>Bj\u00f6rn Karlsson<\/li>\n\n\n\n<li>Mikael Andersson<\/li>\n\n\n\n<li>Emma Eriksson<\/li>\n\n\n\n<li>Michael Eriksson<\/li>\n\n\n\n<li>Viktor Johansson<\/li>\n\n\n\n<li>Henrik Berggren<\/li>\n<\/ul>\n\n\n\n<p>Inom Styrelsen har Maja Ridell utsetts till kass\u00f6r.<br>Margaretha Svensson till festkommitt\u00e9.<\/p>\n\n\n\n<div class=\"wp-block-columns is-layout-flex wp-container-core-columns-is-layout-28f84493 wp-block-columns-is-layout-flex\">\n<div class=\"wp-block-column is-layout-flow wp-block-column-is-layout-flow\" style=\"flex-basis:100%\">\n<h5 class=\"wp-block-heading\"><strong>Revisor<\/strong><\/h5>\n\n\n\n<p>Per Sam\u00e9n<\/p>\n<\/div>\n<\/div>\n\n\n\n<p><strong>Valberedning<\/strong><br>Tage Svensson<\/p>\n\n\n\n<p><\/p>\n","protected":false},"excerpt":{"rendered":"<p>ORDF\u00d6RANDE Louise Larsson LEDAM\u00d6TER Inom Styrelsen har Maja Ridell utsetts till kass\u00f6r.Margaretha Svensson till festkommitt\u00e9. Revisor Per Sam\u00e9n ValberedningTage Svensson<\/p>\n","protected":false},"author":20,"featured_media":0,"parent":0,"menu_order":0,"comment_status":"closed","ping_status":"closed","template":"","meta":{"footnotes":""},"class_list":["post-36","page","type-page","status-publish","hentry"],"_links":{"self":[{"href":"https:\/\/mockelnforeningarna.se\/hogasenby\/wp-json\/wp\/v2\/pages\/36","targetHints":{"allow":["GET"]}}],"collection":[{"href":"https:\/\/mockelnforeningarna.se\/hogasenby\/wp-json\/wp\/v2\/pages"}],"about":[{"href":"https:\/\/mockelnforeningarna.se\/hogasenby\/wp-json\/wp\/v2\/types\/page"}],"author":[{"embeddable":true,"href":"https:\/\/mockelnforeningarna.se\/hogasenby\/wp-json\/wp\/v2\/users\/20"}],"replies":[{"embeddable":true,"href":"https:\/\/mockelnforeningarna.se\/hogasenby\/wp-json\/wp\/v2\/comments?post=36"}],"version-history":[{"count":4,"href":"https:\/\/mockelnforeningarna.se\/hogasenby\/wp-json\/wp\/v2\/pages\/36\/revisions"}],"predecessor-version":[{"id":338,"href":"https:\/\/mockelnforeningarna.se\/hogasenby\/wp-json\/wp\/v2\/pages\/36\/revisions\/338"}],"wp:attachment":[{"href":"https:\/\/mockelnforeningarna.se\/hogasenby\/wp-json\/wp\/v2\/media?parent=36"}],"curies":[{"name":"wp","href":"https:\/\/api.w.org\/{rel}","templated":true}]}}