{"id":5,"date":"2019-04-26T12:46:47","date_gmt":"2019-04-26T10:46:47","guid":{"rendered":"https:\/\/mockelnforeningarna.se\/hogasenby\/?page_id=5"},"modified":"2024-12-20T15:59:22","modified_gmt":"2024-12-20T14:59:22","slug":"hem","status":"publish","type":"page","link":"https:\/\/mockelnforeningarna.se\/hogasenby\/","title":{"rendered":"Hem"},"content":{"rendered":"\n<figure class=\"wp-block-image aligncenter\"><img loading=\"lazy\" decoding=\"async\" width=\"2458\" height=\"1520\" src=\"https:\/\/mockelnforeningarna.se\/app\/uploads\/sites\/17\/2024\/12\/IMG_6556-scaled-e1733495028234.jpg\" alt=\"\" class=\"wp-image-294\" srcset=\"https:\/\/mockelnforeningarna.se\/app\/uploads\/sites\/17\/2024\/12\/IMG_6556-scaled-e1733495028234.jpg 2458w, https:\/\/mockelnforeningarna.se\/app\/uploads\/sites\/17\/2024\/12\/IMG_6556-scaled-e1733495028234-300x186.jpg 300w, https:\/\/mockelnforeningarna.se\/app\/uploads\/sites\/17\/2024\/12\/IMG_6556-scaled-e1733495028234-1024x633.jpg 1024w, https:\/\/mockelnforeningarna.se\/app\/uploads\/sites\/17\/2024\/12\/IMG_6556-scaled-e1733495028234-768x475.jpg 768w, https:\/\/mockelnforeningarna.se\/app\/uploads\/sites\/17\/2024\/12\/IMG_6556-scaled-e1733495028234-1536x950.jpg 1536w, https:\/\/mockelnforeningarna.se\/app\/uploads\/sites\/17\/2024\/12\/IMG_6556-scaled-e1733495028234-2048x1266.jpg 2048w, https:\/\/mockelnforeningarna.se\/app\/uploads\/sites\/17\/2024\/12\/IMG_6556-scaled-e1733495028234-1600x989.jpg 1600w, https:\/\/mockelnforeningarna.se\/app\/uploads\/sites\/17\/2024\/12\/IMG_6556-scaled-e1733495028234-1400x866.jpg 1400w, https:\/\/mockelnforeningarna.se\/app\/uploads\/sites\/17\/2024\/12\/IMG_6556-scaled-e1733495028234-800x495.jpg 800w, https:\/\/mockelnforeningarna.se\/app\/uploads\/sites\/17\/2024\/12\/IMG_6556-scaled-e1733495028234-500x309.jpg 500w, https:\/\/mockelnforeningarna.se\/app\/uploads\/sites\/17\/2024\/12\/IMG_6556-scaled-e1733495028234-1440x890.jpg 1440w, https:\/\/mockelnforeningarna.se\/app\/uploads\/sites\/17\/2024\/12\/IMG_6556-scaled-e1733495028234-600x371.jpg 600w\" sizes=\"auto, (max-width: 2458px) 100vw, 2458px\" \/><\/figure>\n\n\n\n<h2 class=\"wp-block-heading alignwide has-text-align-center\">V\u00c4LKOMMEN TILL H\u00d6G\u00c5SEN BYF\u00d6RENING<\/h2>\n\n\n\n<p style=\"padding-top:var(--wp--preset--spacing--medium);padding-right:0;padding-bottom:0;padding-left:0\">H\u00f6g\u00e5sen Bygdef\u00f6rening vill verka f\u00f6r att H\u00f6g\u00e5sen ska utvecklas och vara en levande by med bra kommunikationsm\u00f6jligheter, Infrastruktur och en plats d\u00e4r alla generationer trivs att bo. Vi vill samverka med (och p\u00e5verka) myndigheter och organisationer. Bygdef\u00f6reningen vill ta initiativ f\u00f6r traktens b\u00e4sta och f\u00f6r gemenskapen inom byn med omnejd.<\/p>\n\n\n\n<p><\/p>\n","protected":false},"excerpt":{"rendered":"<p>V\u00c4LKOMMEN TILL H\u00d6G\u00c5SEN BYF\u00d6RENING H\u00f6g\u00e5sen Bygdef\u00f6rening vill verka f\u00f6r att H\u00f6g\u00e5sen ska utvecklas och vara en levande by med bra kommunikationsm\u00f6jligheter, Infrastruktur och en plats d\u00e4r alla generationer trivs att [&hellip;]<\/p>\n","protected":false},"author":20,"featured_media":0,"parent":0,"menu_order":10,"comment_status":"closed","ping_status":"closed","template":"page-notitle.php","meta":{"footnotes":""},"class_list":["post-5","page","type-page","status-publish","hentry"],"_links":{"self":[{"href":"https:\/\/mockelnforeningarna.se\/hogasenby\/wp-json\/wp\/v2\/pages\/5","targetHints":{"allow":["GET"]}}],"collection":[{"href":"https:\/\/mockelnforeningarna.se\/hogasenby\/wp-json\/wp\/v2\/pages"}],"about":[{"href":"https:\/\/mockelnforeningarna.se\/hogasenby\/wp-json\/wp\/v2\/types\/page"}],"author":[{"embeddable":true,"href":"https:\/\/mockelnforeningarna.se\/hogasenby\/wp-json\/wp\/v2\/users\/20"}],"replies":[{"embeddable":true,"href":"https:\/\/mockelnforeningarna.se\/hogasenby\/wp-json\/wp\/v2\/comments?post=5"}],"version-history":[{"count":5,"href":"https:\/\/mockelnforeningarna.se\/hogasenby\/wp-json\/wp\/v2\/pages\/5\/revisions"}],"predecessor-version":[{"id":300,"href":"https:\/\/mockelnforeningarna.se\/hogasenby\/wp-json\/wp\/v2\/pages\/5\/revisions\/300"}],"wp:attachment":[{"href":"https:\/\/mockelnforeningarna.se\/hogasenby\/wp-json\/wp\/v2\/media?parent=5"}],"curies":[{"name":"wp","href":"https:\/\/api.w.org\/{rel}","templated":true}]}}