{"id":99,"date":"2019-11-10T21:05:35","date_gmt":"2019-11-10T20:05:35","guid":{"rendered":"https:\/\/mockelnforeningarna.se\/hogasenby\/?page_id=99"},"modified":"2022-11-26T08:37:31","modified_gmt":"2022-11-26T07:37:31","slug":"lokala-aktiviteter","status":"publish","type":"page","link":"https:\/\/mockelnforeningarna.se\/hogasenby\/test\/lokala-aktiviteter\/","title":{"rendered":"Lokala aktiviteter"},"content":{"rendered":"\n<p>Under lokala aktiviteter kan allt m\u00f6jligt finnas, tex gemensam korvgrillning, fester, byggprojekt eller vad som f\u00f6reningens medlemmar vill att vi sammordnar, har du f\u00f6rslag s\u00e5 v\u00e4nd dig g\u00e4rna till n\u00e5n av styrelsen medlemmar<\/p>\n","protected":false},"excerpt":{"rendered":"<p>Under lokala aktiviteter kan allt m\u00f6jligt finnas, tex gemensam korvgrillning, fester, byggprojekt eller vad som f\u00f6reningens medlemmar vill att vi sammordnar, har du f\u00f6rslag s\u00e5 v\u00e4nd dig g\u00e4rna till n\u00e5n [&hellip;]<\/p>\n","protected":false},"author":3,"featured_media":0,"parent":77,"menu_order":0,"comment_status":"closed","ping_status":"closed","template":"","meta":{"footnotes":""},"class_list":["post-99","page","type-page","status-publish","hentry"],"_links":{"self":[{"href":"https:\/\/mockelnforeningarna.se\/hogasenby\/wp-json\/wp\/v2\/pages\/99","targetHints":{"allow":["GET"]}}],"collection":[{"href":"https:\/\/mockelnforeningarna.se\/hogasenby\/wp-json\/wp\/v2\/pages"}],"about":[{"href":"https:\/\/mockelnforeningarna.se\/hogasenby\/wp-json\/wp\/v2\/types\/page"}],"author":[{"embeddable":true,"href":"https:\/\/mockelnforeningarna.se\/hogasenby\/wp-json\/wp\/v2\/users\/3"}],"replies":[{"embeddable":true,"href":"https:\/\/mockelnforeningarna.se\/hogasenby\/wp-json\/wp\/v2\/comments?post=99"}],"version-history":[{"count":1,"href":"https:\/\/mockelnforeningarna.se\/hogasenby\/wp-json\/wp\/v2\/pages\/99\/revisions"}],"predecessor-version":[{"id":261,"href":"https:\/\/mockelnforeningarna.se\/hogasenby\/wp-json\/wp\/v2\/pages\/99\/revisions\/261"}],"up":[{"embeddable":true,"href":"https:\/\/mockelnforeningarna.se\/hogasenby\/wp-json\/wp\/v2\/pages\/77"}],"wp:attachment":[{"href":"https:\/\/mockelnforeningarna.se\/hogasenby\/wp-json\/wp\/v2\/media?parent=99"}],"curies":[{"name":"wp","href":"https:\/\/api.w.org\/{rel}","templated":true}]}}