{"id":280,"date":"2023-01-24T12:50:46","date_gmt":"2023-01-24T11:50:46","guid":{"rendered":"https:\/\/mockelnforeningarna.se\/integrationsnatverket\/?page_id=280"},"modified":"2025-11-16T18:06:37","modified_gmt":"2025-11-16T17:06:37","slug":"hem-2","status":"publish","type":"page","link":"https:\/\/mockelnforeningarna.se\/integrationsnatverket\/","title":{"rendered":"Hem"},"content":{"rendered":"\n<h1 class=\"wp-block-heading\">V\u00e4lkommen till Lokala integrationsn\u00e4tverket!<\/h1>\n\n\n\n<p>Lokala integrationsn\u00e4tverket \u00e4r ett n\u00e4tverk f\u00f6r dig som engagerar dig i integrationsfr\u00e5gor!<\/p>\n\n\n\n<p>N\u00e4tverket tr\u00e4ffas ca 4 g\u00e5nger per \u00e5r och utbyter erfarenheter, delar nyheter, bollar funderingar och framf\u00f6r allt delar information g\u00e4llande integrationsfr\u00e5gor i stort.<\/p>\n\n\n\n<p>N\u00e4tverket \u00e4r ett icke-arbetande p\u00e5 det s\u00e4ttet att inga arbetsuppgifter tillkommer ut\u00f6ver tr\u00e4ffarna utan vi arbetar helt och h\u00e5llet informativt, dvs pratar och diskuterar.<\/p>\n\n\n\n<p>Lokala integrationsn\u00e4tverket startade 2012 i Karlskoga och har haft tr\u00e4ffar flera g\u00e5nger per \u00e5r sedan dess. Alla som \u00e4r engagerade i integrationsfr\u00e5gor \u00e4r v\u00e4lkomna, oavsett var i l\u00e4net man befinner sig och oavsett vilken sektor man arbetar i. Blandningen av deltagare fr\u00e5n b\u00e5de offentlig-, privat- och ideell sektor \u00e4r troligtvis en av framg\u00e5ngsfaktorerna till att n\u00e4tverket h\u00e5llit i s\u00e5 l\u00e4nge.<\/p>\n\n\n\n<p>N\u00e4tverket samordnas av M\u00f6ckelnf\u00f6reningarna <a rel=\"noreferrer noopener\" href=\"https:\/\/mockelnforeningarna.se\/\" target=\"_blank\">https:\/\/mockelnforeningarna.se\/<\/a> vilket inneb\u00e4r att underh\u00e5lla denna sida och kalla till tr\u00e4ffarna.  <\/p>\n\n\n\n<p>Hur n\u00e4tverkets ska utvecklas vill vi g\u00e4rna bolla med er alla som \u00e4r delaktiga s\u00e5 kom g\u00e4rna med id\u00e9er och f\u00f6rslag.<\/p>\n\n\n\n<p>V\u00e4l m\u00f6tt!<\/p>\n\n\n\n<p>MVH Kicki Ingvarsson<br>Verksamhetsledare, M\u00f6ckelnf\u00f6reningarna<\/p>\n","protected":false},"excerpt":{"rendered":"<p>V\u00e4lkommen till Lokala integrationsn\u00e4tverket! Lokala integrationsn\u00e4tverket \u00e4r ett n\u00e4tverk f\u00f6r dig som engagerar dig i integrationsfr\u00e5gor! N\u00e4tverket tr\u00e4ffas ca 4 g\u00e5nger per \u00e5r och utbyter erfarenheter, delar nyheter, bollar funderingar [&hellip;]<\/p>\n","protected":false},"author":3,"featured_media":294,"parent":0,"menu_order":0,"comment_status":"closed","ping_status":"closed","template":"","meta":{"footnotes":""},"class_list":["post-280","page","type-page","status-publish","has-post-thumbnail","hentry"],"_links":{"self":[{"href":"https:\/\/mockelnforeningarna.se\/integrationsnatverket\/wp-json\/wp\/v2\/pages\/280","targetHints":{"allow":["GET"]}}],"collection":[{"href":"https:\/\/mockelnforeningarna.se\/integrationsnatverket\/wp-json\/wp\/v2\/pages"}],"about":[{"href":"https:\/\/mockelnforeningarna.se\/integrationsnatverket\/wp-json\/wp\/v2\/types\/page"}],"author":[{"embeddable":true,"href":"https:\/\/mockelnforeningarna.se\/integrationsnatverket\/wp-json\/wp\/v2\/users\/3"}],"replies":[{"embeddable":true,"href":"https:\/\/mockelnforeningarna.se\/integrationsnatverket\/wp-json\/wp\/v2\/comments?post=280"}],"version-history":[{"count":8,"href":"https:\/\/mockelnforeningarna.se\/integrationsnatverket\/wp-json\/wp\/v2\/pages\/280\/revisions"}],"predecessor-version":[{"id":390,"href":"https:\/\/mockelnforeningarna.se\/integrationsnatverket\/wp-json\/wp\/v2\/pages\/280\/revisions\/390"}],"wp:featuredmedia":[{"embeddable":true,"href":"https:\/\/mockelnforeningarna.se\/integrationsnatverket\/wp-json\/wp\/v2\/media\/294"}],"wp:attachment":[{"href":"https:\/\/mockelnforeningarna.se\/integrationsnatverket\/wp-json\/wp\/v2\/media?parent=280"}],"curies":[{"name":"wp","href":"https:\/\/api.w.org\/{rel}","templated":true}]}}