{"id":16,"date":"2015-09-09T12:03:49","date_gmt":"2015-09-09T10:03:49","guid":{"rendered":"https:\/\/mockelnforeningarna.se\/karlskogaafk\/?page_id=16"},"modified":"2022-11-27T22:09:15","modified_gmt":"2022-11-27T21:09:15","slug":"resultat","status":"publish","type":"page","link":"https:\/\/mockelnforeningarna.se\/karlskogaafk\/resultat\/","title":{"rendered":"Resultat"},"content":{"rendered":"\n<p>Klicka p\u00e5 respektive &#8221;slider&#8221; under resultat&nbsp;f\u00f6r att se t\u00e4vlingsresultat f\u00f6r varje enskild t\u00e4vling.<\/p>\n","protected":false},"excerpt":{"rendered":"<p>Klicka p\u00e5 respektive &#8221;slider&#8221; under resultat&nbsp;f\u00f6r att se t\u00e4vlingsresultat f\u00f6r varje enskild t\u00e4vling.<\/p>\n","protected":false},"author":25,"featured_media":0,"parent":0,"menu_order":0,"comment_status":"open","ping_status":"open","template":"","meta":{"footnotes":""},"class_list":["post-16","page","type-page","status-publish","hentry"],"_links":{"self":[{"href":"https:\/\/mockelnforeningarna.se\/karlskogaafk\/wp-json\/wp\/v2\/pages\/16","targetHints":{"allow":["GET"]}}],"collection":[{"href":"https:\/\/mockelnforeningarna.se\/karlskogaafk\/wp-json\/wp\/v2\/pages"}],"about":[{"href":"https:\/\/mockelnforeningarna.se\/karlskogaafk\/wp-json\/wp\/v2\/types\/page"}],"author":[{"embeddable":true,"href":"https:\/\/mockelnforeningarna.se\/karlskogaafk\/wp-json\/wp\/v2\/users\/25"}],"replies":[{"embeddable":true,"href":"https:\/\/mockelnforeningarna.se\/karlskogaafk\/wp-json\/wp\/v2\/comments?post=16"}],"version-history":[{"count":1,"href":"https:\/\/mockelnforeningarna.se\/karlskogaafk\/wp-json\/wp\/v2\/pages\/16\/revisions"}],"predecessor-version":[{"id":1032,"href":"https:\/\/mockelnforeningarna.se\/karlskogaafk\/wp-json\/wp\/v2\/pages\/16\/revisions\/1032"}],"wp:attachment":[{"href":"https:\/\/mockelnforeningarna.se\/karlskogaafk\/wp-json\/wp\/v2\/media?parent=16"}],"curies":[{"name":"wp","href":"https:\/\/api.w.org\/{rel}","templated":true}]}}