{"id":24,"date":"2015-09-09T12:07:14","date_gmt":"2015-09-09T10:07:14","guid":{"rendered":"https:\/\/mockelnforeningarna.se\/karlskogaafk\/?page_id=24"},"modified":"2025-02-10T13:49:12","modified_gmt":"2025-02-10T12:49:12","slug":"bli-medlem","status":"publish","type":"page","link":"https:\/\/mockelnforeningarna.se\/karlskogaafk\/bli-medlem\/","title":{"rendered":"Bli medlem"},"content":{"rendered":"\n<p>Som medlem f\u00e5r du tillg\u00e5ng till klubblokalen d\u00e4r det finns en liten liten verkstad och du f\u00e5r delta p\u00e5 de klubbt\u00e4vlingar som f\u00f6reningen arrangerar.<br>Klubbstugan som ligger vackert bel\u00e4gen p\u00e5 en udde i sj\u00f6n Ullvettern \u00e4r \u00e4r fri f\u00f6r alla medlemmar att anv\u00e4nda f\u00f6r att laga mat, v\u00e4rma sig eller bara umg\u00e5s.<\/p>\n\n\n\n<p>Medlemsavgift f\u00f6r seniorer \u00e4r 200:-kronor\/\u00e5r. Medlemsavgift f\u00f6r pension\u00e4r och junior \u00e4r 100:-kronor\/\u00e5r.<br>\u00c5ldersgr\u00e4nsen f\u00f6r pension\u00e4rer \u00e4r 65 \u00e5r. \u00c5ldersgr\u00e4nsen f\u00f6r juniorer \u00e4r 20 \u00e5r.<\/p>\n\n\n\n<p>F\u00f6r att bli medlem:<\/p>\n\n\n\n<p>Maila till kafk53@live.se<\/p>\n\n\n\n<p>Skriv f\u00f6r och efternamn, personnummer, adress, hem eller mobilnnummer och mailadress.<\/p>\n\n\n\n<p>Det g\u00e5r \u00e4ven bra att ringa n\u00e5gon i styrelsen om mail saknas. F\u00f6r telefonnummer till n\u00e5gon i styrelsen, se detta under fliken styrelsen.<\/p>\n\n\n\n<p>\/\/Styrelsen<\/p>\n","protected":false},"excerpt":{"rendered":"<p>Som medlem f\u00e5r du tillg\u00e5ng till klubblokalen d\u00e4r det finns en liten liten verkstad och du f\u00e5r delta p\u00e5 de klubbt\u00e4vlingar som f\u00f6reningen arrangerar.Klubbstugan som ligger vackert bel\u00e4gen p\u00e5 en [&hellip;]<\/p>\n","protected":false},"author":25,"featured_media":0,"parent":0,"menu_order":0,"comment_status":"open","ping_status":"open","template":"","meta":{"footnotes":""},"class_list":["post-24","page","type-page","status-publish","hentry"],"_links":{"self":[{"href":"https:\/\/mockelnforeningarna.se\/karlskogaafk\/wp-json\/wp\/v2\/pages\/24","targetHints":{"allow":["GET"]}}],"collection":[{"href":"https:\/\/mockelnforeningarna.se\/karlskogaafk\/wp-json\/wp\/v2\/pages"}],"about":[{"href":"https:\/\/mockelnforeningarna.se\/karlskogaafk\/wp-json\/wp\/v2\/types\/page"}],"author":[{"embeddable":true,"href":"https:\/\/mockelnforeningarna.se\/karlskogaafk\/wp-json\/wp\/v2\/users\/25"}],"replies":[{"embeddable":true,"href":"https:\/\/mockelnforeningarna.se\/karlskogaafk\/wp-json\/wp\/v2\/comments?post=24"}],"version-history":[{"count":2,"href":"https:\/\/mockelnforeningarna.se\/karlskogaafk\/wp-json\/wp\/v2\/pages\/24\/revisions"}],"predecessor-version":[{"id":1115,"href":"https:\/\/mockelnforeningarna.se\/karlskogaafk\/wp-json\/wp\/v2\/pages\/24\/revisions\/1115"}],"wp:attachment":[{"href":"https:\/\/mockelnforeningarna.se\/karlskogaafk\/wp-json\/wp\/v2\/media?parent=24"}],"curies":[{"name":"wp","href":"https:\/\/api.w.org\/{rel}","templated":true}]}}