{"id":485,"date":"2017-01-30T06:55:57","date_gmt":"2017-01-30T05:55:57","guid":{"rendered":"https:\/\/mockelnforeningarna.se\/karlskogaafk\/?page_id=485"},"modified":"2022-11-27T22:09:55","modified_gmt":"2022-11-27T21:09:55","slug":"resultat-dm-pa-vatsjon-20147-01-29","status":"publish","type":"page","link":"https:\/\/mockelnforeningarna.se\/karlskogaafk\/resultat\/resultat-dm-pa-vatsjon-20147-01-29\/","title":{"rendered":"Resultat DM p\u00e5 V\u00e5tsj\u00f6n 20147-01-29"},"content":{"rendered":"\n<figure class=\"wp-block-table\"><table style=\"border-style:none;border-width:0px\"><tbody><tr><td>HS<\/td><td>&nbsp;<\/td><td>&nbsp;<\/td><td>&nbsp;<\/td><\/tr><tr><td>Plac.<\/td><td>Namn<\/td><td>F\u00f6rening<\/td><td>Vikt i gram<\/td><\/tr><tr><td>1<\/td><td>Nicklas Gustavsson<\/td><td>NGF<\/td><td>2939<\/td><\/tr><tr><td>2<\/td><td>Jesper Dyberg<\/td><td>NGF<\/td><td>2726<\/td><\/tr><tr><td>3<\/td><td>Per Nilsson<\/td><td>NGF<\/td><td>2667<\/td><\/tr><tr><td>4<\/td><td>Patrik Asp<\/td><td>KAFK<\/td><td>2180<\/td><\/tr><tr><td>5<\/td><td>Ulf Stenqvist<\/td><td>KAFK<\/td><td>2017<\/td><\/tr><tr><td>6<\/td><td>Peter Pistol<\/td><td>Degerfors<\/td><td>1827<\/td><\/tr><tr><td>7<\/td><td>Daniel G\u00f6ransson<\/td><td>NGF<\/td><td>1712<\/td><\/tr><tr><td>8<\/td><td>Mikael F\u00e4llman<\/td><td>KAFK<\/td><td>1701<\/td><\/tr><tr><td>9<\/td><td>Christoffer Holmqvist<\/td><td>NGF<\/td><td>1478<\/td><\/tr><tr><td>10<\/td><td>Leif Eriksson<\/td><td>NGF<\/td><td>1419<\/td><\/tr><tr><td>11<\/td><td>Olle Eriksson<\/td><td>NGF<\/td><td>1289<\/td><\/tr><tr><td>12<\/td><td>Ove Rosen<\/td><td>Vattnan<\/td><td>1187<\/td><\/tr><tr><td>13<\/td><td>Per Stenqvist<\/td><td>KAFK<\/td><td>1167<\/td><\/tr><tr><td>14<\/td><td>Tomas Olsson<\/td><td>Degerfors<\/td><td>1151<\/td><\/tr><tr><td>15<\/td><td>Christer Embretsen<\/td><td>KAFK<\/td><td>1019<\/td><\/tr><tr><td>16<\/td><td>J-E Stange<\/td><td>NGF<\/td><td>926<\/td><\/tr><tr><td>17<\/td><td>Andreas Jacobsson<\/td><td>NGF<\/td><td>901<\/td><\/tr><tr><td>18<\/td><td>Henrik Lindgren<\/td><td>NGF<\/td><td>877<\/td><\/tr><tr><td>19<\/td><td>Janne M\u00e4ki<\/td><td>Lindepirken<\/td><td>836<\/td><\/tr><tr><td>20<\/td><td>Turtiainen<\/td><td>NGF<\/td><td>779<\/td><\/tr><tr><td>21<\/td><td>Jocke Erixsson<\/td><td>NGF<\/td><td>767<\/td><\/tr><tr><td>22<\/td><td>Bj\u00f6rn Wistling<\/td><td>KAFK<\/td><td>661<\/td><\/tr><tr><td>23<\/td><td>Micke Rehnberg<\/td><td>Vattnan<\/td><td>605<\/td><\/tr><tr><td>24<\/td><td>Mats Olsson<\/td><td>Vattnan<\/td><td>570<\/td><\/tr><tr><td>25<\/td><td>David Eriksson<\/td><td>NGF<\/td><td>565<\/td><\/tr><tr><td>26<\/td><td>Peter Knast<\/td><td>KAFK<\/td><td>377<\/td><\/tr><tr><td>27<\/td><td>Mats Carlsson<\/td><td>NGF<\/td><td>371<\/td><\/tr><tr><td>28<\/td><td>Thomas Larsson<\/td><td>NGF<\/td><td>300<\/td><\/tr><tr><td>&nbsp;<\/td><td>&nbsp;<\/td><td>&nbsp;<\/td><td>&nbsp;<\/td><\/tr><tr><td>\u00c4 HV<\/td><td>&nbsp;<\/td><td>&nbsp;<\/td><td>&nbsp;<\/td><\/tr><tr><td>Plac.<\/td><td>Namn<\/td><td>F\u00f6rening<\/td><td>Vikt i gram<\/td><\/tr><tr><td>1<\/td><td>Hans-Erik Johansson<\/td><td>NGF<\/td><td>1743<\/td><\/tr><tr><td>2<\/td><td>Rolf Nordqvist<\/td><td>NGF<\/td><td>1637<\/td><\/tr><tr><td>3<\/td><td>Reino Mujo<\/td><td>Degerfors<\/td><td>1487<\/td><\/tr><tr><td>4<\/td><td>Yngve Embretsen<\/td><td>KAFK<\/td><td>1187<\/td><\/tr><tr><td>5<\/td><td>Harry Engman<\/td><td>Lindepirken<\/td><td>986<\/td><\/tr><tr><td>6<\/td><td>Bengt \u00d6sterholm<\/td><td>NGF<\/td><td>903<\/td><\/tr><tr><td>7<\/td><td>Leif Karlsson<\/td><td>NGF<\/td><td>829<\/td><\/tr><tr><td>8<\/td><td>Nils Tunstr\u00f6m<\/td><td>NGF<\/td><td>829<\/td><\/tr><tr><td>9<\/td><td>Rolf Karlsson<\/td><td>NGF<\/td><td>811<\/td><\/tr><tr><td>10<\/td><td>Jouko Peuranen<\/td><td>KAFK<\/td><td>805<\/td><\/tr><tr><td>11<\/td><td>Bengt-Ove Pettersson<\/td><td>NGF<\/td><td>757<\/td><\/tr><tr><td>12<\/td><td>Jan-Erik Persson<\/td><td>NGF<\/td><td>650<\/td><\/tr><tr><td>13<\/td><td>Jorma Kojo<\/td><td>Degerfors<\/td><td>629<\/td><\/tr><tr><td>14<\/td><td>Conny Larsson<\/td><td>NGF<\/td><td>604<\/td><\/tr><tr><td>15<\/td><td>Jan Nor\u00e9n<\/td><td>Hallsbergs SFK<\/td><td>517<\/td><\/tr><tr><td>15<\/td><td>Pauli Norkala<\/td><td>Degerfors<\/td><td>517<\/td><\/tr><tr><td>17<\/td><td>Kort utan namn<\/td><td>&nbsp;<\/td><td>277<\/td><\/tr><tr><td>18<\/td><td>Ingvar Bergstr\u00f6m<\/td><td>NGF<\/td><td>180<\/td><\/tr><tr><td>19<\/td><td>Anders Bj\u00f6rk<\/td><td>NGF<\/td><td>0<\/td><\/tr><tr><td>19<\/td><td>Martin Olsson<\/td><td>Degerfors<\/td><td>0<\/td><\/tr><tr><td>&nbsp;<\/td><td>&nbsp;<\/td><td>&nbsp;<\/td><td>&nbsp;<\/td><\/tr><tr><td>Y HJ<\/td><td>&nbsp;<\/td><td>&nbsp;<\/td><td>&nbsp;<\/td><\/tr><tr><td>Plac.<\/td><td>Namn<\/td><td>F\u00f6rening<\/td><td>Vikt i gram<\/td><\/tr><tr><td>1<\/td><td>Jonathan Olsson<\/td><td>KAFK<\/td><td>539<\/td><\/tr><tr><td>&nbsp;<\/td><td>&nbsp;<\/td><td>&nbsp;<\/td><td>&nbsp;<\/td><\/tr><tr><td>\u00c4 HJ<\/td><td>&nbsp;<\/td><td>&nbsp;<\/td><td>&nbsp;<\/td><\/tr><tr><td>Plac.<\/td><td>Namn<\/td><td>F\u00f6rening<\/td><td>Vikt i gram<\/td><\/tr><tr><td>1<\/td><td>Emil Asp<\/td><td>KAFK<\/td><td>506<\/td><\/tr><tr><td>2<\/td><td>Linus Eriksson<\/td><td>NGF<\/td><td>248<\/td><\/tr><tr><td>&nbsp;<\/td><td>&nbsp;<\/td><td>&nbsp;<\/td><td>&nbsp;<\/td><\/tr><tr><td>DS<\/td><td>&nbsp;<\/td><td>&nbsp;<\/td><td>&nbsp;<\/td><\/tr><tr><td>Plac.<\/td><td>Namn<\/td><td>F\u00f6rening<\/td><td>Vikt i gram<\/td><\/tr><tr><td>1<\/td><td>Danielle Sandberg<\/td><td>Lindepirken<\/td><td>1744<\/td><\/tr><tr><td>2<\/td><td>Camilla Stj\u00e4rnholm<\/td><td>Hallsbergs SFK<\/td><td>75<\/td><\/tr><tr><td>&nbsp;<\/td><td>&nbsp;<\/td><td>&nbsp;<\/td><td>&nbsp;<\/td><\/tr><tr><td>DV<\/td><td>&nbsp;<\/td><td>&nbsp;<\/td><td>&nbsp;<\/td><\/tr><tr><td>Plac.<\/td><td>Namn<\/td><td>F\u00f6rening<\/td><td>Vikt i gram<\/td><\/tr><tr><td>1<\/td><td>AnnSofi Stolt<\/td><td>Degerfors<\/td><td>1255<\/td><\/tr><tr><td>2<\/td><td>Tuula Pesonen<\/td><td>KAFK<\/td><td>1221<\/td><\/tr><tr><td>3<\/td><td>Kristina Larsson<\/td><td>NGF<\/td><td>333<\/td><\/tr><tr><td>4<\/td><td>Inger Ekbom<\/td><td>NGF<\/td><td>62<\/td><\/tr><tr><td>&nbsp;<\/td><td>&nbsp;<\/td><td>&nbsp;<\/td><td>&nbsp;<\/td><\/tr><tr><td>\u00c4 DV<\/td><td>&nbsp;<\/td><td>&nbsp;<\/td><td>&nbsp;<\/td><\/tr><tr><td>Plac.<\/td><td>Namn<\/td><td>F\u00f6rening<\/td><td>Vikt i gram<\/td><\/tr><tr><td>1<\/td><td>Mona-Lisa Munnukka<\/td><td>KAFK<\/td><td>82<\/td><\/tr><tr><td>&nbsp;<\/td><td>&nbsp;<\/td><td>&nbsp;<\/td><td>&nbsp;<\/td><\/tr><tr><td>HV<\/td><td>&nbsp;<\/td><td>&nbsp;<\/td><td>&nbsp;<\/td><\/tr><tr><td>Plac.<\/td><td>Namn<\/td><td>F\u00f6rening<\/td><td>Vikt i gram<\/td><\/tr><tr><td>1<\/td><td>Jonny Skoglund<\/td><td>NGF<\/td><td>2861<\/td><\/tr><tr><td>2<\/td><td>K-G Magnusson<\/td><td>NGF<\/td><td>1914<\/td><\/tr><tr><td>3<\/td><td>Ulf Eriksson<\/td><td>NGF<\/td><td>1824<\/td><\/tr><tr><td>4<\/td><td>Kenneth Hansson<\/td><td>NGF<\/td><td>1551<\/td><\/tr><tr><td>5<\/td><td>Esko Timonen<\/td><td>Degerfors<\/td><td>1527<\/td><\/tr><tr><td>6<\/td><td>G\u00f6ran Georgsson<\/td><td>H\u00e4llekroken<\/td><td>1514<\/td><\/tr><tr><td>7<\/td><td>Pelle Antonsson<\/td><td>NGF<\/td><td>1406<\/td><\/tr><tr><td>8<\/td><td>Thomas Sj\u00f6str\u00f6m<\/td><td>Degerfors<\/td><td>1395<\/td><\/tr><tr><td>9<\/td><td>Bengt Eriksson<\/td><td>NGF<\/td><td>1242<\/td><\/tr><tr><td>10<\/td><td>Jan Magnusson<\/td><td>NGF<\/td><td>1179<\/td><\/tr><tr><td>11<\/td><td>Denny Persson<\/td><td>KAFK<\/td><td>1146<\/td><\/tr><tr><td>12<\/td><td>Peo Eriksson<\/td><td>NGF<\/td><td>1116<\/td><\/tr><tr><td>13<\/td><td>H\u00e5kan Jansson<\/td><td>NGF<\/td><td>1099<\/td><\/tr><tr><td>14<\/td><td>G\u00f6ran Fors<\/td><td>NGF<\/td><td>1056<\/td><\/tr><tr><td>15<\/td><td>Kurt Arne Larsson<\/td><td>NGF<\/td><td>975<\/td><\/tr><tr><td>16<\/td><td>Harald Karlsson<\/td><td>\u00d6rebro D\u00f6vas klubb<\/td><td>825<\/td><\/tr><tr><td>17<\/td><td>Nils Ekbom<\/td><td>NGF<\/td><td>780<\/td><\/tr><tr><td>18<\/td><td>Nils Lov\u00e9n<\/td><td>NGF<\/td><td>778<\/td><\/tr><tr><td>19<\/td><td>Per H\u00e4ll<\/td><td>NGF<\/td><td>776<\/td><\/tr><tr><td>20<\/td><td>L-G Wadman<\/td><td>KAFK<\/td><td>720<\/td><\/tr><tr><td>21<\/td><td>Bo Johansson<\/td><td>KAFK<\/td><td>590<\/td><\/tr><tr><td>22<\/td><td>Mikael Nyman<\/td><td>NGF<\/td><td>443<\/td><\/tr><tr><td>23<\/td><td>Benny Johansson<\/td><td>KAFK<\/td><td>383<\/td><\/tr><tr><td>24<\/td><td>Rolf Ohlen<\/td><td>Vattnan<\/td><td>366<\/td><\/tr><tr><td>25<\/td><td>Stig Eriksson<\/td><td>KAFK<\/td><td>315<\/td><\/tr><tr><td>26<\/td><td>Claes-\u00c5ke Eriksson<\/td><td>KAFK<\/td><td>303<\/td><\/tr><tr><td>27<\/td><td>Ari Munnukka<\/td><td>KAFK<\/td><td>299<\/td><\/tr><tr><td>28<\/td><td>Kent Sj\u00f6berg<\/td><td>H\u00e4llekroken<\/td><td>249<\/td><\/tr><tr><td>29<\/td><td>Tarmo Lepist\u00f6<\/td><td>Lindepirken<\/td><td>237<\/td><\/tr><tr><td>30<\/td><td>Allan Hollsten<\/td><td>KAFK<\/td><td>115<\/td><\/tr><\/tbody><\/table><\/figure>\n","protected":false},"excerpt":{"rendered":"<p>HS &nbsp; &nbsp; &nbsp; Plac. Namn F\u00f6rening Vikt i gram 1 Nicklas Gustavsson NGF 2939 2 Jesper Dyberg NGF 2726 3 Per Nilsson NGF 2667 4 Patrik Asp KAFK 2180 [&hellip;]<\/p>\n","protected":false},"author":24,"featured_media":0,"parent":16,"menu_order":0,"comment_status":"open","ping_status":"open","template":"","meta":{"footnotes":""},"class_list":["post-485","page","type-page","status-publish","hentry"],"_links":{"self":[{"href":"https:\/\/mockelnforeningarna.se\/karlskogaafk\/wp-json\/wp\/v2\/pages\/485","targetHints":{"allow":["GET"]}}],"collection":[{"href":"https:\/\/mockelnforeningarna.se\/karlskogaafk\/wp-json\/wp\/v2\/pages"}],"about":[{"href":"https:\/\/mockelnforeningarna.se\/karlskogaafk\/wp-json\/wp\/v2\/types\/page"}],"author":[{"embeddable":true,"href":"https:\/\/mockelnforeningarna.se\/karlskogaafk\/wp-json\/wp\/v2\/users\/24"}],"replies":[{"embeddable":true,"href":"https:\/\/mockelnforeningarna.se\/karlskogaafk\/wp-json\/wp\/v2\/comments?post=485"}],"version-history":[{"count":1,"href":"https:\/\/mockelnforeningarna.se\/karlskogaafk\/wp-json\/wp\/v2\/pages\/485\/revisions"}],"predecessor-version":[{"id":1034,"href":"https:\/\/mockelnforeningarna.se\/karlskogaafk\/wp-json\/wp\/v2\/pages\/485\/revisions\/1034"}],"up":[{"embeddable":true,"href":"https:\/\/mockelnforeningarna.se\/karlskogaafk\/wp-json\/wp\/v2\/pages\/16"}],"wp:attachment":[{"href":"https:\/\/mockelnforeningarna.se\/karlskogaafk\/wp-json\/wp\/v2\/media?parent=485"}],"curies":[{"name":"wp","href":"https:\/\/api.w.org\/{rel}","templated":true}]}}