{"id":521,"date":"2017-02-14T12:18:52","date_gmt":"2017-02-14T11:18:52","guid":{"rendered":"https:\/\/mockelnforeningarna.se\/karlskogaafk\/?page_id=521"},"modified":"2023-01-05T09:07:39","modified_gmt":"2023-01-05T08:07:39","slug":"arkiv","status":"publish","type":"page","link":"https:\/\/mockelnforeningarna.se\/karlskogaafk\/arkiv\/","title":{"rendered":"Arkiv"},"content":{"rendered":"\n<h3 class=\"alignwide wp-block-heading\">H\u00e4r kan du se alla v\u00e5ra tidigare inl\u00e4gg<\/h3>\n\n\n\n\t\t<div class=\"bb-block-feed bb-block-feed--default alignwide wp-block-bb-blocks-feed\" class=\"bb-block-feed bb-block-feed--default alignwide\" id=\"\">\n\t\t\t\n\t\t\t<div class=\"bb-block-feed__content\" data-columns=\"1\">\n\t\t\t\n\t\t\t<article class=\"post  \">\n\t\t\t\t<header class=\"post__header\">\n\t\t\t\t\t<h3 class=\"post__title  post__title--default\"><a href=\"https:\/\/mockelnforeningarna.se\/karlskogaafk\/2015\/11\/17\/85\/\">Hej och v\u00e4lkomna!<\/a><\/h3>\n\t\t\t\t\t<div class=\"post__meta\">Publicerad: 17 november, 2015<\/div>\n\t\t\t\t<\/header>\n\t\t\t\t<div class=\"post__thumbnail\">\n\t\t\t\t\n\t\t\t\t<\/div>\n\t\t\t\t<div class=\"post__content\">\n\t\t\t\t\tHej och v\u00e4lkomna till Karlskoga Amat\u00f6rfiskeklubbs nya hemsida! Vi hoppas med denna nya hemsida att vi kan v\u00e4cka till liv, en f\u00f6r stunden slumrande f\u00f6rening. KAFK startade 1953 och hade [&hellip;]\n\t\t\t\t<\/div>\n\t\t\t\t\n\t\t\t\t<footer class=\"post__footer\">\n\t\t\t\t\t<div class=\"post__author\"><strong>Publicerad av:<\/strong> tobias<\/div>\n\t\t\t\t\t\n\t\t\t\t<\/footer>\n\t\t\t\t\n\t\t\t<\/article>\n\t\t\t\n\t\t\t<article class=\"post  \">\n\t\t\t\t<header class=\"post__header\">\n\t\t\t\t\t<h3 class=\"post__title  post__title--default\"><a href=\"https:\/\/mockelnforeningarna.se\/karlskogaafk\/2026\/02\/21\/arets-klubbmasterskap-i-pimpel-avgjort\/\">\u00c5rets klubbm\u00e4sterskap i pimpel avgjort!<\/a><\/h3>\n\t\t\t\t\t<div class=\"post__meta\">Publicerad: 21 februari, 2026<\/div>\n\t\t\t\t<\/header>\n\t\t\t\t<div class=\"post__thumbnail\">\n\t\t\t\t\n\t\t\t\t<\/div>\n\t\t\t\t<div class=\"post__content\">\n\t\t\t\t\tL\u00f6rdagen den 21 februari s\u00e5 arrangerade f\u00f6reningen klubbm\u00e4sterskapet i pimpel och vi gratulerar Patrik Asp som f\u00f6rsvarade klubbtiteln fr\u00e5n ifjol. Patrik fiskade ihop 4535 gram, grattis Patrik. Resultat: Tack alla [&hellip;]\n\t\t\t\t<\/div>\n\t\t\t\t\n\t\t\t\t<footer class=\"post__footer\">\n\t\t\t\t\t<div class=\"post__author\"><strong>Publicerad av:<\/strong> karlskogaafk<\/div>\n\t\t\t\t\t\n\t\t\t\t<\/footer>\n\t\t\t\t\n\t\t\t<\/article>\n\t\t\t\n\t\t\t<article class=\"post  \">\n\t\t\t\t<header class=\"post__header\">\n\t\t\t\t\t<h3 class=\"post__title  post__title--default\"><a href=\"https:\/\/mockelnforeningarna.se\/karlskogaafk\/2026\/02\/17\/sportlovspimpling-fredagen-den-20-2-pa-mockeln\/\">Sportlovspimpling fredagen den 20\/2 p\u00e5 M\u00f6ckeln!<\/a><\/h3>\n\t\t\t\t\t<div class=\"post__meta\">Publicerad: 17 februari, 2026<\/div>\n\t\t\t\t<\/header>\n\t\t\t\t<div class=\"post__thumbnail\">\n\t\t\t\t\n\t\t\t\t<\/div>\n\t\t\t\t<div class=\"post__content\">\n\t\t\t\t\tP\u00e5 fredag den 20\/2 mellan klockan 09:00 och 12:00 s\u00e5 arrangerar Karlskoga AFK sportlovspimpling p\u00e5 sj\u00f6n M\u00f6ckeln vid minigolfen N\u00e4set. Fiskeutrustning och isdubbar finns att l\u00e5na, f\u00f6rborrade h\u00e5l att pimpla [&hellip;]\n\t\t\t\t<\/div>\n\t\t\t\t\n\t\t\t\t<footer class=\"post__footer\">\n\t\t\t\t\t<div class=\"post__author\"><strong>Publicerad av:<\/strong> karlskogaafk<\/div>\n\t\t\t\t\t\n\t\t\t\t<\/footer>\n\t\t\t\t\n\t\t\t<\/article>\n\t\t\t\n\t\t\t<\/div>\n\t\t<\/div>\n\t","protected":false},"excerpt":{"rendered":"<p>H\u00e4r kan du se alla v\u00e5ra tidigare inl\u00e4gg<\/p>\n","protected":false},"author":24,"featured_media":0,"parent":0,"menu_order":9,"comment_status":"open","ping_status":"closed","template":"","meta":{"footnotes":""},"class_list":["post-521","page","type-page","status-publish","hentry"],"_links":{"self":[{"href":"https:\/\/mockelnforeningarna.se\/karlskogaafk\/wp-json\/wp\/v2\/pages\/521","targetHints":{"allow":["GET"]}}],"collection":[{"href":"https:\/\/mockelnforeningarna.se\/karlskogaafk\/wp-json\/wp\/v2\/pages"}],"about":[{"href":"https:\/\/mockelnforeningarna.se\/karlskogaafk\/wp-json\/wp\/v2\/types\/page"}],"author":[{"embeddable":true,"href":"https:\/\/mockelnforeningarna.se\/karlskogaafk\/wp-json\/wp\/v2\/users\/24"}],"replies":[{"embeddable":true,"href":"https:\/\/mockelnforeningarna.se\/karlskogaafk\/wp-json\/wp\/v2\/comments?post=521"}],"version-history":[{"count":3,"href":"https:\/\/mockelnforeningarna.se\/karlskogaafk\/wp-json\/wp\/v2\/pages\/521\/revisions"}],"predecessor-version":[{"id":1052,"href":"https:\/\/mockelnforeningarna.se\/karlskogaafk\/wp-json\/wp\/v2\/pages\/521\/revisions\/1052"}],"wp:attachment":[{"href":"https:\/\/mockelnforeningarna.se\/karlskogaafk\/wp-json\/wp\/v2\/media?parent=521"}],"curies":[{"name":"wp","href":"https:\/\/api.w.org\/{rel}","templated":true}]}}