{"id":936,"date":"2015-09-09T12:02:13","date_gmt":"2015-09-09T10:02:13","guid":{"rendered":"https:\/\/mockelnforeningarna.se\/karlskogaafk\/?page_id=9"},"modified":"2022-11-27T21:32:48","modified_gmt":"2022-11-27T20:32:48","slug":"klubben","status":"publish","type":"page","link":"https:\/\/mockelnforeningarna.se\/karlskogaafk\/klubben\/","title":{"rendered":"KAFK!"},"content":{"rendered":"\n<p><span style=\"color: #333333;\">V\u00e5ran f\u00f6reningen startade 1953 och i b\u00f6rjan av 70-talet hade vi ca 3500 medlemmar. Idag \u00e4r vi 65 medlemmar men endast ett 20 tal \u00e4r aktiva.&nbsp;<\/span><\/p>\n\n\n\n<p><span style=\"color: #333333;\">P\u00e5 vintern arrangerar vi pimpelt\u00e4vlingar och p\u00e5 sommaren metart\u00e4vlingar f\u00f6r pension\u00e4rer och daglediga p\u00e5 olika vatten i n\u00e4romr\u00e5det.<\/span><\/p>\n\n\n\n<p><span style=\"color: #333333;\">N\u00e5gra av medlemmarna \u00e4r mer t\u00e4vlingsinriktade \u00e4n andra men det finns plats f\u00f6r alla i v\u00e5ran f\u00f6rening.<\/span><\/p>\n\n\n\n<p><span style=\"color: #333333;\">F\u00f6reningen har en klubblokal som ligger i k\u00e4llaren p\u00e5 Flygf\u00e4ltsv\u00e4gen 17A .<\/span><\/p>\n\n\n\n<p><span style=\"color: #333333;\">D\u00e4r finns \u00e4ven ett hobbyrum f\u00f6r den h\u00e4ndiga att skapa sina egne fiskeprylar i. <\/span><\/p>\n\n\n\n<p><span style=\"color: #333333;\">Klubben har idag inget eget fiskevatten att erbjuda. Vi har en klubbstugan som ligger vackert bel\u00e4get p\u00e5 en udde i sj\u00f6n Ullvettern. Klubbstugan \u00e4r fri f\u00f6r alla medlemmar att anv\u00e4nda f\u00f6r att laga mat, v\u00e4rma sig eller bara umg\u00e5s.<\/span><\/p>\n\n\n\n<p><strong><span style=\"color: #333333;\">Medlemsavgift f\u00f6r seniorer \u00e4r 200:-kronor\/\u00e5r. Medlemsavgift f\u00f6r pension\u00e4r och junior \u00e4r 100:-kronor\/\u00e5r.<br>\u00c5ldersgr\u00e4nsen f\u00f6r pension\u00e4rer \u00e4r 65 \u00e5r. \u00c5ldersgr\u00e4nsen f\u00f6r juniorer \u00e4r 20 \u00e5r.<\/span><\/strong><\/p>\n\n\n\n<p>\/\/Styrelsen<\/p>\n","protected":false},"excerpt":{"rendered":"<p>V\u00e5ran f\u00f6reningen startade 1953 och i b\u00f6rjan av 70-talet hade vi ca 3500 medlemmar. Idag \u00e4r vi 65 medlemmar men endast ett 20 tal \u00e4r aktiva.&nbsp; P\u00e5 vintern arrangerar vi [&hellip;]<\/p>\n","protected":false},"author":25,"featured_media":0,"parent":0,"menu_order":0,"comment_status":"open","ping_status":"open","template":"","meta":{"footnotes":""},"class_list":["post-936","page","type-page","status-publish","hentry"],"_links":{"self":[{"href":"https:\/\/mockelnforeningarna.se\/karlskogaafk\/wp-json\/wp\/v2\/pages\/936","targetHints":{"allow":["GET"]}}],"collection":[{"href":"https:\/\/mockelnforeningarna.se\/karlskogaafk\/wp-json\/wp\/v2\/pages"}],"about":[{"href":"https:\/\/mockelnforeningarna.se\/karlskogaafk\/wp-json\/wp\/v2\/types\/page"}],"author":[{"embeddable":true,"href":"https:\/\/mockelnforeningarna.se\/karlskogaafk\/wp-json\/wp\/v2\/users\/25"}],"replies":[{"embeddable":true,"href":"https:\/\/mockelnforeningarna.se\/karlskogaafk\/wp-json\/wp\/v2\/comments?post=936"}],"version-history":[{"count":1,"href":"https:\/\/mockelnforeningarna.se\/karlskogaafk\/wp-json\/wp\/v2\/pages\/936\/revisions"}],"predecessor-version":[{"id":1016,"href":"https:\/\/mockelnforeningarna.se\/karlskogaafk\/wp-json\/wp\/v2\/pages\/936\/revisions\/1016"}],"wp:attachment":[{"href":"https:\/\/mockelnforeningarna.se\/karlskogaafk\/wp-json\/wp\/v2\/media?parent=936"}],"curies":[{"name":"wp","href":"https:\/\/api.w.org\/{rel}","templated":true}]}}