{"id":6,"date":"2024-11-07T08:47:01","date_gmt":"2024-11-07T07:47:01","guid":{"rendered":"https:\/\/mockelnforeningarna.se\/karlskogafotoklubb\/?page_id=6"},"modified":"2024-11-28T15:55:06","modified_gmt":"2024-11-28T14:55:06","slug":"kalender","status":"publish","type":"page","link":"https:\/\/mockelnforeningarna.se\/karlskogafotoklubb\/kalender\/","title":{"rendered":"Kalender"},"content":{"rendered":"\n<div class=\"wp-block-group has-global-padding is-layout-constrained wp-block-group-is-layout-constrained\">\n<p class=\"has-standard-font-size\">V\u00e5ra M\u00e5nadsm\u00f6ten och studiekv\u00e4llar b\u00f6rjar kl. 18.30 i klubblokalen<br>om inte annat meddelas.<\/p>\n<\/div>\n\n\n\n<p><\/p>\n\n\n\n<p><\/p>\n\n\n\n<div class=\"wp-block-group has-global-padding is-layout-constrained wp-block-group-is-layout-constrained\">\n<p class=\"has-standard-font-size\"><\/p>\n<\/div>\n\n\n\n<p><\/p>\n","protected":false},"excerpt":{"rendered":"<p>V\u00e5ra M\u00e5nadsm\u00f6ten och studiekv\u00e4llar b\u00f6rjar kl. 18.30 i klubblokalenom inte annat meddelas.<\/p>\n","protected":false},"author":148,"featured_media":0,"parent":0,"menu_order":0,"comment_status":"closed","ping_status":"closed","template":"page-calendar.php","meta":{"footnotes":""},"class_list":["post-6","page","type-page","status-publish","hentry"],"_links":{"self":[{"href":"https:\/\/mockelnforeningarna.se\/karlskogafotoklubb\/wp-json\/wp\/v2\/pages\/6","targetHints":{"allow":["GET"]}}],"collection":[{"href":"https:\/\/mockelnforeningarna.se\/karlskogafotoklubb\/wp-json\/wp\/v2\/pages"}],"about":[{"href":"https:\/\/mockelnforeningarna.se\/karlskogafotoklubb\/wp-json\/wp\/v2\/types\/page"}],"author":[{"embeddable":true,"href":"https:\/\/mockelnforeningarna.se\/karlskogafotoklubb\/wp-json\/wp\/v2\/users\/148"}],"replies":[{"embeddable":true,"href":"https:\/\/mockelnforeningarna.se\/karlskogafotoklubb\/wp-json\/wp\/v2\/comments?post=6"}],"version-history":[{"count":14,"href":"https:\/\/mockelnforeningarna.se\/karlskogafotoklubb\/wp-json\/wp\/v2\/pages\/6\/revisions"}],"predecessor-version":[{"id":811,"href":"https:\/\/mockelnforeningarna.se\/karlskogafotoklubb\/wp-json\/wp\/v2\/pages\/6\/revisions\/811"}],"wp:attachment":[{"href":"https:\/\/mockelnforeningarna.se\/karlskogafotoklubb\/wp-json\/wp\/v2\/media?parent=6"}],"curies":[{"name":"wp","href":"https:\/\/api.w.org\/{rel}","templated":true}]}}