{"id":46,"date":"2019-05-02T13:34:31","date_gmt":"2019-05-02T11:34:31","guid":{"rendered":"https:\/\/mockelnforeningarna.se\/karlskogakonstforening\/?page_id=46"},"modified":"2022-12-02T11:36:26","modified_gmt":"2022-12-02T10:36:26","slug":"om-oss","status":"publish","type":"page","link":"https:\/\/mockelnforeningarna.se\/karlskogakonstforening\/om-oss\/","title":{"rendered":"Om oss"},"content":{"rendered":"\n<pre class=\"wp-block-preformatted\">Karlskoga Konstf\u00f6rening bildades 1946. F\u00f6reningens m\u00e5ls\u00e4ttning \u00e4r att v\u00e4cka och sprida intresse f\u00f6r konst i Karlskoga- och Degerforsomr\u00e5det.&nbsp;\n\nDen publika verksamheten bedrivs huvudsakligen i Konsthallen, f.d. \u201dfinkan\u201d i Tingshusparken. Byggnaden sparades n\u00e4r tingshuset revs 1945, det hus d\u00e4r Alfred Nobels testamente vann laga kraft.Under \u00e5ret anordnar vi tre utst\u00e4llningar i konsthallen: den jurybed\u00f6mda och v\u00e4lbes\u00f6kta V\u00e5rsalongen, Sommarutst\u00e4llningen och H\u00f6stutst\u00e4llningen. Genom dessa utst\u00e4llningar ger vi m\u00e4nniskor i n\u00e4romr\u00e5det m\u00f6jlighet att ta del av konst och \u00e4ven dialog med g\u00e4stande konstn\u00e4rer. \n\nF\u00f6reningen ordnar \u00e5rligen ett medlemslotteri d\u00e4r vinsterna best\u00e5r av konst som k\u00f6pts in under \u00e5ret, bland annat vid de utst\u00e4llningar som visats i Konsthallen under \u00e5ret. \n\nVarje v\u00e5r anordnas en konst- och studieresa d\u00e4r konstmuseer, atelj\u00e9er och andra platser av kulturellt intresse bes\u00f6ks.\n\nF\u00f6r att ytterligare stimulera intresset f\u00f6r konst anordnar f\u00f6reningen andra evenemang som f\u00f6rel\u00e4sningar och konstkaf\u00e9er. Ett mycket popul\u00e4rt inslag \u00e4r&nbsp;\u201dFalskt eller \u00e4kta\u201d, r\u00e5dfr\u00e5gning om konst.\n\nVi vill medverka till att Konsthallens verksamhet utvecklas till ett sp\u00e4nnande m\u00f6te med konsten f\u00f6r b\u00e5de yngre och \u00e4ldre publik och till att s\u00e4tta Karlskoga p\u00e5 kartan som en konststad.\n\nV\u00e4lkommen att ta del av konstf\u00f6reningens olika aktiviteter!\n\n<\/pre>\n","protected":false},"excerpt":{"rendered":"<p>Karlskoga Konstf\u00f6rening bildades 1946. F\u00f6reningens m\u00e5ls\u00e4ttning \u00e4r att v\u00e4cka och sprida intresse f\u00f6r konst i Karlskoga- och Degerforsomr\u00e5det.&nbsp; Den publika verksamheten bedrivs huvudsakligen i Konsthallen, f.d. \u201dfinkan\u201d i Tingshusparken. Byggnaden [&hellip;]<\/p>\n","protected":false},"author":35,"featured_media":0,"parent":0,"menu_order":0,"comment_status":"closed","ping_status":"closed","template":"","meta":{"footnotes":""},"class_list":["post-46","page","type-page","status-publish","hentry"],"_links":{"self":[{"href":"https:\/\/mockelnforeningarna.se\/karlskogakonstforening\/wp-json\/wp\/v2\/pages\/46","targetHints":{"allow":["GET"]}}],"collection":[{"href":"https:\/\/mockelnforeningarna.se\/karlskogakonstforening\/wp-json\/wp\/v2\/pages"}],"about":[{"href":"https:\/\/mockelnforeningarna.se\/karlskogakonstforening\/wp-json\/wp\/v2\/types\/page"}],"author":[{"embeddable":true,"href":"https:\/\/mockelnforeningarna.se\/karlskogakonstforening\/wp-json\/wp\/v2\/users\/35"}],"replies":[{"embeddable":true,"href":"https:\/\/mockelnforeningarna.se\/karlskogakonstforening\/wp-json\/wp\/v2\/comments?post=46"}],"version-history":[{"count":1,"href":"https:\/\/mockelnforeningarna.se\/karlskogakonstforening\/wp-json\/wp\/v2\/pages\/46\/revisions"}],"predecessor-version":[{"id":1133,"href":"https:\/\/mockelnforeningarna.se\/karlskogakonstforening\/wp-json\/wp\/v2\/pages\/46\/revisions\/1133"}],"wp:attachment":[{"href":"https:\/\/mockelnforeningarna.se\/karlskogakonstforening\/wp-json\/wp\/v2\/media?parent=46"}],"curies":[{"name":"wp","href":"https:\/\/api.w.org\/{rel}","templated":true}]}}