{"id":54,"date":"2019-05-02T17:16:13","date_gmt":"2019-05-02T15:16:13","guid":{"rendered":"https:\/\/mockelnforeningarna.se\/karlskogakonstforening\/?page_id=54"},"modified":"2026-04-09T17:35:41","modified_gmt":"2026-04-09T15:35:41","slug":"styrelsen","status":"publish","type":"page","link":"https:\/\/mockelnforeningarna.se\/karlskogakonstforening\/om-oss\/styrelsen\/","title":{"rendered":"Styrelsen"},"content":{"rendered":"\n<figure class=\"wp-block-table\"><table style=\"border-style:none;border-width:0px\"><tbody><tr><td><strong>Ordf\u00f6rande<\/strong><\/td><td><a href=\"mailto:ateljegamlastation@live.se\">Marie <span class=\"s1\">Hellsing<\/span><\/a><\/td><td>073-7741466<\/td><td><a href=\"mailto:ateljegamlastation@live.se\"><span style=\"color: #0000ff\">ateljegamlastation@live.se<\/span><\/a><\/td><\/tr><tr><td><strong>Vice ordf\u00f6rande<\/strong><\/td><td><span class=\"s1\"><a href=\"mailto:lindajurmu@gmail.com\">Linda Jurmu<\/a> <\/span><\/td><td><span class=\"s1\">072-150005<\/span>8<\/td><td><a href=\"mailto:lindajurmu@gmail.com\"><span style=\"color: #0000ff\">lindajurmu@gmail.com<\/span><\/a><\/td><\/tr><tr><td><strong><span class=\"s1\">Intendent<\/span><\/strong><\/td><td><span class=\"s1\"><a href=\"mailto:norrhed@hotmail.com\">Christer Norrstr\u00f6m<\/a><\/span><\/td><td><span class=\"s1\">070-3376338<\/span><\/td><td><span class=\"s1\" style=\"color: #0000ff\"><a style=\"color: #0000ff\" href=\"mailto:norrhed@hotmail.com\">norrhed@hotmail.com<\/a><\/span><\/td><\/tr><tr><td><strong><span class=\"s1\">Kassaf\u00f6rvaltare<\/span><\/strong><\/td><td><span class=\"s1\"><a href=\"mailto:ac.ason@telia.com\">AnnCharlotte Andersson<\/a><\/span><\/td><td><span class=\"s1\">070\u20132390370<\/span><\/td><td><span style=\"color: #0000ff\"><a style=\"color: #0000ff\" href=\"mailto:ac.ason@telia.com\">ac.ason@telia.com<\/a><\/span><\/td><\/tr><tr><td><strong>Sekreterare<\/strong><\/td><td><a href=\"mailto:eva.sahlbergblom@gmail.com\">Eva Sahlberg Blom<\/a><\/td><td>070-3054156<\/td><td><a href=\"mailto:eva.sahlbergblom@gmail.com\"><span style=\"color: #0000ff\">eva.sahlbergblom@gmail.com<\/span><\/a><\/td><\/tr><tr><td>&nbsp;Vice sekreterare<\/td><td><a href=\"mailto:susio1958@gmail.com\">Susanne Oldenburg Johansson<\/a><\/td><td>070-7745381<\/td><td><a href=\"mailto:susio1958@gmail.com\">susio1958@gmail.com<\/a><\/td><\/tr><tr><td>&nbsp;<\/td><td><a href=\"mailto:info@alvhart.se\">Anki L\u00f6\u00f6w Viinikka<\/a><\/td><td>070-2717078<\/td><td><a href=\"mailto:info@alvhart.se\" data-type=\"mailto\" data-id=\"mailto:info@alvhart.se\">info@alvhart.se<\/a><\/td><\/tr><tr><td>&nbsp;<\/td><td><a href=\"mailto:joennilsson@outlook.com\">Johnny Nilsson<\/a><\/td><td>070-2906973<\/td><td><a href=\"mailto:joennilsson@outlook.com\">joennilsson@outlook.com<\/a><span style=\"color: #0000ff\"><\/span><\/td><\/tr><tr><td>&nbsp;<\/td><td><a href=\"mailto:borolandsandberg@gmail.com\">Bo Sandberg<\/a><\/td><td>070-3109277<\/td><td><span style=\"color: #0000ff\"><a style=\"color: #0000ff\" href=\"mailto:borolandsandberg@gmail.com\">borolandsandberg@gmail.com\u00a0<\/a><\/span><span style=\"color: #0000ff\"><\/span><\/td><\/tr><tr><td>&nbsp;<\/td><td><a href=\"mailto:fotograftord@gmail.com\">Tord Saxin<\/a><\/td><td>070-8366760<\/td><td><span style=\"color: #0000ff\"><a href=\"mailto:fotograftord@gmail.com\">fotograftord@gmail.com<\/a><\/span><\/td><\/tr><tr><td>&nbsp;<\/td><td><a href=\"mailto:lotta@sm4tfe.com\">Liselott St\u00e5lberg<\/a><\/td><td>070\u20135766795<\/td><td><a href=\"mailto:lotta@sm4tfe.com\">lotta@sm4tfe.com<\/a><\/td><\/tr><\/tbody><\/table><\/figure>\n\n\n\n<p><\/p>\n","protected":false},"excerpt":{"rendered":"<p>Ordf\u00f6rande Marie Hellsing 073-7741466 ateljegamlastation@live.se Vice ordf\u00f6rande Linda Jurmu 072-1500058 lindajurmu@gmail.com Intendent Christer Norrstr\u00f6m 070-3376338 norrhed@hotmail.com Kassaf\u00f6rvaltare AnnCharlotte Andersson 070\u20132390370 ac.ason@telia.com Sekreterare Eva Sahlberg Blom 070-3054156 eva.sahlbergblom@gmail.com &nbsp;Vice sekreterare Susanne [&hellip;]<\/p>\n","protected":false},"author":35,"featured_media":1614,"parent":46,"menu_order":0,"comment_status":"closed","ping_status":"closed","template":"","meta":{"footnotes":""},"class_list":["post-54","page","type-page","status-publish","has-post-thumbnail","hentry"],"_links":{"self":[{"href":"https:\/\/mockelnforeningarna.se\/karlskogakonstforening\/wp-json\/wp\/v2\/pages\/54","targetHints":{"allow":["GET"]}}],"collection":[{"href":"https:\/\/mockelnforeningarna.se\/karlskogakonstforening\/wp-json\/wp\/v2\/pages"}],"about":[{"href":"https:\/\/mockelnforeningarna.se\/karlskogakonstforening\/wp-json\/wp\/v2\/types\/page"}],"author":[{"embeddable":true,"href":"https:\/\/mockelnforeningarna.se\/karlskogakonstforening\/wp-json\/wp\/v2\/users\/35"}],"replies":[{"embeddable":true,"href":"https:\/\/mockelnforeningarna.se\/karlskogakonstforening\/wp-json\/wp\/v2\/comments?post=54"}],"version-history":[{"count":13,"href":"https:\/\/mockelnforeningarna.se\/karlskogakonstforening\/wp-json\/wp\/v2\/pages\/54\/revisions"}],"predecessor-version":[{"id":1765,"href":"https:\/\/mockelnforeningarna.se\/karlskogakonstforening\/wp-json\/wp\/v2\/pages\/54\/revisions\/1765"}],"up":[{"embeddable":true,"href":"https:\/\/mockelnforeningarna.se\/karlskogakonstforening\/wp-json\/wp\/v2\/pages\/46"}],"wp:featuredmedia":[{"embeddable":true,"href":"https:\/\/mockelnforeningarna.se\/karlskogakonstforening\/wp-json\/wp\/v2\/media\/1614"}],"wp:attachment":[{"href":"https:\/\/mockelnforeningarna.se\/karlskogakonstforening\/wp-json\/wp\/v2\/media?parent=54"}],"curies":[{"name":"wp","href":"https:\/\/api.w.org\/{rel}","templated":true}]}}