{"id":60,"date":"2019-05-02T17:21:53","date_gmt":"2019-05-02T15:21:53","guid":{"rendered":"https:\/\/mockelnforeningarna.se\/karlskogakonstforening\/?page_id=60"},"modified":"2023-01-12T23:31:45","modified_gmt":"2023-01-12T22:31:45","slug":"verksamhet","status":"publish","type":"page","link":"https:\/\/mockelnforeningarna.se\/karlskogakonstforening\/om-oss\/verksamhet\/","title":{"rendered":"Verksamhet"},"content":{"rendered":"\n<p class=\"has-m-font-size\">Karlskoga Konstf\u00f6rening bildades 1946. F\u00f6reningens m\u00e5ls\u00e4ttning \u00e4r att v\u00e4cka och sprida intresse f\u00f6r konst i Karlskoga- och Degerforsomr\u00e5det.&nbsp; <\/p>\n\n\n\n<p>Den publika verksamheten bedrivs huvudsakligen i Konsthallen, f.d. \u201dfinkan\u201d i Tingshusparken Byggnaden sparades n\u00e4r tingshuset revs 1945, det hus d\u00e4r Alfred Nobels testamente vann laga  kraft.  <\/p>\n\n\n\n<p>Under \u00e5ret anordnar konstf\u00f6reningen tre utst\u00e4llningar i konsthallen: den jurybed\u00f6mda och v\u00e4lbes\u00f6kta <em>V\u00e5rsalongen <\/em>samt <em>Sommarutst\u00e4llningen<\/em> och <em>H\u00f6stutst\u00e4llningen<\/em>. Genom dessa utst\u00e4llningar f\u00e5r m\u00e4nniskor i n\u00e4romr\u00e5det m\u00f6jlighet att ta del av konst och att ha en dialog med g\u00e4stande konstn\u00e4rer.  <\/p>\n\n\n\n<p>F\u00f6reningen ordnar \u00e5rligen ett <em>medlemslotteri<\/em> d\u00e4r vinsterna best\u00e5r av konst som k\u00f6pts in, bland annat vid de utst\u00e4llningar som visats i Konsthallen.  Varje v\u00e5r anordnas en <em>konst- och studieresa<\/em> d\u00e4r konstmuseer, atelj\u00e9er och andra platser av kulturellt intresse bes\u00f6ks. <br>F\u00f6r att ytterligare stimulera intresset f\u00f6r konst anordnar f\u00f6reningen andra evenemang som <em>f\u00f6rel\u00e4sningar<\/em> och <em>konstkaf\u00e9er<\/em>. Ett mycket popul\u00e4rt inslag \u00e4r&nbsp;\u201d<em>Falskt eller \u00e4kta<\/em>\u201d, d\u00e4r allm\u00e4nheten f\u00e5r m\u00f6jlighet att f\u00e5 r\u00e5dgivning och v\u00e4rdering av konst. Konstf\u00f6rening vill medverka till att Konsthallens verksamhet utvecklas till ett sp\u00e4nnande m\u00f6te med konsten f\u00f6r b\u00e5de yngre och \u00e4ldre publik och att s\u00e4tta Karlskoga p\u00e5 kartan som en konststad. <\/p>\n\n\n\n<p><em><strong>V\u00e4lkommen att ta del av Karlskoga Konstf\u00f6reningens olika aktiviteter!<\/strong><\/em><\/p>\n","protected":false},"excerpt":{"rendered":"<p>Karlskoga Konstf\u00f6rening bildades 1946. F\u00f6reningens m\u00e5ls\u00e4ttning \u00e4r att v\u00e4cka och sprida intresse f\u00f6r konst i Karlskoga- och Degerforsomr\u00e5det.&nbsp; Den publika verksamheten bedrivs huvudsakligen i Konsthallen, f.d. \u201dfinkan\u201d i Tingshusparken Byggnaden [&hellip;]<\/p>\n","protected":false},"author":35,"featured_media":0,"parent":46,"menu_order":0,"comment_status":"closed","ping_status":"closed","template":"","meta":{"footnotes":""},"class_list":["post-60","page","type-page","status-publish","hentry"],"_links":{"self":[{"href":"https:\/\/mockelnforeningarna.se\/karlskogakonstforening\/wp-json\/wp\/v2\/pages\/60","targetHints":{"allow":["GET"]}}],"collection":[{"href":"https:\/\/mockelnforeningarna.se\/karlskogakonstforening\/wp-json\/wp\/v2\/pages"}],"about":[{"href":"https:\/\/mockelnforeningarna.se\/karlskogakonstforening\/wp-json\/wp\/v2\/types\/page"}],"author":[{"embeddable":true,"href":"https:\/\/mockelnforeningarna.se\/karlskogakonstforening\/wp-json\/wp\/v2\/users\/35"}],"replies":[{"embeddable":true,"href":"https:\/\/mockelnforeningarna.se\/karlskogakonstforening\/wp-json\/wp\/v2\/comments?post=60"}],"version-history":[{"count":3,"href":"https:\/\/mockelnforeningarna.se\/karlskogakonstforening\/wp-json\/wp\/v2\/pages\/60\/revisions"}],"predecessor-version":[{"id":1196,"href":"https:\/\/mockelnforeningarna.se\/karlskogakonstforening\/wp-json\/wp\/v2\/pages\/60\/revisions\/1196"}],"up":[{"embeddable":true,"href":"https:\/\/mockelnforeningarna.se\/karlskogakonstforening\/wp-json\/wp\/v2\/pages\/46"}],"wp:attachment":[{"href":"https:\/\/mockelnforeningarna.se\/karlskogakonstforening\/wp-json\/wp\/v2\/media?parent=60"}],"curies":[{"name":"wp","href":"https:\/\/api.w.org\/{rel}","templated":true}]}}