{"id":64,"date":"2019-05-02T17:25:10","date_gmt":"2019-05-02T15:25:10","guid":{"rendered":"https:\/\/mockelnforeningarna.se\/karlskogakonstforening\/?page_id=64"},"modified":"2023-01-12T23:34:42","modified_gmt":"2023-01-12T22:34:42","slug":"historik","status":"publish","type":"page","link":"https:\/\/mockelnforeningarna.se\/karlskogakonstforening\/om-oss\/historik\/","title":{"rendered":"Historik"},"content":{"rendered":"\n<p class=\"has-m-font-size\"><strong>Karlskoga Konstf\u00f6rening 60 \u00e5r 2006 &#8211;\u00a0Beskrivning av \u00e5ren 1946-2006\u00a0 <\/strong><\/p>\n\n\n\n<p>Den 1 januari 1940 fick Karlskoga socken stadsr\u00e4ttigheter. Karlskoga var d\u00e5 ett typiskt brukssamh\u00e4lle i stark utveckling p.g.a. utbyggnad av ortens industri. Innev\u00e5narantalet var ungef\u00e4r 25 000 personer, men siffran steg \u00e5r f\u00f6r \u00e5r och \u00f6kade m\u00f6jligheter f\u00f6r utbildning och fritidssyssels\u00e4ttning beh\u00f6vdes. ABF och TBV bedrev omfattande studieverksamhet, men den bildande konsten och intresset f\u00f6r spridande av den blev i viss m\u00e5n eftersatt. Kringresande\u00a0konsthandlare hade visserligen visningar av konst i\u00a0Stadshotellets uppackningsrum men dessa var av kommersiell art och \u00f6kade nog inte konstintresset bland allm\u00e4nheten. Ibland ordnade lokala konstn\u00e4rer utst\u00e4llningar p\u00e5 olika st\u00e4llen i staden, men i lokaler som inte var l\u00e4mpliga och d\u00e4rmed inte gjorde konsten r\u00e4ttvisa. <\/p>\n\n\n\n<p>Det fanns ett livligt intresse f\u00f6r den bildande konsten bland stadens innev\u00e5nare och vid flera tillf\u00e4llen kom fr\u00e5gan om att bilda en konstf\u00f6rening upp. N\u00e4r s\u00e5 Tingshuset revs 1945\u00a0sparades den bakomliggande byggnaden, \u201dfinkan\u201d, som blev den lokal man letat efter, och den 18 juli\u00a01946 bildades\u00a0Karlskoga Konstf\u00f6rening. Initiativtagare var bl.a. d\u00e5varande kommunalborgm\u00e4stare Georg Mogren och doktor Egil L\u00f6nnberg. <\/p>\n\n\n\n<p>Ovanst\u00e5ende \u00e4r ett sammandrag ur den jubileumsskrift f\u00f6reningen gav ut vid 25-\u00e5rsjubileet 1971 och som finns kvar endast i n\u00e5got ex i f\u00f6reningens arkiv. Det \u00e4r Georg Mogren som beskriver f\u00f6reningens verksamhet under de f\u00f6rsta 25 \u00e5ren. Vid 50-\u00e5rsjubileet 1996 gav man ocks\u00e5 ut en jubileumsskrift d\u00e4r John Waller beskriver n\u00e4sta 25 \u00e5rs verksamhet. Denna skrift finns fortfarande kvar i n\u00e5gra ex\u00a0f\u00f6r den som \u00e4r intresserad. <\/p>\n\n\n\n<p>Under de tio \u00e5r som g\u00e5tt sedan 50-\u00e5rsjubileet har f\u00f6reningens verksamhet fortsatt i samma anda som tidigare och med samma m\u00e5l: att stimulera och sprida intresset f\u00f6r bildkonst bland karlskogaborna. Styrelsens sammans\u00e4ttning har skiftat under \u00e5ren. Ordf\u00f6rande har under perioden varit Kenneth Wachenfeldt 1997 och 1998, John Waller 1999 och 2000 och Astri Johansson, 2001 och fortfarande. <\/p>\n\n\n\n<p>V\u00e5r jurerade v\u00e5rsalong \u00e4r den mest bes\u00f6kta utst\u00e4llningen under \u00e5ret i konsthallen. Vi vill ge en eloge till alla dem som l\u00e4mnar in sina alster till bed\u00f6mning. Det kan vara b\u00e5de nerv\u00f6st och sp\u00e4nnande. Blir man\u00a0\u201dgodk\u00e4nd\u201d av jurymannen eller refuserad? M\u00e5nga nu erk\u00e4nda konstn\u00e4rer har startat sin karri\u00e4r med deltagande i n\u00e5gon jurerad utst\u00e4llning. S\u00e5 kan det ju faktiskt ocks\u00e5 bli f\u00f6r n\u00e5gon\/n\u00e5gra av dem som deltar nu. <\/p>\n\n\n\n<p>Som hedersutst\u00e4llare p\u00e5 v\u00e5rsalongen har vi under de senaste tio \u00e5ren haft Levi Eismark, Ann-Mari Enlund, G\u00f6sta Sigvard Strand, Berne Nilsson, Margita Dahlstr\u00f6m, G\u00f6ran Persson, Kristina Anshelm, Kjell Sj\u00f6gren, Torbj\u00f6rn Skogquist, Anette Ericson. Alla utom tv\u00e5 \u00e4r utflyttade f.d. karlskogabor. <\/p>\n\n\n\n<p>Till v\u00e5ra h\u00f6stutst\u00e4llningar vill vi g\u00e4rna bjuda in etablerade\u00a0konstn\u00e4rer\u00a0utifr\u00e5n, dels f\u00f6r bes\u00f6karnas skull, dels \u00e4ven\u00a0f\u00f6r att vi vet att Karlskoga konsthall \u00e4r popul\u00e4r ute bland de yrkesverksamma\u00a0konstn\u00e4rerna. Vi bidrar d\u00e4rmed b\u00e5de\u00a0till att ge karlskogaborna m\u00f6jlighet att se god konst och till att s\u00e4tta Karlskoga som konststad p\u00e5 kartan. Under de senaste tio \u00e5ren har vi haft utst\u00e4llningar med k\u00e4nda konstn\u00e4rer som Laris Strunke, Eva Lange, Timo Solin, en grupp Oslokonstn\u00e4rer, Tage T\u00f6rning, Lars Spaak och Valdemar Jordan.\u00a0 N\u00e5got \u00e5r har vi bjudit\u00a0in i Karlskogaboende konstn\u00e4rer, som Paul Andersson, Erik Berg, Gertrud Sam\u00e9n och Sophie Willers. <\/p>\n\n\n\n<p>Vid millenniumskiftet \u00e5r 2000 anordnade f\u00f6reningen en sommarutst\u00e4llning\u00a0med deltagande av\u00a0den kanadensiske konstn\u00e4ren Max Streicher och den tyske ljud- och ljuskonstn\u00e4ren Tilman K\u00fcnsel. Det var en mycket speciell och uppm\u00e4rksammad utst\u00e4llning med stora, uppbl\u00e5sta dockor \u201dSleeping Giants\u201d p\u00e5 golvet i konsthallen samt \u201dNobells\u201d vid kanonen uppe p\u00e5 R\u00e4v\u00e5skullen. <\/p>\n\n\n\n<p>P\u00e5 v\u00e5ra konstresor har vi bes\u00f6kt Aguelimuseet i Sala, Alma L\u00f6v Museum i \u00d6stra \u00c4mtervik, Rackstadsmuseet i Arvika, Hellidens Litografiska Akademi i Tidaholm, Grafikens Hus och Gripsholms Slott i Mariefred, skulpturparkerna i H\u00e4llefors och \u00c5kerby, Lars Lerins utst\u00e4llning i Munkfors och m\u00e5nga andra intressanta platser. <\/p>\n\n\n\n<p>Vi har ocks\u00e5 anordnat \u00e5tskilliga f\u00f6rel\u00e4sningar om konst, som t.ex.\u00a0Fr\u00e5n Venus p\u00e5 v\u00e5gen till Vietnamkriget och jordgubbslandet\u00a0med museichef Stefan Hammenbeck, Karlstad och\u00a0Fr\u00e5n ren\u00e4ssans till modernism \u2013 m\u00e5leri igenom fem sekler\u00a0med t.f. museichef Anna Svensson, Kristinehamn. <\/p>\n\n\n\n<p>En aktivitet som vi startat under denna tio\u00e5rsperiod \u00e4r\u00a0Reproduktion eller original \u2013 vem \u00e4r konstn\u00e4ren?,\u00a0gratis r\u00e5dfr\u00e5gning om konst. En mycket popul\u00e4r satsning.\u00a0\u00a0 <\/p>\n\n\n\n<p>Under n\u00e5gra \u00e5r, n\u00e4r kommunen inte hade n\u00e5gon kultursekreterare, var Konstf\u00f6reningen ocks\u00e5 engagerad i den s.k. Kommunens konstgrupp. Det var en intressant och l\u00e4rorik tid med mycket ansvar.\u00a0 <\/p>\n\n\n\n<p>V\u00e5r styrelse best\u00e5r av\u00a0elva ledam\u00f6ter som tr\u00e4ffas ungef\u00e4r en g\u00e5ng varje m\u00e5nad. Vi har en mycket fin sammanh\u00e5llning i styrelsen. Ledam\u00f6terna har en stark k\u00e4nsla f\u00f6r bildkonsten och f\u00f6r att bidra till att intresset f\u00f6r den h\u00e5lls levande i Karlskoga. Det var ju s\u00e5 det b\u00f6rjade f\u00f6r 60 \u00e5r sedan, med n\u00e5gra entusiaster i spetsen, som bildade en konstf\u00f6rening \u201df\u00f6r att utst\u00e4llningar regelbundet skulle kunna visas i den nya staden\u201d. Sedan dess har ett stort antal personer under \u00e5ren tr\u00e4get arbetat vidare med detta, lagt ner en icke f\u00f6raktlig del av sin fritid p\u00e5 att h\u00e5lla liv i och utveckla f\u00f6reningen. Vi \u00e4r de nuvarande entusiasterna, och vi k\u00e4nner\u00a0ansvaret f\u00f6r att forts\u00e4tta det arbetet. Men &#8211;\u00a0det \u00e4r inget tungt ansvar, tv\u00e4rtom!\u00a0 <\/p>\n\n\n\n<p>Karlskoga i juli 2006 <br><em>Astri Johansson,\u00a0ordf\u00f6rande<\/em><\/p>\n","protected":false},"excerpt":{"rendered":"<p>Karlskoga Konstf\u00f6rening 60 \u00e5r 2006 &#8211;\u00a0Beskrivning av \u00e5ren 1946-2006\u00a0 Den 1 januari 1940 fick Karlskoga socken stadsr\u00e4ttigheter. Karlskoga var d\u00e5 ett typiskt brukssamh\u00e4lle i stark utveckling p.g.a. utbyggnad av ortens [&hellip;]<\/p>\n","protected":false},"author":35,"featured_media":0,"parent":46,"menu_order":0,"comment_status":"closed","ping_status":"closed","template":"","meta":{"footnotes":""},"class_list":["post-64","page","type-page","status-publish","hentry"],"_links":{"self":[{"href":"https:\/\/mockelnforeningarna.se\/karlskogakonstforening\/wp-json\/wp\/v2\/pages\/64","targetHints":{"allow":["GET"]}}],"collection":[{"href":"https:\/\/mockelnforeningarna.se\/karlskogakonstforening\/wp-json\/wp\/v2\/pages"}],"about":[{"href":"https:\/\/mockelnforeningarna.se\/karlskogakonstforening\/wp-json\/wp\/v2\/types\/page"}],"author":[{"embeddable":true,"href":"https:\/\/mockelnforeningarna.se\/karlskogakonstforening\/wp-json\/wp\/v2\/users\/35"}],"replies":[{"embeddable":true,"href":"https:\/\/mockelnforeningarna.se\/karlskogakonstforening\/wp-json\/wp\/v2\/comments?post=64"}],"version-history":[{"count":2,"href":"https:\/\/mockelnforeningarna.se\/karlskogakonstforening\/wp-json\/wp\/v2\/pages\/64\/revisions"}],"predecessor-version":[{"id":1198,"href":"https:\/\/mockelnforeningarna.se\/karlskogakonstforening\/wp-json\/wp\/v2\/pages\/64\/revisions\/1198"}],"up":[{"embeddable":true,"href":"https:\/\/mockelnforeningarna.se\/karlskogakonstforening\/wp-json\/wp\/v2\/pages\/46"}],"wp:attachment":[{"href":"https:\/\/mockelnforeningarna.se\/karlskogakonstforening\/wp-json\/wp\/v2\/media?parent=64"}],"curies":[{"name":"wp","href":"https:\/\/api.w.org\/{rel}","templated":true}]}}