{"id":67,"date":"2019-05-02T17:25:46","date_gmt":"2019-05-02T15:25:46","guid":{"rendered":"https:\/\/mockelnforeningarna.se\/karlskogakonstforening\/?page_id=67"},"modified":"2025-09-21T12:00:52","modified_gmt":"2025-09-21T10:00:52","slug":"evenemang","status":"publish","type":"page","link":"https:\/\/mockelnforeningarna.se\/karlskogakonstforening\/evenemang\/","title":{"rendered":"Evenemang"},"content":{"rendered":"\n<p><strong>Klicka p\u00e5 rubriken f\u00e5r du veta mera. <\/strong><\/p>\n\n\n\n\t\t<div class=\"bb-block-feed bb-block-feed--default alignwide wp-block-bb-blocks-feed\" class=\"bb-block-feed bb-block-feed--default alignwide\" id=\"\">\n\t\t\t\n\t\t\t<div class=\"bb-block-feed__content\" data-columns=\"1\">\n\t\t\t\n\t\t\t<article class=\"post post--has-thumbnail post--boxed\">\n\t\t\t\t<header class=\"post__header\">\n\t\t\t\t\t<h3 class=\"post__title  post__title--default\"><a href=\"https:\/\/mockelnforeningarna.se\/karlskogakonstforening\/events\/event\/sommarutstallning-med-konstbunkern\/?occurrence=34\">Sommarutst\u00e4llning med KonstBunkern<\/a><\/h3>\n\t\t\t\t\t<div class=\"post__meta\">11 juli, 2026 &#8211; 26 juli, 2026<\/div>\n\t\t\t\t<\/header>\n\t\t\t\t<div class=\"post__thumbnail\">\n\t\t\t\t<img loading=\"lazy\" decoding=\"async\" width=\"1152\" height=\"716\" src=\"https:\/\/mockelnforeningarna.se\/app\/uploads\/sites\/27\/2025\/09\/Namnlost-e1758448141737.jpg\" class=\"attachment-post-thumbnail size-post-thumbnail wp-post-image\" alt=\"Konstbunkern\" srcset=\"https:\/\/mockelnforeningarna.se\/app\/uploads\/sites\/27\/2025\/09\/Namnlost-e1758448141737.jpg 1152w, https:\/\/mockelnforeningarna.se\/app\/uploads\/sites\/27\/2025\/09\/Namnlost-e1758448141737-300x186.jpg 300w, https:\/\/mockelnforeningarna.se\/app\/uploads\/sites\/27\/2025\/09\/Namnlost-e1758448141737-1024x636.jpg 1024w, https:\/\/mockelnforeningarna.se\/app\/uploads\/sites\/27\/2025\/09\/Namnlost-e1758448141737-768x477.jpg 768w, https:\/\/mockelnforeningarna.se\/app\/uploads\/sites\/27\/2025\/09\/Namnlost-e1758448141737-800x497.jpg 800w, https:\/\/mockelnforeningarna.se\/app\/uploads\/sites\/27\/2025\/09\/Namnlost-e1758448141737-500x311.jpg 500w, https:\/\/mockelnforeningarna.se\/app\/uploads\/sites\/27\/2025\/09\/Namnlost-e1758448141737-600x373.jpg 600w\" sizes=\"auto, (max-width: 1152px) 100vw, 1152px\" \/>\n\t\t\t\t<\/div>\n\t\t\t\t<div class=\"post__content\">\n\t\t\t\t\tVi h\u00e4lsar KonstBunkern fr\u00e5n \u00d6rebro v\u00e4lkomna till 2026 \u00e5rs sommarutst\u00e4llning i Karlskoga konsthall. KonstBunkern \u00e4r nio konstn\u00e4rer som alla \u00e4r baserade i \u00d6rebro. De har atelj\u00e9er och ett Galleri i [&hellip;]\n\t\t\t\t<\/div>\n\t\t\t\t\n\t\t\t\t<footer class=\"post__footer\">\n\t\t\t\t\t<div class=\"post__author\"><strong>Publicerad av:<\/strong> konstforeningen<\/div>\n\t\t\t\t\t\n\t\t\t\t<\/footer>\n\t\t\t\t\n\t\t\t<\/article>\n\t\t\t\n\t\t\t<article class=\"post post--has-thumbnail post--boxed\">\n\t\t\t\t<header class=\"post__header\">\n\t\t\t\t\t<h3 class=\"post__title  post__title--default\"><a href=\"https:\/\/mockelnforeningarna.se\/karlskogakonstforening\/events\/event\/konst-och-studieresa-2026\/?occurrence=40\">Konst- och studieresa 2026<\/a><\/h3>\n\t\t\t\t\t<div class=\"post__meta\">5 september, 2026 &#8211; 5 september, 2026<\/div>\n\t\t\t\t<\/header>\n\t\t\t\t<div class=\"post__thumbnail\">\n\t\t\t\t<img loading=\"lazy\" decoding=\"async\" width=\"1125\" height=\"1500\" src=\"https:\/\/mockelnforeningarna.se\/app\/uploads\/sites\/27\/2021\/10\/A121410.jpg\" class=\"attachment-post-thumbnail size-post-thumbnail wp-post-image\" alt=\"\" srcset=\"https:\/\/mockelnforeningarna.se\/app\/uploads\/sites\/27\/2021\/10\/A121410.jpg 1125w, https:\/\/mockelnforeningarna.se\/app\/uploads\/sites\/27\/2021\/10\/A121410-225x300.jpg 225w, https:\/\/mockelnforeningarna.se\/app\/uploads\/sites\/27\/2021\/10\/A121410-768x1024.jpg 768w, https:\/\/mockelnforeningarna.se\/app\/uploads\/sites\/27\/2021\/10\/A121410-800x1067.jpg 800w, https:\/\/mockelnforeningarna.se\/app\/uploads\/sites\/27\/2021\/10\/A121410-500x667.jpg 500w, https:\/\/mockelnforeningarna.se\/app\/uploads\/sites\/27\/2021\/10\/A121410-600x800.jpg 600w\" sizes=\"auto, (max-width: 1125px) 100vw, 1125px\" \/>\n\t\t\t\t<\/div>\n\t\t\t\t<div class=\"post__content\">\n\t\t\t\t\tResan g\u00e5r till V\u00e4rmland d\u00e4r vi bl a bes\u00f6ker &#8221;Vildhj\u00e4rta&#8221; (Maria Westerberg) i Brunskog. Sidan kommer att uppdateras!\n\t\t\t\t<\/div>\n\t\t\t\t\n\t\t\t\t<footer class=\"post__footer\">\n\t\t\t\t\t<div class=\"post__author\"><strong>Publicerad av:<\/strong> konstforeningen<\/div>\n\t\t\t\t\t\n\t\t\t\t<\/footer>\n\t\t\t\t\n\t\t\t<\/article>\n\t\t\t\n\t\t\t<article class=\"post post--has-thumbnail post--boxed\">\n\t\t\t\t<header class=\"post__header\">\n\t\t\t\t\t<h3 class=\"post__title  post__title--default\"><a href=\"https:\/\/mockelnforeningarna.se\/karlskogakonstforening\/events\/event\/mellan-husen-och-berattelser-systrarna-gustafsson\/?occurrence=33\">\u201dMellan husen\u201d och \u201dBer\u00e4ttelser systrarna Gustafsson\u201d<\/a><\/h3>\n\t\t\t\t\t<div class=\"post__meta\">17 oktober, 2026 &#8211; 1 november, 2026<\/div>\n\t\t\t\t<\/header>\n\t\t\t\t<div class=\"post__thumbnail\">\n\t\t\t\t<img loading=\"lazy\" decoding=\"async\" width=\"2560\" height=\"1707\" src=\"https:\/\/mockelnforeningarna.se\/app\/uploads\/sites\/27\/2025\/09\/IMG_9178-scaled.jpg\" class=\"attachment-post-thumbnail size-post-thumbnail wp-post-image\" alt=\"Christina Brattsand Carlsson\" srcset=\"https:\/\/mockelnforeningarna.se\/app\/uploads\/sites\/27\/2025\/09\/IMG_9178-scaled.jpg 2560w, https:\/\/mockelnforeningarna.se\/app\/uploads\/sites\/27\/2025\/09\/IMG_9178-300x200.jpg 300w, https:\/\/mockelnforeningarna.se\/app\/uploads\/sites\/27\/2025\/09\/IMG_9178-1024x683.jpg 1024w, https:\/\/mockelnforeningarna.se\/app\/uploads\/sites\/27\/2025\/09\/IMG_9178-768x512.jpg 768w, https:\/\/mockelnforeningarna.se\/app\/uploads\/sites\/27\/2025\/09\/IMG_9178-1536x1024.jpg 1536w, https:\/\/mockelnforeningarna.se\/app\/uploads\/sites\/27\/2025\/09\/IMG_9178-2048x1365.jpg 2048w, https:\/\/mockelnforeningarna.se\/app\/uploads\/sites\/27\/2025\/09\/IMG_9178-1600x1067.jpg 1600w, https:\/\/mockelnforeningarna.se\/app\/uploads\/sites\/27\/2025\/09\/IMG_9178-1400x933.jpg 1400w, https:\/\/mockelnforeningarna.se\/app\/uploads\/sites\/27\/2025\/09\/IMG_9178-800x533.jpg 800w, https:\/\/mockelnforeningarna.se\/app\/uploads\/sites\/27\/2025\/09\/IMG_9178-500x333.jpg 500w, https:\/\/mockelnforeningarna.se\/app\/uploads\/sites\/27\/2025\/09\/IMG_9178-1440x960.jpg 1440w, https:\/\/mockelnforeningarna.se\/app\/uploads\/sites\/27\/2025\/09\/IMG_9178-600x400.jpg 600w\" sizes=\"auto, (max-width: 2560px) 100vw, 2560px\" \/>\n\t\t\t\t<\/div>\n\t\t\t\t<div class=\"post__content\">\n\t\t\t\t\tChristina Brattsand Carlsson\u00a0 Utst\u00e4llningen \u00e4r indelad i tv\u00e5 avdelningar. I \u201dMellan husen\u201d visas skulpturer och collage i form av huskroppar, former och m\u00e4nniskofigurer. Alstren \u00e4r gjorda i keramik, textil och [&hellip;]\n\t\t\t\t<\/div>\n\t\t\t\t\n\t\t\t\t<footer class=\"post__footer\">\n\t\t\t\t\t<div class=\"post__author\"><strong>Publicerad av:<\/strong> konstforeningen<\/div>\n\t\t\t\t\t\n\t\t\t\t<\/footer>\n\t\t\t\t\n\t\t\t<\/article>\n\t\t\t\n\t\t\t<\/div>\n\t\t<\/div>\n\t","protected":false},"excerpt":{"rendered":"<p>Klicka p\u00e5 rubriken f\u00e5r du veta mera.<\/p>\n","protected":false},"author":35,"featured_media":0,"parent":0,"menu_order":0,"comment_status":"closed","ping_status":"closed","template":"","meta":{"footnotes":""},"class_list":["post-67","page","type-page","status-publish","hentry"],"_links":{"self":[{"href":"https:\/\/mockelnforeningarna.se\/karlskogakonstforening\/wp-json\/wp\/v2\/pages\/67","targetHints":{"allow":["GET"]}}],"collection":[{"href":"https:\/\/mockelnforeningarna.se\/karlskogakonstforening\/wp-json\/wp\/v2\/pages"}],"about":[{"href":"https:\/\/mockelnforeningarna.se\/karlskogakonstforening\/wp-json\/wp\/v2\/types\/page"}],"author":[{"embeddable":true,"href":"https:\/\/mockelnforeningarna.se\/karlskogakonstforening\/wp-json\/wp\/v2\/users\/35"}],"replies":[{"embeddable":true,"href":"https:\/\/mockelnforeningarna.se\/karlskogakonstforening\/wp-json\/wp\/v2\/comments?post=67"}],"version-history":[{"count":5,"href":"https:\/\/mockelnforeningarna.se\/karlskogakonstforening\/wp-json\/wp\/v2\/pages\/67\/revisions"}],"predecessor-version":[{"id":1598,"href":"https:\/\/mockelnforeningarna.se\/karlskogakonstforening\/wp-json\/wp\/v2\/pages\/67\/revisions\/1598"}],"wp:attachment":[{"href":"https:\/\/mockelnforeningarna.se\/karlskogakonstforening\/wp-json\/wp\/v2\/media?parent=67"}],"curies":[{"name":"wp","href":"https:\/\/api.w.org\/{rel}","templated":true}]}}