{"id":89,"date":"2019-05-03T09:46:55","date_gmt":"2019-05-03T07:46:55","guid":{"rendered":"https:\/\/mockelnforeningarna.se\/karlskogakonstforening\/?page_id=89"},"modified":"2026-02-03T10:41:52","modified_gmt":"2026-02-03T09:41:52","slug":"bli-medlem","status":"publish","type":"page","link":"https:\/\/mockelnforeningarna.se\/karlskogakonstforening\/medlem\/bli-medlem\/","title":{"rendered":"Bli medlem"},"content":{"rendered":"\n<p><strong>V\u00e4lkommen att bli medlem i Karlskoga Konstf\u00f6rening <\/strong><\/p>\n\n\n\n<p>\u00c5rsavgiften \u00e4r 180 kronor och d\u00e5 deltar du bland annat i det \u00e5rliga medlemslotteriet. Det enklaste s\u00e4ttet \u00e4r att fylla i nedanst\u00e5ende uppgifter och skicka formul\u00e4ret. <\/p>\n\n\n\n<p class=\"has-accent-color has-text-color\">Du kan ocks\u00e5 kontakta ordf\u00f6rande Marie Hellsing\u00a0eller kass\u00f6r AnnCharlotte Andersson vars kontaktuppgifter du hittar genom att <a href=\"https:\/\/mockelnforeningarna.se\/karlskogakonstforening\/om-oss\/styrelsen\/\">klicka h\u00e4r<\/a><\/p>\n\n\n\n<p><em>Ett annat s\u00e4tt \u00e4r att betala in medlemsavgiften p\u00e5 Plusgiro 385321-5 och anm\u00e4la dig genom att skriva namn, adress och ev. e-postadress. Du kan ocks\u00e5 Swisha till <\/em>1232960037 eller anv\u00e4nda QR-koden h\u00e4r ovan.<\/p>\n\n\n\n<p><\/p>\n\n\n\n<p><br><br><\/p>\n\n\n\n<hr class=\"wp-block-separator has-alpha-channel-opacity\" \/>\n\n\n\n<h3 class=\"wp-block-heading\">Medlemsf\u00f6rfr\u00e5gan<\/h3>\n\n\n\n<div class=\"wp-block-contact-form-7-contact-form-selector\">\n<div class=\"wpcf7 no-js\" id=\"wpcf7-f113-o1\" lang=\"sv-SE\" dir=\"ltr\" data-wpcf7-id=\"113\">\n<div class=\"screen-reader-response\"><p role=\"status\" aria-live=\"polite\" aria-atomic=\"true\"><\/p> <ul><\/ul><\/div>\n<form action=\"\/karlskogakonstforening\/wp-json\/wp\/v2\/pages\/89#wpcf7-f113-o1\" method=\"post\" class=\"wpcf7-form init\" aria-label=\"Kontaktformul\u00e4r\" novalidate=\"novalidate\" data-status=\"init\">\n<fieldset class=\"hidden-fields-container\"><input type=\"hidden\" name=\"_wpcf7\" value=\"113\" \/><input type=\"hidden\" name=\"_wpcf7_version\" value=\"6.1.5\" \/><input type=\"hidden\" name=\"_wpcf7_locale\" value=\"sv_SE\" \/><input type=\"hidden\" name=\"_wpcf7_unit_tag\" value=\"wpcf7-f113-o1\" \/><input type=\"hidden\" name=\"_wpcf7_container_post\" value=\"0\" \/><input type=\"hidden\" name=\"_wpcf7_posted_data_hash\" value=\"\" \/>\n<\/fieldset>\n<p><span class=\"wpcf7-form-control-wrap\" data-name=\"text-626\"><input size=\"40\" maxlength=\"400\" class=\"wpcf7-form-control wpcf7-text wpcf7-validates-as-required\" aria-required=\"true\" aria-invalid=\"false\" placeholder=\"Fullst\u00e4ndigt Namn*\" value=\"\" type=\"text\" name=\"text-626\" \/><\/span>\n<\/p>\n<p><span class=\"wpcf7-form-control-wrap\" data-name=\"your-email\"><input size=\"40\" maxlength=\"400\" class=\"wpcf7-form-control wpcf7-email wpcf7-validates-as-required wpcf7-text wpcf7-validates-as-email\" aria-required=\"true\" aria-invalid=\"false\" placeholder=\"Din E-post*\" value=\"\" type=\"email\" name=\"your-email\" \/><\/span>\n<\/p>\n<p><span class=\"wpcf7-form-control-wrap\" data-name=\"your-phone\"><input class=\"wpcf7-form-control wpcf7-number wpcf7-validates-as-required wpcf7-validates-as-number\" aria-required=\"true\" aria-invalid=\"false\" placeholder=\"Ditt Telefon Nr*\" value=\"\" type=\"number\" name=\"your-phone\" \/><\/span>\n<\/p>\n<p><span class=\"wpcf7-form-control-wrap\" data-name=\"your-adress\"><input size=\"40\" maxlength=\"400\" class=\"wpcf7-form-control wpcf7-text wpcf7-validates-as-required\" aria-required=\"true\" aria-invalid=\"false\" placeholder=\"Din Adress*\" value=\"\" type=\"text\" name=\"your-adress\" \/><\/span>\n<\/p>\n<p><span class=\"wpcf7-form-control-wrap\" data-name=\"your-areacode\"><input class=\"wpcf7-form-control wpcf7-number wpcf7-validates-as-required wpcf7-validates-as-number\" aria-required=\"true\" aria-invalid=\"false\" placeholder=\"Postnummer*\" value=\"\" type=\"number\" name=\"your-areacode\" \/><\/span>\n<\/p>\n<p><span class=\"wpcf7-form-control-wrap\" data-name=\"your-city\"><input size=\"40\" maxlength=\"400\" class=\"wpcf7-form-control wpcf7-text wpcf7-validates-as-required\" aria-required=\"true\" aria-invalid=\"false\" placeholder=\"Stad*\" value=\"\" type=\"text\" name=\"your-city\" \/><\/span>\n<\/p>\n<p><input class=\"wpcf7-form-control wpcf7-submit has-spinner\" type=\"submit\" value=\"Skicka\" \/>\n<\/p><div class=\"wpcf7-response-output\" aria-hidden=\"true\"><\/div>\n<\/form>\n<\/div>\n<\/div>\n","protected":false},"excerpt":{"rendered":"<p>V\u00e4lkommen att bli medlem i Karlskoga Konstf\u00f6rening \u00c5rsavgiften \u00e4r 180 kronor och d\u00e5 deltar du bland annat i det \u00e5rliga medlemslotteriet. Det enklaste s\u00e4ttet \u00e4r att fylla i nedanst\u00e5ende uppgifter [&hellip;]<\/p>\n","protected":false},"author":35,"featured_media":1732,"parent":86,"menu_order":0,"comment_status":"closed","ping_status":"closed","template":"","meta":{"footnotes":""},"class_list":["post-89","page","type-page","status-publish","has-post-thumbnail","hentry"],"_links":{"self":[{"href":"https:\/\/mockelnforeningarna.se\/karlskogakonstforening\/wp-json\/wp\/v2\/pages\/89","targetHints":{"allow":["GET"]}}],"collection":[{"href":"https:\/\/mockelnforeningarna.se\/karlskogakonstforening\/wp-json\/wp\/v2\/pages"}],"about":[{"href":"https:\/\/mockelnforeningarna.se\/karlskogakonstforening\/wp-json\/wp\/v2\/types\/page"}],"author":[{"embeddable":true,"href":"https:\/\/mockelnforeningarna.se\/karlskogakonstforening\/wp-json\/wp\/v2\/users\/35"}],"replies":[{"embeddable":true,"href":"https:\/\/mockelnforeningarna.se\/karlskogakonstforening\/wp-json\/wp\/v2\/comments?post=89"}],"version-history":[{"count":8,"href":"https:\/\/mockelnforeningarna.se\/karlskogakonstforening\/wp-json\/wp\/v2\/pages\/89\/revisions"}],"predecessor-version":[{"id":1704,"href":"https:\/\/mockelnforeningarna.se\/karlskogakonstforening\/wp-json\/wp\/v2\/pages\/89\/revisions\/1704"}],"up":[{"embeddable":true,"href":"https:\/\/mockelnforeningarna.se\/karlskogakonstforening\/wp-json\/wp\/v2\/pages\/86"}],"wp:featuredmedia":[{"embeddable":true,"href":"https:\/\/mockelnforeningarna.se\/karlskogakonstforening\/wp-json\/wp\/v2\/media\/1732"}],"wp:attachment":[{"href":"https:\/\/mockelnforeningarna.se\/karlskogakonstforening\/wp-json\/wp\/v2\/media?parent=89"}],"curies":[{"name":"wp","href":"https:\/\/api.w.org\/{rel}","templated":true}]}}