{"id":93,"date":"2019-05-03T09:47:51","date_gmt":"2019-05-03T07:47:51","guid":{"rendered":"https:\/\/mockelnforeningarna.se\/karlskogakonstforening\/?page_id=93"},"modified":"2026-04-09T18:04:26","modified_gmt":"2026-04-09T16:04:26","slug":"arsmotesprotokoll","status":"publish","type":"page","link":"https:\/\/mockelnforeningarna.se\/karlskogakonstforening\/medlem\/arsmotesprotokoll\/","title":{"rendered":"\u00c5rsm\u00f6tesprotokoll"},"content":{"rendered":"\n<p><a href=\"https:\/\/mockelnforeningarna.se\/app\/uploads\/sites\/27\/2026\/04\/protokoll-arsmote2026-Karlskoga-konstforening-1.pdf\">Karlskoga konstf\u00f6rening \u00e5rsm\u00f6tesprotokoll 2026 (utan bilagor)<\/a><\/p>\n\n\n\n<p>GAMLA PROTOKOLL: <\/p>\n\n\n\n<p><a href=\"https:\/\/mockelnforeningarna.se\/app\/uploads\/sites\/27\/2025\/04\/protokoll-arsmote2025-Karlskoga-konstforening.pdf\">Karlskoga konstf\u00f6rening \u00e5rsm\u00f6tesprotokoll 2025 (utan bilagor)<\/a><\/p>\n\n\n\n<p><br><span style=\"color: #000000\"><a href=\"https:\/\/mockelnforeningarna.se\/app\/uploads\/sites\/27\/2019\/05\/protokoll-arsmote2019-Karlskoga-Tradgardsforening-.pdf\">Karlskoga konstf\u00f6rening \u00e5rsm\u00f6tesprotokoll 2019<\/a><\/span><\/p>\n\n\n\n<p><a href=\"https:\/\/mockelnforeningarna.se\/app\/uploads\/sites\/27\/2023\/04\/protokoll-arsmote2020-Karlskoga-konstforening.pdf\">Karlskoga konstf\u00f6rening \u00e5rsm\u00f6tesprotokoll 2020<\/a><\/p>\n\n\n\n<p><span><a href=\"https:\/\/mockelnforeningarna.se\/app\/uploads\/sites\/27\/2021\/10\/protokoll-arsmote2021-Karlskoga-konstforening.pdf\">Karlskoga konstf\u00f6rening \u00e5rsm\u00f6tesprotokoll 2021 <\/a><\/span><\/p>\n\n\n\n<p><a href=\"https:\/\/mockelnforeningarna.se\/app\/uploads\/sites\/27\/2023\/04\/protokoll-arsmote2022-Karlskoga-konstforening.pdf\">Karlskoga konstf\u00f6rening \u00e5rsm\u00f6tesprotokoll 2022<\/a><\/p>\n\n\n\n<p><a href=\"https:\/\/mockelnforeningarna.se\/app\/uploads\/sites\/27\/2023\/04\/Signerat_protokoll_konstforeningen_arsm_23.pdf\">Karlskoga konstf\u00f6rening \u00e5rsm\u00f6tesprotokoll 2023<\/a><\/p>\n\n\n\n<p><a href=\"https:\/\/mockelnforeningarna.se\/app\/uploads\/sites\/27\/2025\/03\/Sign_protokoll_arsmote_2024_konstfor.pdf\">Karlskoga konstf\u00f6renings \u00e5rsm\u00f6tesprotokoll (utan bilagor) 2024<\/a><\/p>\n","protected":false},"excerpt":{"rendered":"<p>Karlskoga konstf\u00f6rening \u00e5rsm\u00f6tesprotokoll 2026 (utan bilagor) GAMLA PROTOKOLL: Karlskoga konstf\u00f6rening \u00e5rsm\u00f6tesprotokoll 2025 (utan bilagor) Karlskoga konstf\u00f6rening \u00e5rsm\u00f6tesprotokoll 2019 Karlskoga konstf\u00f6rening \u00e5rsm\u00f6tesprotokoll 2020 Karlskoga konstf\u00f6rening \u00e5rsm\u00f6tesprotokoll 2021 Karlskoga konstf\u00f6rening \u00e5rsm\u00f6tesprotokoll 2022 [&hellip;]<\/p>\n","protected":false},"author":35,"featured_media":0,"parent":86,"menu_order":0,"comment_status":"closed","ping_status":"closed","template":"","meta":{"footnotes":""},"class_list":["post-93","page","type-page","status-publish","hentry"],"_links":{"self":[{"href":"https:\/\/mockelnforeningarna.se\/karlskogakonstforening\/wp-json\/wp\/v2\/pages\/93","targetHints":{"allow":["GET"]}}],"collection":[{"href":"https:\/\/mockelnforeningarna.se\/karlskogakonstforening\/wp-json\/wp\/v2\/pages"}],"about":[{"href":"https:\/\/mockelnforeningarna.se\/karlskogakonstforening\/wp-json\/wp\/v2\/types\/page"}],"author":[{"embeddable":true,"href":"https:\/\/mockelnforeningarna.se\/karlskogakonstforening\/wp-json\/wp\/v2\/users\/35"}],"replies":[{"embeddable":true,"href":"https:\/\/mockelnforeningarna.se\/karlskogakonstforening\/wp-json\/wp\/v2\/comments?post=93"}],"version-history":[{"count":11,"href":"https:\/\/mockelnforeningarna.se\/karlskogakonstforening\/wp-json\/wp\/v2\/pages\/93\/revisions"}],"predecessor-version":[{"id":1772,"href":"https:\/\/mockelnforeningarna.se\/karlskogakonstforening\/wp-json\/wp\/v2\/pages\/93\/revisions\/1772"}],"up":[{"embeddable":true,"href":"https:\/\/mockelnforeningarna.se\/karlskogakonstforening\/wp-json\/wp\/v2\/pages\/86"}],"wp:attachment":[{"href":"https:\/\/mockelnforeningarna.se\/karlskogakonstforening\/wp-json\/wp\/v2\/media?parent=93"}],"curies":[{"name":"wp","href":"https:\/\/api.w.org\/{rel}","templated":true}]}}