{"id":95,"date":"2019-05-03T09:48:13","date_gmt":"2019-05-03T07:48:13","guid":{"rendered":"https:\/\/mockelnforeningarna.se\/karlskogakonstforening\/?page_id=95"},"modified":"2023-01-12T23:40:58","modified_gmt":"2023-01-12T22:40:58","slug":"gdpr","status":"publish","type":"page","link":"https:\/\/mockelnforeningarna.se\/karlskogakonstforening\/medlem\/gdpr\/","title":{"rendered":"GDPR"},"content":{"rendered":"\n<p>Vi sparar dina personuppgifter, namn och adress, s\u00e5 l\u00e4nge som du \u00e4r medlem i f\u00f6reningen. Uppgifterna anv\u00e4nds f\u00f6r att skicka information i Medlemsbladet och som grund f\u00f6r deltagande i medlemslotteriet.<\/p>\n\n\n\n<p>F\u00f6r ev inv\u00e4ndningar, kontakta kassaf\u00f6rvaltaren <a href=\"mailto:aoch.nilsson@telia.com\">AnnCharlotte Andersson<\/a> tel 070-2390370<\/p>\n","protected":false},"excerpt":{"rendered":"<p>Vi sparar dina personuppgifter, namn och adress, s\u00e5 l\u00e4nge som du \u00e4r medlem i f\u00f6reningen. Uppgifterna anv\u00e4nds f\u00f6r att skicka information i Medlemsbladet och som grund f\u00f6r deltagande i medlemslotteriet. [&hellip;]<\/p>\n","protected":false},"author":35,"featured_media":0,"parent":86,"menu_order":0,"comment_status":"closed","ping_status":"closed","template":"","meta":{"footnotes":""},"class_list":["post-95","page","type-page","status-publish","hentry"],"_links":{"self":[{"href":"https:\/\/mockelnforeningarna.se\/karlskogakonstforening\/wp-json\/wp\/v2\/pages\/95","targetHints":{"allow":["GET"]}}],"collection":[{"href":"https:\/\/mockelnforeningarna.se\/karlskogakonstforening\/wp-json\/wp\/v2\/pages"}],"about":[{"href":"https:\/\/mockelnforeningarna.se\/karlskogakonstforening\/wp-json\/wp\/v2\/types\/page"}],"author":[{"embeddable":true,"href":"https:\/\/mockelnforeningarna.se\/karlskogakonstforening\/wp-json\/wp\/v2\/users\/35"}],"replies":[{"embeddable":true,"href":"https:\/\/mockelnforeningarna.se\/karlskogakonstforening\/wp-json\/wp\/v2\/comments?post=95"}],"version-history":[{"count":2,"href":"https:\/\/mockelnforeningarna.se\/karlskogakonstforening\/wp-json\/wp\/v2\/pages\/95\/revisions"}],"predecessor-version":[{"id":1205,"href":"https:\/\/mockelnforeningarna.se\/karlskogakonstforening\/wp-json\/wp\/v2\/pages\/95\/revisions\/1205"}],"up":[{"embeddable":true,"href":"https:\/\/mockelnforeningarna.se\/karlskogakonstforening\/wp-json\/wp\/v2\/pages\/86"}],"wp:attachment":[{"href":"https:\/\/mockelnforeningarna.se\/karlskogakonstforening\/wp-json\/wp\/v2\/media?parent=95"}],"curies":[{"name":"wp","href":"https:\/\/api.w.org\/{rel}","templated":true}]}}