{"id":18,"date":"2014-03-04T09:34:49","date_gmt":"2014-03-04T08:34:49","guid":{"rendered":"https:\/\/mockelnforeningarna.se\/karlskogatradgardsforening\/?page_id=18"},"modified":"2022-12-07T16:45:50","modified_gmt":"2022-12-07T15:45:50","slug":"historik","status":"publish","type":"page","link":"https:\/\/mockelnforeningarna.se\/karlskogatradgardsforening\/historik\/","title":{"rendered":"Historik"},"content":{"rendered":"\n<h3 class=\"wp-block-heading\">Kortfattad historik \u00f6ver Karlskoga Tr\u00e4dg\u00e5rdsf\u00f6rening 1942 &#8211; 2012<\/h3>\n\n\n\n<p>F\u00f6reningen startade 1942 och samma \u00e5r antogs stadgarna. Man kan anta att odling av \u00e4tbara produkter var det prim\u00e4ra m\u00e5let f\u00f6r tr\u00e4dg\u00e5rdsf\u00f6reningen eftersom det var krigstid. Egna b\u00e4rbuskar, frukttr\u00e4d, gr\u00f6nsaks- och potatisland kunde ge bidrag till k\u00f6ket i dessa ransoneringstider. Mycket av den tidiga verksamheten \u00e4gnades \u00e5t att \u00f6ka kunskapen om besprutning, besk\u00e4rning och sk\u00f6tsel av dessa odlingar. S\u00e4kert var det m\u00e5nga ovana odlare som gr\u00e4vde upp gr\u00e4smattan utanf\u00f6r husen f\u00f6r att odla potatis och som inte f\u00f6rstod att kn\u00e4pparlarver och annat otyg kunde grusa deras ambitioner.<\/p>\n\n\n\n<p>F\u00f6reningen anordnade ocks\u00e5 f\u00f6rel\u00e4sningar, kurser, utst\u00e4llningar och t\u00e4vlingar. Dessutom spred man tr\u00e4dg\u00e5rdslitteratur som inneh\u00f6ll information om hur man skulle ta hand om sin tr\u00e4dg\u00e5rd p\u00e5 b\u00e4sta s\u00e4tt, men \u00e4ven r\u00e5d om anl\u00e4ggning av densamma ur estetisk och praktisk synpunkt.<\/p>\n\n\n\n<p>Bara enskilda personer kunde bli medlemmar vilket resulterade i att ingen kollektiv anslutning kunde ske. Detta var n\u00e5got som Br\u00e5tens villa\u00e4garf\u00f6rening fick k\u00e4nna av n\u00e4r man s\u00f6kte medlemskap p\u00e5 60-talet.<\/p>\n\n\n\n<p>Tidigare var f\u00f6reningen ansluten till l\u00e4ns- &amp; riksf\u00f6rbundet, men i mitten av 90-talet h\u00f6jdes kostnaderna f\u00f6r anslutning s\u00e5 mycket att styrelsen besl\u00f6t att ett uttr\u00e4de var motiverat. De medlemmar som ville ha ett medlemskap i riksf\u00f6reningen och tidningen \u201dHemtr\u00e4dg\u00e5den\u201d kunde sj\u00e4lva v\u00e4lja detta.<\/p>\n\n\n\n<p>Under de f\u00f6rsta 60 \u00e5ren, fram till 2012, har tr\u00e4dg\u00e5rdsf\u00f6reningen haft fem ordf\u00f6randen. Den f\u00f6rste som \u00e5tog sig uppgiften var G\u00f6sta Horsner, som var ordf\u00f6rande 1946-1958. D\u00e4refter \u00f6vertog Carl Fredby uppgiften under \u00e5ren 1958-1961. Carl Fredby var stadstr\u00e4dg\u00e5rdsm\u00e4stare i Karlskoga och har skapat stadens fina gr\u00f6nomr\u00e5den; M\u00f6ckelns strand, R\u00e4v\u00e5sen, Ekmansdalen och Centralparken \u00e4r alla hans verk.<\/p>\n\n\n\n<p>1961-1985 tog Erik Persson \u00f6ver ordf\u00f6randeskapet och d\u00e4refter f\u00f6ljde Nils S\u00f6derholm under \u00e5ren 1985-1990. \u00c5ren 1991-2001 var det Gunnar Rosbro som innehade sysslan.<\/p>\n\n\n\n<p>Den verklige trotj\u00e4naren var dock Nils J\u00f6nsson som gick med i tr\u00e4dg\u00e5rdsf\u00f6reningen i slutet av 40-talet och som ca 40 \u00e5r fram\u00e5t var kass\u00f6r i f\u00f6reningen. F\u00f6r att spara pengar \u00e5t f\u00f6reningen var det inte ovanligt att han sj\u00e4lv \u00e5kte ut med medlemsbreven. \u201dJ\u00f6nssons blomsterlotteri\u201d, som startade p\u00e5 80-talet lever kvar i medlemsm\u00f6tena \u00e4n idag.<\/p>\n\n\n\n<p>Andra medlemmar som b\u00f6r n\u00e4mnas \u00e4r Kurt och Ing-Britt Danielson med ett l\u00e5ngt medlemsskap. De har anordnat ett stort antal tr\u00e4dg\u00e5rdsutflykter, b\u00e5de kortare och l\u00e4ngre resor, som varit mycket uppskattade. \u00c4ven Sven-Erik och Lisen Frisk har gjort ett stort arbete inom tr\u00e4dg\u00e5rdsf\u00f6reningen.<\/p>\n\n\n\n<p>\u00c5ren 2001-2003 verkade Lars Wilsby som b\u00e5de ordf\u00f6rande och kass\u00f6r i f\u00f6reningen. Han bidrog med sitt arbete till att tr\u00e4dg\u00e5rdsf\u00f6reningen fortsatte att v\u00e4xa.<\/p>\n\n\n\n<p>D\u00e4refter tog Lena Ulls\u00e5ker-P\u00f6pke vid som ordf\u00f6rande \u00e5r 2004. Under hennes ledning har f\u00f6reningen fortsatt att arbeta med m\u00e5nga av de verksamheter som tidigare f\u00f6rekommit men \u00e4ven nya har tillkommit, som t.ex. kursverksamhet h\u00f6st och v\u00e5r, f\u00f6rel\u00e4sningar p\u00e5 biblioteket samt plantmarknaden i slutet av maj. F\u00f6reningen g\u00f6r ocks\u00e5 2-3 resor varje \u00e5r, i n\u00e4romr\u00e5det men ocks\u00e5 en l\u00e4ngre resa varje \u00e5r.<\/p>\n\n\n\n<p>Om du vill l\u00e4sa mer om Karlskoga tr\u00e4dg\u00e5rdsf\u00f6renings historia finns det en liten skrift som gavs ut n\u00e4r f\u00f6reningen firade 60-\u00e5rsjubileum \u00e5r 2002. Den kan l\u00e5nas om du kontaktar n\u00e5gon i styrelsen.<a title=\"\" href=\"http:\/\/www.karlskogatradgardsforening.se\/contact.htm\"><br><\/a><\/p>\n\n\n\n<p><a href=\"https:\/\/mockelnforeningarna.se\/karlskogatradgardsforening\/styrelsen\/\"><span style=\"color: #0000ff;\">L\u00e4s om den nuvarande styrelsen&nbsp;h\u00e4r<\/span><\/a><\/p>\n","protected":false},"excerpt":{"rendered":"<p>Kortfattad historik \u00f6ver Karlskoga Tr\u00e4dg\u00e5rdsf\u00f6rening 1942 &#8211; 2012 F\u00f6reningen startade 1942 och samma \u00e5r antogs stadgarna. Man kan anta att odling av \u00e4tbara produkter var det prim\u00e4ra m\u00e5let f\u00f6r tr\u00e4dg\u00e5rdsf\u00f6reningen [&hellip;]<\/p>\n","protected":false},"author":41,"featured_media":0,"parent":0,"menu_order":0,"comment_status":"closed","ping_status":"closed","template":"page-notitle.php","meta":{"footnotes":""},"class_list":["post-18","page","type-page","status-publish","hentry"],"_links":{"self":[{"href":"https:\/\/mockelnforeningarna.se\/karlskogatradgardsforening\/wp-json\/wp\/v2\/pages\/18","targetHints":{"allow":["GET"]}}],"collection":[{"href":"https:\/\/mockelnforeningarna.se\/karlskogatradgardsforening\/wp-json\/wp\/v2\/pages"}],"about":[{"href":"https:\/\/mockelnforeningarna.se\/karlskogatradgardsforening\/wp-json\/wp\/v2\/types\/page"}],"author":[{"embeddable":true,"href":"https:\/\/mockelnforeningarna.se\/karlskogatradgardsforening\/wp-json\/wp\/v2\/users\/41"}],"replies":[{"embeddable":true,"href":"https:\/\/mockelnforeningarna.se\/karlskogatradgardsforening\/wp-json\/wp\/v2\/comments?post=18"}],"version-history":[{"count":1,"href":"https:\/\/mockelnforeningarna.se\/karlskogatradgardsforening\/wp-json\/wp\/v2\/pages\/18\/revisions"}],"predecessor-version":[{"id":1430,"href":"https:\/\/mockelnforeningarna.se\/karlskogatradgardsforening\/wp-json\/wp\/v2\/pages\/18\/revisions\/1430"}],"wp:attachment":[{"href":"https:\/\/mockelnforeningarna.se\/karlskogatradgardsforening\/wp-json\/wp\/v2\/media?parent=18"}],"curies":[{"name":"wp","href":"https:\/\/api.w.org\/{rel}","templated":true}]}}