{"id":21,"date":"2014-03-04T09:38:10","date_gmt":"2014-03-04T08:38:10","guid":{"rendered":"https:\/\/mockelnforeningarna.se\/karlskogatradgardsforening\/?page_id=21"},"modified":"2026-04-22T14:28:42","modified_gmt":"2026-04-22T12:28:42","slug":"styrelsen","status":"publish","type":"page","link":"https:\/\/mockelnforeningarna.se\/karlskogatradgardsforening\/styrelsen\/","title":{"rendered":"Styrelsen"},"content":{"rendered":"\n<h3 class=\"wp-block-heading\">V\u00e4lkommen att kontakta oss i Karlskoga Tr\u00e4dg\u00e5rdsf\u00f6rening<\/h3>\n\n\n\n<p><strong>Styrelsen<\/strong> (klicka p\u00e5 namnet s\u00e5 kommer du till personens e-post)<\/p>\n\n\n\n<figure class=\"wp-block-table\"><table style=\"border-style:none;border-width:0px\"><tbody><tr><td>Ordf\u00f6rande:<\/td><td><span><a href=\"mailto:anja@weidt.se\">Anja Weidt<\/a><\/span><\/td><td>070-6709277<\/td><\/tr><tr><td>Vice ordf\u00f6rande:<\/td><td><a href=\"mailto:evamaria55@telia.com\"><\/a><a href=\"mailto:evamaria55@telia.com\">Eva Eriksson<\/a> <\/td><td>070-3450767<\/td><\/tr><tr><td>Sekreterare:<\/td><td><span><a href=\"mailto:eva.sahlbergblom@gmail.com\">Eva Sahlberg Blom<\/a><\/span><\/td><td>070-3054156<\/td><\/tr><tr><td>Kass\u00f6r, medlemsansvarig:<\/td><td><span><a href=\"mailto:lenapopke@gmail.com\">Lena P\u00f6pke<\/a><\/span><\/td><td>070-2239928<\/td><\/tr><tr><td>&nbsp;<\/td><td><a href=\"mailto:joy.toivonen@gmail.com\">Joy Toivonen<\/a><\/td><td>070-4860265<\/td><td><\/td><td><\/td><td><\/td><td><\/td><\/tr><tr><td><\/td><td><span><a href=\"mailto:sofia_tungfeldt@hotmail.com\">Sofia Tungfelt<\/a><\/span><\/td><td>070-3800715<\/td><\/tr><tr><td>&nbsp;<\/td><td><span><a href=\"mailto:kalle@weidt.se\">Kalle Weidt<\/a><\/span><\/td><td>070-6490955<\/td><\/tr><tr><td>&nbsp;<\/td><td><a href=\"mailto:evakherrgard@gmail.com\">Eva Herrg\u00e5rd<\/a><\/td><td>070-3643976<\/td><\/tr><tr><td>&nbsp;<\/td><td><\/td><td><\/td><\/tr><\/tbody><\/table><\/figure>\n\n\n\n<p>Har du fr\u00e5gor, id\u00e9er eller synpunkter p\u00e5 aktiviteter \u00e4r du\nv\u00e4lkommen att h\u00f6ra av dig till n\u00e5gon av oss.<\/p>\n\n\n\n<p>Internetadress:<br><a href=\"https:\/\/mockelnforeningarna.se\/karlskogatradgardsforening\/\">https:\/\/mockelnforeningarna.se\/karlskogatradgardsforening\/<\/a><\/p>\n","protected":false},"excerpt":{"rendered":"<p>V\u00e4lkommen att kontakta oss i Karlskoga Tr\u00e4dg\u00e5rdsf\u00f6rening Styrelsen (klicka p\u00e5 namnet s\u00e5 kommer du till personens e-post) Ordf\u00f6rande: Anja Weidt 070-6709277 Vice ordf\u00f6rande: Eva Eriksson 070-3450767 Sekreterare: Eva Sahlberg Blom [&hellip;]<\/p>\n","protected":false},"author":41,"featured_media":0,"parent":0,"menu_order":0,"comment_status":"closed","ping_status":"closed","template":"page-notitle.php","meta":{"footnotes":""},"class_list":["post-21","page","type-page","status-publish","hentry"],"_links":{"self":[{"href":"https:\/\/mockelnforeningarna.se\/karlskogatradgardsforening\/wp-json\/wp\/v2\/pages\/21","targetHints":{"allow":["GET"]}}],"collection":[{"href":"https:\/\/mockelnforeningarna.se\/karlskogatradgardsforening\/wp-json\/wp\/v2\/pages"}],"about":[{"href":"https:\/\/mockelnforeningarna.se\/karlskogatradgardsforening\/wp-json\/wp\/v2\/types\/page"}],"author":[{"embeddable":true,"href":"https:\/\/mockelnforeningarna.se\/karlskogatradgardsforening\/wp-json\/wp\/v2\/users\/41"}],"replies":[{"embeddable":true,"href":"https:\/\/mockelnforeningarna.se\/karlskogatradgardsforening\/wp-json\/wp\/v2\/comments?post=21"}],"version-history":[{"count":11,"href":"https:\/\/mockelnforeningarna.se\/karlskogatradgardsforening\/wp-json\/wp\/v2\/pages\/21\/revisions"}],"predecessor-version":[{"id":2331,"href":"https:\/\/mockelnforeningarna.se\/karlskogatradgardsforening\/wp-json\/wp\/v2\/pages\/21\/revisions\/2331"}],"wp:attachment":[{"href":"https:\/\/mockelnforeningarna.se\/karlskogatradgardsforening\/wp-json\/wp\/v2\/media?parent=21"}],"curies":[{"name":"wp","href":"https:\/\/api.w.org\/{rel}","templated":true}]}}