{"id":26,"date":"2014-03-04T09:42:08","date_gmt":"2014-03-04T08:42:08","guid":{"rendered":"https:\/\/mockelnforeningarna.se\/karlskogatradgardsforening\/?page_id=26"},"modified":"2022-12-07T17:27:11","modified_gmt":"2022-12-07T16:27:11","slug":"medlem","status":"publish","type":"page","link":"https:\/\/mockelnforeningarna.se\/karlskogatradgardsforening\/medlem\/","title":{"rendered":"Medlem"},"content":{"rendered":"\n<h3 class=\"wp-block-heading\">V\u00e4lkommen att bli medlem i Karlskoga tr\u00e4dg\u00e5rdsf\u00f6rening<\/h3>\n\n\n\n<pre class=\"wp-block-preformatted\">Som medlem i f\u00f6reningen f\u00e5r du tillg\u00e5ng till ett stort aktivitetsutbud i form av resor, f\u00f6redrag, kurser, v\u00e5r- och h\u00f6stmarknader m.m. Dessutom f\u00e5r du <span style=\"color: #0000ff;\"><a style=\"color: #0000ff;\" href=\"https:\/\/mockelnforeningarna.se\/karlskogatradgardsforening\/medlem\/formaner\/\">rabatt vid k\u00f6p av varor i vissa butiker och f\u00f6rs\u00e4ljningsst\u00e4llen i Karlskoga med omnejd<\/a><\/span>. Framf\u00f6r allt har du m\u00f6jlighet att stifta bekantskap med v\u00e5ra \u00f6vriga drygt 350 medlemmar, d\u00e4r du kan utbyta kunskaper och erfarenheter inom odling och tr\u00e4dg\u00e5rd. I v\u00e5r f\u00f6rening \u00e4r alla v\u00e4lkomna; om du har stor tr\u00e4dg\u00e5rd eller ingen tr\u00e4dg\u00e5rd alls, om du \u00e4r kunnig fantast eller nybliven okunnig tr\u00e4dg\u00e5rds\u00e4gare.\n\n<strong>S\u00e5 h\u00e4r g\u00e5r det till att bli medlem<\/strong><\/pre>\n\n\n\n<ul class=\"wp-block-list\">\n<li>\n<pre>G\u00f6r din anm\u00e4lan under medlem\/medlemsanm\u00e4lan <span style=\"color: #0000ff;\">(<a style=\"color: #0000ff;\" href=\"https:\/\/mockelnforeningarna.se\/karlskogatradgardsforening\/medlem\/medlems-anmalan\/\">klicka h\u00e4r s\u00e5 kommer du till den sidan<\/a>)<\/span>.<\/pre>\n<\/li>\n\n\n\n<li> <pre>Betala in medlemsavgiften 100 kronor till Plusgiro 289002\u20138 eller till Swish 1236898753  <\/pre><br><pre>Ange ditt namn i meddelandef\u00e4ltet.<\/pre> <\/li>\n\n\n\n<li>\n<pre>Efter n\u00e5gra dagar f\u00e5r du medlemskort, programblad mm p\u00e5 posten<\/pre>\n<\/li>\n<\/ul>\n","protected":false},"excerpt":{"rendered":"<p>V\u00e4lkommen att bli medlem i Karlskoga tr\u00e4dg\u00e5rdsf\u00f6rening Som medlem i f\u00f6reningen f\u00e5r du tillg\u00e5ng till ett stort aktivitetsutbud i form av resor, f\u00f6redrag, kurser, v\u00e5r- och h\u00f6stmarknader m.m. Dessutom f\u00e5r [&hellip;]<\/p>\n","protected":false},"author":41,"featured_media":0,"parent":0,"menu_order":0,"comment_status":"closed","ping_status":"closed","template":"page-notitle.php","meta":{"footnotes":""},"class_list":["post-26","page","type-page","status-publish","hentry"],"_links":{"self":[{"href":"https:\/\/mockelnforeningarna.se\/karlskogatradgardsforening\/wp-json\/wp\/v2\/pages\/26","targetHints":{"allow":["GET"]}}],"collection":[{"href":"https:\/\/mockelnforeningarna.se\/karlskogatradgardsforening\/wp-json\/wp\/v2\/pages"}],"about":[{"href":"https:\/\/mockelnforeningarna.se\/karlskogatradgardsforening\/wp-json\/wp\/v2\/types\/page"}],"author":[{"embeddable":true,"href":"https:\/\/mockelnforeningarna.se\/karlskogatradgardsforening\/wp-json\/wp\/v2\/users\/41"}],"replies":[{"embeddable":true,"href":"https:\/\/mockelnforeningarna.se\/karlskogatradgardsforening\/wp-json\/wp\/v2\/comments?post=26"}],"version-history":[{"count":3,"href":"https:\/\/mockelnforeningarna.se\/karlskogatradgardsforening\/wp-json\/wp\/v2\/pages\/26\/revisions"}],"predecessor-version":[{"id":1711,"href":"https:\/\/mockelnforeningarna.se\/karlskogatradgardsforening\/wp-json\/wp\/v2\/pages\/26\/revisions\/1711"}],"wp:attachment":[{"href":"https:\/\/mockelnforeningarna.se\/karlskogatradgardsforening\/wp-json\/wp\/v2\/media?parent=26"}],"curies":[{"name":"wp","href":"https:\/\/api.w.org\/{rel}","templated":true}]}}