{"id":38,"date":"2014-03-04T09:56:26","date_gmt":"2014-03-04T08:56:26","guid":{"rendered":"https:\/\/mockelnforeningarna.se\/karlskogatradgardsforening\/?page_id=38"},"modified":"2024-11-19T11:23:51","modified_gmt":"2024-11-19T10:23:51","slug":"tips","status":"publish","type":"page","link":"https:\/\/mockelnforeningarna.se\/karlskogatradgardsforening\/tips\/","title":{"rendered":"L\u00e4nkar och tips"},"content":{"rendered":"\n<p><strong>TIPS P\u00c5 OLIKA S\u00c4LLSKAP OCH ORGANISATIONER F\u00d6R TR\u00c4DG\u00c5RD OCH ODLING<\/strong> <br>(klicka p\u00e5 namnet s\u00e5 kommer ni till deras webbsida)<br><br><a href=\"https:\/\/www.svenskdahlia.se\/\">Svenska Dahlias\u00e4llskapet<\/a><br><a href=\"https:\/\/pionisten.se\/\">Svenska Pions\u00e4llskapet<\/a><br><a href=\"https:\/\/svenskarosensallskapet.se\/\">Svenska Rosens\u00e4llskapet<\/a><br><br><a href=\"https:\/\/www.naturskyddsforeningen.se\/\">Naturskyddsf\u00f6reningen<\/a><br><a href=\"https:\/\/karlskoga.naturskyddsforeningen.se\/\">Karlskoga Naturskyddsf\u00f6rening<\/a><br><a href=\"https:\/\/www.naturvardsverket.se\/amnesomraden\/invasiva-frammande-arter\/for-dig-som-privatperson\/vanligaste-arterna\/\">Naturv\u00e5rdsverket &#8211; invasiva v\u00e4xter<\/a><br><a href=\"https:\/\/skud.blomsterlandet.se\/\">SKUD &#8211; Sveriges databas f\u00f6r korrekt namngivning<br>av svenska kulturv\u00e4xter<\/a><\/p>\n\n\n\n<p><a href=\"https:\/\/for.se\/\">FOR &#8211; Fritidsodlarnas riksorganisation<\/a><br><a href=\"https:\/\/svensktradgard.se\/\">Riksf\u00f6rbundet Svensk Tr\u00e4dg\u00e5rd<\/a><br><a href=\"https:\/\/koloni.org\/\">Kolonitr\u00e4dg\u00e5rdsf\u00f6rbundet<\/a><\/p>\n\n\n\n<p><\/p>\n\n\n\n<h3 class=\"wp-block-heading\">ATT ODLA \u00c5RET RUNT<\/h3>\n\n\n\n<p>H\u00e4r finns presentationen som visades vid f\u00f6redraget<br><a href=\"https:\/\/mockelnforeningarna.se\/app\/uploads\/sites\/31\/2023\/01\/Odla-aret-runt-2021_11_13.pdf\">Odla \u00e5ret runt 2021_11_13<\/a><\/p>\n\n\n\n<p class=\"has-vivid-cyan-blue-color has-text-color\"><\/p>\n\n\n\n<h3 class=\"wp-block-heading\">BESK\u00c4RNING AV FRUKTTR\u00c4D<\/h3>\n\n\n\n<p>Dessa finns att tillfr\u00e5ga i Karlskoga (klicka p\u00e5 namnet s\u00e5 kommer du till deras hemsida).<br><a href=\"http:\/\/www.seniorfixaren.se\/\">Seniorfixarna&nbsp;<\/a><br><a href=\"http:\/\/www.karlskogatradgardstjanst.se\/\">Karlskoga tr\u00e4dg\u00e5rdstj\u00e4nst&nbsp;<\/a><\/p>\n\n\n\n<h3 class=\"wp-block-heading\">L\u00c4NKAR FR\u00c5N F\u00d6REDRAG OM HOSTA OKTOBER 2020<\/h3>\n\n\n\n<p><a href=\"https:\/\/mockelnforeningarna.se\/app\/uploads\/sites\/31\/2023\/01\/Bra-lankar-om-Hosta.pdf\">Bra l\u00e4nkar om Hosta<\/a><br><a href=\"https:\/\/mockelnforeningarna.se\/app\/uploads\/sites\/31\/2023\/01\/Lankar-till-aterforsaljare-av-Hosta.pdf\">L\u00e4nkar till \u00e5terf\u00f6rs\u00e4ljare av Hosta<\/a><\/p>\n\n\n\n<h3 class=\"wp-block-heading\"><\/h3>\n","protected":false},"excerpt":{"rendered":"<p>TIPS P\u00c5 OLIKA S\u00c4LLSKAP OCH ORGANISATIONER F\u00d6R TR\u00c4DG\u00c5RD OCH ODLING (klicka p\u00e5 namnet s\u00e5 kommer ni till deras webbsida) Svenska Dahlias\u00e4llskapetSvenska Pions\u00e4llskapetSvenska Rosens\u00e4llskapet Naturskyddsf\u00f6reningenKarlskoga Naturskyddsf\u00f6reningNaturv\u00e5rdsverket &#8211; invasiva v\u00e4xterSKUD &#8211; Sveriges [&hellip;]<\/p>\n","protected":false},"author":41,"featured_media":0,"parent":0,"menu_order":0,"comment_status":"closed","ping_status":"closed","template":"","meta":{"footnotes":""},"class_list":["post-38","page","type-page","status-publish","hentry"],"_links":{"self":[{"href":"https:\/\/mockelnforeningarna.se\/karlskogatradgardsforening\/wp-json\/wp\/v2\/pages\/38","targetHints":{"allow":["GET"]}}],"collection":[{"href":"https:\/\/mockelnforeningarna.se\/karlskogatradgardsforening\/wp-json\/wp\/v2\/pages"}],"about":[{"href":"https:\/\/mockelnforeningarna.se\/karlskogatradgardsforening\/wp-json\/wp\/v2\/types\/page"}],"author":[{"embeddable":true,"href":"https:\/\/mockelnforeningarna.se\/karlskogatradgardsforening\/wp-json\/wp\/v2\/users\/41"}],"replies":[{"embeddable":true,"href":"https:\/\/mockelnforeningarna.se\/karlskogatradgardsforening\/wp-json\/wp\/v2\/comments?post=38"}],"version-history":[{"count":11,"href":"https:\/\/mockelnforeningarna.se\/karlskogatradgardsforening\/wp-json\/wp\/v2\/pages\/38\/revisions"}],"predecessor-version":[{"id":2148,"href":"https:\/\/mockelnforeningarna.se\/karlskogatradgardsforening\/wp-json\/wp\/v2\/pages\/38\/revisions\/2148"}],"wp:attachment":[{"href":"https:\/\/mockelnforeningarna.se\/karlskogatradgardsforening\/wp-json\/wp\/v2\/media?parent=38"}],"curies":[{"name":"wp","href":"https:\/\/api.w.org\/{rel}","templated":true}]}}