{"id":41,"date":"2014-03-04T09:59:37","date_gmt":"2014-03-04T08:59:37","guid":{"rendered":"https:\/\/mockelnforeningarna.se\/karlskogatradgardsforening\/?page_id=41"},"modified":"2022-12-07T17:49:43","modified_gmt":"2022-12-07T16:49:43","slug":"kontakt","status":"publish","type":"page","link":"https:\/\/mockelnforeningarna.se\/karlskogatradgardsforening\/kontakt\/","title":{"rendered":"Kontakt"},"content":{"rendered":"\n<h5 class=\"wp-block-heading\"><a href=\"https:\/\/mockelnforeningarna.se\/karlskogatradgardsforening\/styrelsen\/\">V\u00c4LKOMMEN ATT KONTAKTA N\u00c5GON I STYRELSEN,<\/a><\/h5>\n\n\n\n<h5 class=\"wp-block-heading\"><a href=\"https:\/\/mockelnforeningarna.se\/karlskogatradgardsforening\/styrelsen\/\">KLICKA H\u00c4R S\u00c5 HITTAR DU V\u00c5RA KONTAKTUPPGIFTER<\/a><\/h5>\n\n\n\n<p>Vi finns p\u00e5&nbsp;<a href=\"https:\/\/www.facebook.com\/karlskoga.tradgardsforening\/\"><strong>Facebook<\/strong><\/a><\/p>\n","protected":false},"excerpt":{"rendered":"<p>V\u00c4LKOMMEN ATT KONTAKTA N\u00c5GON I STYRELSEN, KLICKA H\u00c4R S\u00c5 HITTAR DU V\u00c5RA KONTAKTUPPGIFTER Vi finns p\u00e5&nbsp;Facebook<\/p>\n","protected":false},"author":41,"featured_media":0,"parent":0,"menu_order":0,"comment_status":"closed","ping_status":"closed","template":"","meta":{"footnotes":""},"class_list":["post-41","page","type-page","status-publish","hentry"],"_links":{"self":[{"href":"https:\/\/mockelnforeningarna.se\/karlskogatradgardsforening\/wp-json\/wp\/v2\/pages\/41","targetHints":{"allow":["GET"]}}],"collection":[{"href":"https:\/\/mockelnforeningarna.se\/karlskogatradgardsforening\/wp-json\/wp\/v2\/pages"}],"about":[{"href":"https:\/\/mockelnforeningarna.se\/karlskogatradgardsforening\/wp-json\/wp\/v2\/types\/page"}],"author":[{"embeddable":true,"href":"https:\/\/mockelnforeningarna.se\/karlskogatradgardsforening\/wp-json\/wp\/v2\/users\/41"}],"replies":[{"embeddable":true,"href":"https:\/\/mockelnforeningarna.se\/karlskogatradgardsforening\/wp-json\/wp\/v2\/comments?post=41"}],"version-history":[{"count":1,"href":"https:\/\/mockelnforeningarna.se\/karlskogatradgardsforening\/wp-json\/wp\/v2\/pages\/41\/revisions"}],"predecessor-version":[{"id":1725,"href":"https:\/\/mockelnforeningarna.se\/karlskogatradgardsforening\/wp-json\/wp\/v2\/pages\/41\/revisions\/1725"}],"wp:attachment":[{"href":"https:\/\/mockelnforeningarna.se\/karlskogatradgardsforening\/wp-json\/wp\/v2\/media?parent=41"}],"curies":[{"name":"wp","href":"https:\/\/api.w.org\/{rel}","templated":true}]}}