{"id":525,"date":"2017-04-28T12:56:49","date_gmt":"2017-04-28T10:56:49","guid":{"rendered":"https:\/\/mockelnforeningarna.se\/karlskogatradgardsforening\/?page_id=525"},"modified":"2026-01-05T16:31:14","modified_gmt":"2026-01-05T15:31:14","slug":"aktuellt-program","status":"publish","type":"page","link":"https:\/\/mockelnforeningarna.se\/karlskogatradgardsforening\/aktuellt-program\/","title":{"rendered":"Programblad"},"content":{"rendered":"\n<p>H\u00e4r finns programmen f\u00f6r de senaste \u00e5ren, klicka p\u00e5 det du vill titta p\u00e5.<\/p>\n\n\n\n<p><a href=\"https:\/\/mockelnforeningarna.se\/app\/uploads\/sites\/31\/2026\/01\/Var-2026-webb.pdf\">Program v\u00e5ren 2026<\/a><\/p>\n\n\n\n<p><a href=\"https:\/\/mockelnforeningarna.se\/app\/uploads\/sites\/31\/2025\/08\/Host-2025-webb.pdf\">Program h\u00f6sten 2025<\/a><br><a href=\"https:\/\/mockelnforeningarna.se\/app\/uploads\/sites\/31\/2025\/01\/Var-2025-webb.pdf\" data-type=\"link\" data-id=\"https:\/\/mockelnforeningarna.se\/app\/uploads\/sites\/31\/2025\/01\/Var-2025-webb.pdf\">Program v\u00e5ren 2025<\/a><\/p>\n\n\n\n<p><a href=\"https:\/\/mockelnforeningarna.se\/app\/uploads\/sites\/31\/2024\/01\/Var-2024-webb.pdf\"><\/a><a href=\"https:\/\/mockelnforeningarna.se\/app\/uploads\/sites\/31\/2024\/08\/Host-2024-webb.pdf\">Program h\u00f6sten 2024<\/a><br>Program<a href=\"https:\/\/mockelnforeningarna.se\/app\/uploads\/sites\/31\/2024\/01\/Var-2024-webb.pdf\"> v\u00e5ren 2024<\/a><br><br><strong><a href=\"https:\/\/mockelnforeningarna.se\/app\/uploads\/sites\/31\/2023\/07\/Host-2023-webb.pdf\">Program h\u00f6sten 2023<\/a><\/strong><br><a href=\"https:\/\/mockelnforeningarna.se\/app\/uploads\/sites\/31\/2023\/03\/Var-2023-webb.pdf\"><strong>Program v\u00e5ren 2023<\/strong><\/a><\/p>\n\n\n\n<p><a href=\"https:\/\/mockelnforeningarna.se\/app\/uploads\/sites\/31\/2022\/12\/Host_A4-2022.pdf\">Program h\u00f6st 2022<\/a><br><a href=\"https:\/\/mockelnforeningarna.se\/app\/uploads\/sites\/31\/2022\/12\/Program_var-sommar_2022-1.pdf\">Program_v\u00e5r-sommar_2022<\/a><br><a href=\"https:\/\/mockelnforeningarna.se\/app\/uploads\/sites\/31\/2022\/12\/Program_host.pdf\">Program_h\u00f6st 2021<\/a><br><a href=\"https:\/\/mockelnforeningarna.se\/app\/uploads\/sites\/31\/2022\/12\/Program_var-sommar_2021.pdf\">Program_v\u00e5r-sommar_2021<\/a><br><a href=\"https:\/\/mockelnforeningarna.se\/app\/uploads\/sites\/31\/2020\/07\/Program_host_2020.pdf\">Program_h\u00f6st_2020<\/a><br><a href=\"https:\/\/mockelnforeningarna.se\/app\/uploads\/sites\/31\/2020\/01\/Program_var-sommar_2020.pdf\">Program_v\u00e5r-sommar_2020<\/a><br><a href=\"https:\/\/mockelnforeningarna.se\/app\/uploads\/sites\/31\/2022\/12\/Program_hosten_2019-.pdf\">Program_h\u00f6sten_2019<\/a><br><a href=\"https:\/\/mockelnforeningarna.se\/app\/uploads\/sites\/31\/2022\/12\/Program_var-sommar_2019.pdf\">Program_v\u00e5r-sommar_2019<\/a><\/p>\n\n\n\n<p><\/p>\n\n\n\n<ul class=\"wp-block-list\">\n<li><\/li>\n<\/ul>\n","protected":false},"excerpt":{"rendered":"<p>H\u00e4r finns programmen f\u00f6r de senaste \u00e5ren, klicka p\u00e5 det du vill titta p\u00e5. Program v\u00e5ren 2026 Program h\u00f6sten 2025Program v\u00e5ren 2025 Program h\u00f6sten 2024Program v\u00e5ren 2024 Program h\u00f6sten 2023Program [&hellip;]<\/p>\n","protected":false},"author":41,"featured_media":0,"parent":0,"menu_order":0,"comment_status":"closed","ping_status":"closed","template":"","meta":{"footnotes":""},"class_list":["post-525","page","type-page","status-publish","hentry"],"_links":{"self":[{"href":"https:\/\/mockelnforeningarna.se\/karlskogatradgardsforening\/wp-json\/wp\/v2\/pages\/525","targetHints":{"allow":["GET"]}}],"collection":[{"href":"https:\/\/mockelnforeningarna.se\/karlskogatradgardsforening\/wp-json\/wp\/v2\/pages"}],"about":[{"href":"https:\/\/mockelnforeningarna.se\/karlskogatradgardsforening\/wp-json\/wp\/v2\/types\/page"}],"author":[{"embeddable":true,"href":"https:\/\/mockelnforeningarna.se\/karlskogatradgardsforening\/wp-json\/wp\/v2\/users\/41"}],"replies":[{"embeddable":true,"href":"https:\/\/mockelnforeningarna.se\/karlskogatradgardsforening\/wp-json\/wp\/v2\/comments?post=525"}],"version-history":[{"count":21,"href":"https:\/\/mockelnforeningarna.se\/karlskogatradgardsforening\/wp-json\/wp\/v2\/pages\/525\/revisions"}],"predecessor-version":[{"id":2311,"href":"https:\/\/mockelnforeningarna.se\/karlskogatradgardsforening\/wp-json\/wp\/v2\/pages\/525\/revisions\/2311"}],"wp:attachment":[{"href":"https:\/\/mockelnforeningarna.se\/karlskogatradgardsforening\/wp-json\/wp\/v2\/media?parent=525"}],"curies":[{"name":"wp","href":"https:\/\/api.w.org\/{rel}","templated":true}]}}