{"id":117,"date":"2018-12-11T16:32:47","date_gmt":"2018-12-11T15:32:47","guid":{"rendered":"https:\/\/mockelnforeningarna.se\/kbmk\/?page_id=117"},"modified":"2025-03-21T17:07:33","modified_gmt":"2025-03-21T16:07:33","slug":"hamnregler","status":"publish","type":"page","link":"https:\/\/mockelnforeningarna.se\/kbmk\/hamnen\/hamnregler\/","title":{"rendered":"Hamnregler"},"content":{"rendered":"<div class=\"panel-heading\"><strong>Generella regler<\/strong><\/div>\n<div class=\"panel-body\">\n<ul>\n<li>H\u00e5ll g\u00e4llande hastighet till, fr\u00e5n och inom hamnen. 20 kilometer\/timme.<\/li>\n<li>H\u00e5ll grinden l\u00e5st n\u00e4r du inte har uppsikt \u00f6ver hamnen.<\/li>\n<li>N\u00e4r du l\u00e4mnar hamnen ska grind och v\u00e4gbom l\u00e5sas.<\/li>\n<li>Svetsarbeten (eller andra heta arbeten) f\u00e5r ej ske utan tillst\u00e5nd av hamnm\u00e4stare eller n\u00e5gon i hamngruppen.<\/li>\n<li>Den som har b\u00e5t uppst\u00e4lld, anv\u00e4nder ramp eller kran, skall vara f\u00f6rs\u00e4krade. Uppvisande av giltigt f\u00f6rs\u00e4kringsbrev kan kr\u00e4vas.<\/li>\n<li>B\u00e5tvagnar skall f\u00f6rvaras i det egna b\u00e5tskjulet, eller p\u00e5 anvisad plats.<\/li>\n<li>B\u00e5t och b\u00e5tvagn skall vara m\u00e4rkt med namn och telefonnummer.<\/li>\n<li>De som har b\u00e5tskjul eller b\u00e5t uppst\u00e4lld inom hamnen h\u00e5ller ordning runt dessa med exempelvis gr\u00e4sklippning.<\/li>\n<li>Mindre reparationer samt gr\u00e4sklippning framf\u00f6r b\u00e5tplats sk\u00f6ter den som hyr platsen. Vid st\u00f6rre fel eller brister anm\u00e4ls detta till hamngruppen.<\/li>\n<li>Inga vrakdelar f\u00e5r finnas inom hamnomr\u00e5det.<\/li>\n<li>Sopcontainer \u00e4r endast avsedd f\u00f6r br\u00e4nnbart avfall fr\u00e5n b\u00e5t eller hamnomr\u00e5det.<\/li>\n<li>Till\u00e4ggning vid krankajen f\u00e5r endast ske tillf\u00e4lligt och b\u00e5ten f\u00e5r ej l\u00e4mnas.<\/li>\n<li>Hundar skall h\u00e5llas kopplade inom hamnomr\u00e5det.<\/li>\n<li>Bryggplatser d\u00e4r innehavare inte l\u00e4gger i b\u00e5t eller meddelar hamngruppen f\u00f6re den 1\/7, kan komma att hyras ut av hamngruppen under innevarande s\u00e4song.<\/li>\n<li>Fotof\u00f6rbud g\u00e4ller mot skyddsobjekt Bj\u00f6rkborn industriomr\u00e5de.<\/li>\n<\/ul>\n<p><strong>Vinteruppl\u00e4ggning<\/strong><\/p>\n<ul>\n<li>B\u00e5t skall f\u00f6rvaras i b\u00e5tskjulet eller p\u00e5, av hamngruppen, anvisad plats.<\/li>\n<li>B\u00e5t och b\u00e5tvagn skall vara m\u00e4rkt med namn och telefonnummer.<\/li>\n<li>B\u00e5tar som st\u00e5r uppst\u00e4llda p\u00e5 gr\u00e4sytor skall vara borta f\u00f6re maj m\u00e5nads slut f\u00f6r allas trevnad.<\/li>\n<li>Elkablar skall vara m\u00e4rkta med namn och telefonnummer.<\/li>\n<\/ul>\n<\/div>\n","protected":false},"excerpt":{"rendered":"<p>Generella regler H\u00e5ll g\u00e4llande hastighet till, fr\u00e5n och inom hamnen. 20 kilometer\/timme. H\u00e5ll grinden l\u00e5st n\u00e4r du inte har uppsikt \u00f6ver hamnen. N\u00e4r du l\u00e4mnar hamnen ska grind och v\u00e4gbom [&hellip;]<\/p>\n","protected":false},"author":27,"featured_media":0,"parent":107,"menu_order":0,"comment_status":"closed","ping_status":"closed","template":"","meta":{"footnotes":""},"class_list":["post-117","page","type-page","status-publish","hentry"],"_links":{"self":[{"href":"https:\/\/mockelnforeningarna.se\/kbmk\/wp-json\/wp\/v2\/pages\/117","targetHints":{"allow":["GET"]}}],"collection":[{"href":"https:\/\/mockelnforeningarna.se\/kbmk\/wp-json\/wp\/v2\/pages"}],"about":[{"href":"https:\/\/mockelnforeningarna.se\/kbmk\/wp-json\/wp\/v2\/types\/page"}],"author":[{"embeddable":true,"href":"https:\/\/mockelnforeningarna.se\/kbmk\/wp-json\/wp\/v2\/users\/27"}],"replies":[{"embeddable":true,"href":"https:\/\/mockelnforeningarna.se\/kbmk\/wp-json\/wp\/v2\/comments?post=117"}],"version-history":[{"count":3,"href":"https:\/\/mockelnforeningarna.se\/kbmk\/wp-json\/wp\/v2\/pages\/117\/revisions"}],"predecessor-version":[{"id":1015,"href":"https:\/\/mockelnforeningarna.se\/kbmk\/wp-json\/wp\/v2\/pages\/117\/revisions\/1015"}],"up":[{"embeddable":true,"href":"https:\/\/mockelnforeningarna.se\/kbmk\/wp-json\/wp\/v2\/pages\/107"}],"wp:attachment":[{"href":"https:\/\/mockelnforeningarna.se\/kbmk\/wp-json\/wp\/v2\/media?parent=117"}],"curies":[{"name":"wp","href":"https:\/\/api.w.org\/{rel}","templated":true}]}}