{"id":121,"date":"2018-12-11T16:37:17","date_gmt":"2018-12-11T15:37:17","guid":{"rendered":"https:\/\/mockelnforeningarna.se\/kbmk\/?page_id=121"},"modified":"2024-12-04T18:39:29","modified_gmt":"2024-12-04T17:39:29","slug":"bergslagskanalen","status":"publish","type":"page","link":"https:\/\/mockelnforeningarna.se\/kbmk\/hem\/bergslagskanalen\/","title":{"rendered":"Bergslagskanalen"},"content":{"rendered":"<p>Bergslagskanalen best\u00e5r av f\u00f6ljande sj\u00f6ar och kanaler fr\u00e5n Filipstad till Karlskoga (ca 65 km):<br \/>Dagl\u00f6sen, Asphytte\u00e4lven, Asphyttekanalen, Asphyttans\u00a0sluss, Aspen, Bjurb\u00e4ckens kanal, Bjurb\u00e4ckens\u00a0slussar, Stor-Lungen, \u00d6jevettern, Gransundet, Hyttsj\u00f6n, N\u00e4ssundet, Ullvettern, Smedtorpssundet, Fr\u00f6vettern, K\u00e4xsundet, Alkvettern, Knappforsens\u00a0sluss, Lonnen och Tims\u00e4lven.<\/p>\n<p>Slussarnas m\u00e5tt: l\u00e4ngd: 20m, bredd: 3,6m, djup: 1,2m.<br \/>Broh\u00f6jder vid normalvatten: 2,5 m (N\u00e4ssundet och Asphytte\u00e4lven)<\/p>\n<p><strong>Farleder ut\u00f6ver Bergslagskanalen<\/strong><\/p>\n<ul>\n<li>Fr\u00e5n Dagl\u00f6sen g\u00e5r Pr\u00e4stb\u00e4cken till \u00d6stersj\u00f6n vid Nykroppa och M\u00f6gsj\u00f6n i Storfors (l\u00e5g bro 1,65 m).<\/li>\n<li>Fr\u00e5n Molkom g\u00e5r Lung\u00e4lven till Stor-Lungen (Slingrande kanotled).<\/li>\n<li>Fr\u00e5n \u00d6jevettern g\u00e5r Storfors\u00e4lven in till Storfors b\u00e5thamn.<\/li>\n<li>Fr\u00e5n Hyttsj\u00f6n g\u00e5r Norsb\u00e4ckens\u00a0kanal till Bergsj\u00f6n (l\u00e5g bro 1,85 m).<\/li>\n<li>Fr\u00e5n Hyttsj\u00f6n kommer man till Matl\u00e5ngen (med kanot \u00e4nda till Lundsberg).<\/li>\n<\/ul>\n<p>F\u00f6r att f\u00e5 reda p\u00e5 vattenniv\u00e5n finns en telefonsvarare p\u00e5 tel 0586-15215. Niv\u00e5n anges med tre siffror som \u00e4r cm \u00f6ver 110 m-niv\u00e5n.<br \/>F\u00f6r att r\u00e4kna ut den segelfria h\u00f6jden vid N\u00e4ssundet tar man 490 minus telefonr\u00f6stens siffror. Om till exempel telefonr\u00f6sten s\u00e4ger ett-nio-tre, d\u00e5 \u00e4r h\u00f6jden 490 &#8211; 193 = 227 cm.<\/p>\n<p>Mer information \u00e5terfinns p\u00e5\u00a0<a title=\"Bergslagskanalen\" href=\"http:\/\/www.bergslagskanalen.se\/\" target=\"_blank\" rel=\"noopener\">Bergslagskanalens hemsida<\/a>.<\/p>\n<p><strong>F\u00f6lj med p\u00e5 en resa p\u00e5 Bergslagskanalen fr\u00e5n Filipstad till Karlskoga.<\/strong><\/p>\n\n\n<p><\/p>\n","protected":false},"excerpt":{"rendered":"<p>Bergslagskanalen best\u00e5r av f\u00f6ljande sj\u00f6ar och kanaler fr\u00e5n Filipstad till Karlskoga (ca 65 km):Dagl\u00f6sen, Asphytte\u00e4lven, Asphyttekanalen, Asphyttans\u00a0sluss, Aspen, Bjurb\u00e4ckens kanal, Bjurb\u00e4ckens\u00a0slussar, Stor-Lungen, \u00d6jevettern, Gransundet, Hyttsj\u00f6n, N\u00e4ssundet, Ullvettern, Smedtorpssundet, Fr\u00f6vettern, K\u00e4xsundet, [&hellip;]<\/p>\n","protected":false},"author":27,"featured_media":0,"parent":14,"menu_order":0,"comment_status":"closed","ping_status":"closed","template":"","meta":{"footnotes":""},"class_list":["post-121","page","type-page","status-publish","hentry"],"_links":{"self":[{"href":"https:\/\/mockelnforeningarna.se\/kbmk\/wp-json\/wp\/v2\/pages\/121","targetHints":{"allow":["GET"]}}],"collection":[{"href":"https:\/\/mockelnforeningarna.se\/kbmk\/wp-json\/wp\/v2\/pages"}],"about":[{"href":"https:\/\/mockelnforeningarna.se\/kbmk\/wp-json\/wp\/v2\/types\/page"}],"author":[{"embeddable":true,"href":"https:\/\/mockelnforeningarna.se\/kbmk\/wp-json\/wp\/v2\/users\/27"}],"replies":[{"embeddable":true,"href":"https:\/\/mockelnforeningarna.se\/kbmk\/wp-json\/wp\/v2\/comments?post=121"}],"version-history":[{"count":3,"href":"https:\/\/mockelnforeningarna.se\/kbmk\/wp-json\/wp\/v2\/pages\/121\/revisions"}],"predecessor-version":[{"id":1006,"href":"https:\/\/mockelnforeningarna.se\/kbmk\/wp-json\/wp\/v2\/pages\/121\/revisions\/1006"}],"up":[{"embeddable":true,"href":"https:\/\/mockelnforeningarna.se\/kbmk\/wp-json\/wp\/v2\/pages\/14"}],"wp:attachment":[{"href":"https:\/\/mockelnforeningarna.se\/kbmk\/wp-json\/wp\/v2\/media?parent=121"}],"curies":[{"name":"wp","href":"https:\/\/api.w.org\/{rel}","templated":true}]}}