{"id":147,"date":"2018-12-12T15:26:32","date_gmt":"2018-12-12T14:26:32","guid":{"rendered":"https:\/\/mockelnforeningarna.se\/kbmk\/?page_id=147"},"modified":"2026-04-14T15:33:03","modified_gmt":"2026-04-14T13:33:03","slug":"styrelsen","status":"publish","type":"page","link":"https:\/\/mockelnforeningarna.se\/kbmk\/klubben\/styrelsen\/","title":{"rendered":"Styrelsen, arbetsgrupper &amp; \u00f6vriga funktioner"},"content":{"rendered":"\n<figure class=\"wp-block-table is-style-stripes\"><table class=\"has-fixed-layout\" style=\"border-style:none;border-width:0px\"><tbody><tr><td><strong>Styrelse<\/strong><\/td><td><\/td><td><\/td><\/tr><tr><td>Ordf\u00f6rande<\/td><td>Torgny Bergstr\u00f6m<\/td><td>070-656 58 62<\/td><\/tr><tr><td>Sekreterare&nbsp;&nbsp;&nbsp;&nbsp;&nbsp;&nbsp;&nbsp;&nbsp;&nbsp;&nbsp;&nbsp;&nbsp;&nbsp;&nbsp;&nbsp;&nbsp;&nbsp;<\/td><td>Jimmy Hanberg<\/td><td>070-839 43 73<\/td><\/tr><tr><td>Kass\u00f6r<\/td><td>Birgit Karlsson<\/td><td>073-508 68 26<\/td><\/tr><tr><td>Hamnm\u00e4stare<\/td><td>Roland Arkelius<\/td><td>070-662 70 69<\/td><\/tr><tr><td>Stugm\u00e4stare<\/td><td>Marcus B\u00e4ck<\/td><td>073-617 93 36<\/td><\/tr><tr><td>Farledsm\u00e4stare<\/td><td>Martin Ekelund<\/td><td>073-698 99 39<\/td><\/tr><tr><td>Slussm\u00e4stare<\/td><td>Lennart Johansson<\/td><td>073-804 03 38<\/td><\/tr><tr><td>Ledamot<\/td><td>Joakim Eriksson<\/td><td>070-911 95 06<\/td><\/tr><tr><td>Ledamot<\/td><td>Thomas Spennare<\/td><td>070-775 43 11<\/td><\/tr><tr><td>Ledamot<\/td><td>Michael Eriksson<\/td><td>070-924 71 65<\/td><\/tr><tr><td><strong>Arbetsgrupp f\u00f6r hamnen<\/strong><\/td><td><\/td><td><\/td><\/tr><tr><td>Hamnm\u00e4stare<\/td><td>Roland Arkelius<\/td><td>070-662 70 69<\/td><\/tr><tr><td><\/td><td>Anders Karlsson<\/td><td>073-692 71 13<\/td><\/tr><tr><td><\/td><td>Dan Eriksson<\/td><td>070-287 38 23<\/td><\/tr><tr><td><\/td><td>Thomas Spennare<\/td><td>070-775 43 11<\/td><\/tr><tr><td><\/td><td>Torbj\u00f6rn Hammarb\u00e4ck<\/td><td>070-639 15 13<\/td><\/tr><tr><td><\/td><td>Jan Jern<\/td><td>073-705 74 62<\/td><\/tr><tr><td><\/td><td>Fredrik Segelberg<\/td><td>073-047 77 04<\/td><\/tr><tr><td><\/td><td>Henrik Rintel\u00e4<\/td><td>070-242 81 84<\/td><\/tr><tr><td><strong>Arbetsgrupp f\u00f6r farled<\/strong><\/td><td><\/td><td><\/td><\/tr><tr><td>Farledsm\u00e4stare<\/td><td>Martin Ekelund<\/td><td>073-698 99 39<\/td><\/tr><tr><td>Bitr.farledsm\u00e4stare<\/td><td>Sara B\u00e4ck<\/td><td>073-890 58 43<\/td><\/tr><tr><td><\/td><td>Veronica Johansson<\/td><td><\/td><\/tr><tr><td><\/td><td>Hanna Sahl\u00e9n<\/td><td><\/td><\/tr><tr><td><\/td><td>Anna-Maria Nord\u00f6<\/td><td><\/td><\/tr><tr><td><strong>Arbetsgrupp f\u00f6r klubbstugan<\/strong><\/td><td><\/td><td><\/td><\/tr><tr><td>Stugm\u00e4stare<\/td><td>Marcus B\u00e4ck<\/td><td>073-617 93 36<\/td><\/tr><tr><td><\/td><td>Peter Gustavsson<\/td><td>070-420 81 94<\/td><\/tr><tr><td><\/td><td>Stefan Ericsson<\/td><td>070-244 89 08<\/td><\/tr><tr><td><\/td><td>Lars Ohlsson<\/td><td>073-246 89 28<\/td><\/tr><tr><td><\/td><td>Jimmy Nilsson<\/td><td>076-264 68 00<\/td><\/tr><tr><td><\/td><td>Linus Wiklund<\/td><td>070-232 26 34<\/td><\/tr><tr><td><\/td><td><\/td><td><\/td><\/tr><tr><td><strong>Arbetsgrupp f\u00f6r Slussen<\/strong><\/td><td><\/td><td><\/td><\/tr><tr><td>Slussm\u00e4stare<\/td><td>Lennart Johansson<\/td><td>073-804 03 38<\/td><\/tr><tr><td><\/td><td>Erik Nordahl<\/td><td>070-636 72 31<\/td><\/tr><tr><td><\/td><td>Alberto Morello<\/td><td>072-544 36 02<\/td><\/tr><tr><td><\/td><td>Kim Rolandsen<\/td><td>070-372 88 34<\/td><\/tr><tr><td><\/td><td>Martin Ekelund<\/td><td>073-698 99 39<\/td><\/tr><tr><td><\/td><td>Michael Eriksson<\/td><td>070-924 71 65<\/td><\/tr><tr><td><\/td><td><\/td><td><\/td><\/tr><tr><td><strong>\u00d6vriga funktioner<\/strong><\/td><td><\/td><td><\/td><\/tr><tr><td>Revisorer<\/td><td>Tommy Lindholm<\/td><td>070-577 06 43<\/td><\/tr><tr><td><\/td><td>Per Qvarfordt<\/td><td>070-558 10 10<\/td><\/tr><tr><td><\/td><td><\/td><td><\/td><\/tr><tr><td>Valberedning<\/td><td>Dan Eriksson<\/td><td>070-287 38 23<\/td><\/tr><tr><td><\/td><td>Helena Jarl<\/td><td>073-020 78 20<\/td><\/tr><tr><td><\/td><td><\/td><td><\/td><\/tr><tr><td><\/td><td><\/td><td><\/td><\/tr><\/tbody><\/table><\/figure>\n","protected":false},"excerpt":{"rendered":"<p>Styrelse Ordf\u00f6rande Torgny Bergstr\u00f6m 070-656 58 62 Sekreterare&nbsp;&nbsp;&nbsp;&nbsp;&nbsp;&nbsp;&nbsp;&nbsp;&nbsp;&nbsp;&nbsp;&nbsp;&nbsp;&nbsp;&nbsp;&nbsp;&nbsp; Jimmy Hanberg 070-839 43 73 Kass\u00f6r Birgit Karlsson 073-508 68 26 Hamnm\u00e4stare Roland Arkelius 070-662 70 69 Stugm\u00e4stare Marcus B\u00e4ck 073-617 93 [&hellip;]<\/p>\n","protected":false},"author":27,"featured_media":0,"parent":81,"menu_order":0,"comment_status":"closed","ping_status":"closed","template":"","meta":{"footnotes":""},"class_list":["post-147","page","type-page","status-publish","hentry"],"_links":{"self":[{"href":"https:\/\/mockelnforeningarna.se\/kbmk\/wp-json\/wp\/v2\/pages\/147","targetHints":{"allow":["GET"]}}],"collection":[{"href":"https:\/\/mockelnforeningarna.se\/kbmk\/wp-json\/wp\/v2\/pages"}],"about":[{"href":"https:\/\/mockelnforeningarna.se\/kbmk\/wp-json\/wp\/v2\/types\/page"}],"author":[{"embeddable":true,"href":"https:\/\/mockelnforeningarna.se\/kbmk\/wp-json\/wp\/v2\/users\/27"}],"replies":[{"embeddable":true,"href":"https:\/\/mockelnforeningarna.se\/kbmk\/wp-json\/wp\/v2\/comments?post=147"}],"version-history":[{"count":17,"href":"https:\/\/mockelnforeningarna.se\/kbmk\/wp-json\/wp\/v2\/pages\/147\/revisions"}],"predecessor-version":[{"id":1248,"href":"https:\/\/mockelnforeningarna.se\/kbmk\/wp-json\/wp\/v2\/pages\/147\/revisions\/1248"}],"up":[{"embeddable":true,"href":"https:\/\/mockelnforeningarna.se\/kbmk\/wp-json\/wp\/v2\/pages\/81"}],"wp:attachment":[{"href":"https:\/\/mockelnforeningarna.se\/kbmk\/wp-json\/wp\/v2\/media?parent=147"}],"curies":[{"name":"wp","href":"https:\/\/api.w.org\/{rel}","templated":true}]}}