{"id":355,"date":"2022-04-09T11:37:55","date_gmt":"2022-04-09T09:37:55","guid":{"rendered":"https:\/\/mockelnforeningarna.se\/kbmk\/?page_id=355"},"modified":"2026-04-17T11:01:02","modified_gmt":"2026-04-17T09:01:02","slug":"slussen","status":"publish","type":"page","link":"https:\/\/mockelnforeningarna.se\/kbmk\/sluss\/slussen\/","title":{"rendered":"Slussen"},"content":{"rendered":"\n<p>Under 2026 kommer KBMK att ansvara f\u00f6r driften av slussen i knappfors efter avtal med Karlskoga kommun, f\u00f6r detta \u00e4ndam\u00e5l s\u00e5 har en sluss grupp skapats i klubben som kommer ansvara f\u00f6r arbetets uppl\u00e4gg, slusstider med mera.<\/p>\n\n\n\n<p>Slusstiderna <strong>och bokning<\/strong> av sluss\u00f6ppning hittar ni i menyn eller l\u00e4nken h\u00e4r:&nbsp; <a href=\"https:\/\/mockelnforeningarna.se\/kbmk\/sluss\/slusstider\/\">SLUSSTIDER<\/a><\/p>\n\n\n\n<p>Betalning sker alltid p\u00e5 plats innan slussning till swishnumret 123 514 93 31<\/p>\n\n\n\n<p>Telefon till slussgruppen \u00e4r 073-6939783, detta telefonnummer ska i f\u00f6rsta hand anv\u00e4ndas om man inte sj\u00e4lv kan boka eller kontakta den som ansvarar f\u00f6r slussningen den dag man har behov av att slussa (s\u00e5 kan man f\u00e5 hj\u00e4lp med att boka).<\/p>\n\n\n\n<p>Slussgruppen best\u00e5r av<br>Lennart Johansson<br>Erik Nordahl<br>Kim Rolandsen<br>Alberto Morello<br>Michael Eriksson<br>Martin Ekelund<\/p>\n\n\n\n<p><a href=\"https:\/\/varmlandskindustrihistoria.wordpress.com\/2018\/03\/10\/knappforsen-karlskoga\/\" target=\"_blank\" rel=\"noopener\">Historia om slussen kan man hitta h\u00e4r<\/a><\/p>\n\n\n\n<p>Informationsfilm fr\u00e5n tillverkaren f\u00f6r livr\u00e4ddningspost kan ses <a href=\"https:\/\/rescuelife247.se\/livraddningspost\/\" target=\"_blank\" rel=\"noreferrer noopener\"><strong>h\u00e4r<\/strong><\/a><\/p>\n\n\n\n<p><\/p>\n","protected":false},"excerpt":{"rendered":"<p>Under 2026 kommer KBMK att ansvara f\u00f6r driften av slussen i knappfors efter avtal med Karlskoga kommun, f\u00f6r detta \u00e4ndam\u00e5l s\u00e5 har en sluss grupp skapats i klubben som kommer [&hellip;]<\/p>\n","protected":false},"author":27,"featured_media":446,"parent":354,"menu_order":0,"comment_status":"closed","ping_status":"closed","template":"","meta":{"footnotes":""},"class_list":["post-355","page","type-page","status-publish","has-post-thumbnail","hentry"],"_links":{"self":[{"href":"https:\/\/mockelnforeningarna.se\/kbmk\/wp-json\/wp\/v2\/pages\/355","targetHints":{"allow":["GET"]}}],"collection":[{"href":"https:\/\/mockelnforeningarna.se\/kbmk\/wp-json\/wp\/v2\/pages"}],"about":[{"href":"https:\/\/mockelnforeningarna.se\/kbmk\/wp-json\/wp\/v2\/types\/page"}],"author":[{"embeddable":true,"href":"https:\/\/mockelnforeningarna.se\/kbmk\/wp-json\/wp\/v2\/users\/27"}],"replies":[{"embeddable":true,"href":"https:\/\/mockelnforeningarna.se\/kbmk\/wp-json\/wp\/v2\/comments?post=355"}],"version-history":[{"count":11,"href":"https:\/\/mockelnforeningarna.se\/kbmk\/wp-json\/wp\/v2\/pages\/355\/revisions"}],"predecessor-version":[{"id":1256,"href":"https:\/\/mockelnforeningarna.se\/kbmk\/wp-json\/wp\/v2\/pages\/355\/revisions\/1256"}],"up":[{"embeddable":true,"href":"https:\/\/mockelnforeningarna.se\/kbmk\/wp-json\/wp\/v2\/pages\/354"}],"wp:featuredmedia":[{"embeddable":true,"href":"https:\/\/mockelnforeningarna.se\/kbmk\/wp-json\/wp\/v2\/media\/446"}],"wp:attachment":[{"href":"https:\/\/mockelnforeningarna.se\/kbmk\/wp-json\/wp\/v2\/media?parent=355"}],"curies":[{"name":"wp","href":"https:\/\/api.w.org\/{rel}","templated":true}]}}