{"id":359,"date":"2022-04-09T11:47:57","date_gmt":"2022-04-09T09:47:57","guid":{"rendered":"https:\/\/mockelnforeningarna.se\/kbmk\/?page_id=359"},"modified":"2025-04-23T09:19:37","modified_gmt":"2025-04-23T07:19:37","slug":"slusstider","status":"publish","type":"page","link":"https:\/\/mockelnforeningarna.se\/kbmk\/sluss\/slusstider\/","title":{"rendered":"Slusstider"},"content":{"rendered":"\n<p><\/p>\n\n\n\n<figure class=\"wp-block-image size-full\"><img loading=\"lazy\" decoding=\"async\" width=\"1327\" height=\"679\" src=\"https:\/\/mockelnforeningarna.se\/app\/uploads\/sites\/22\/2025\/04\/planerad-slussning.jpg\" alt=\"\" class=\"wp-image-1042\" srcset=\"https:\/\/mockelnforeningarna.se\/app\/uploads\/sites\/22\/2025\/04\/planerad-slussning.jpg 1327w, https:\/\/mockelnforeningarna.se\/app\/uploads\/sites\/22\/2025\/04\/planerad-slussning-300x154.jpg 300w, https:\/\/mockelnforeningarna.se\/app\/uploads\/sites\/22\/2025\/04\/planerad-slussning-1024x524.jpg 1024w, https:\/\/mockelnforeningarna.se\/app\/uploads\/sites\/22\/2025\/04\/planerad-slussning-768x393.jpg 768w, https:\/\/mockelnforeningarna.se\/app\/uploads\/sites\/22\/2025\/04\/planerad-slussning-800x409.jpg 800w, https:\/\/mockelnforeningarna.se\/app\/uploads\/sites\/22\/2025\/04\/planerad-slussning-500x256.jpg 500w, https:\/\/mockelnforeningarna.se\/app\/uploads\/sites\/22\/2025\/04\/planerad-slussning-600x307.jpg 600w\" sizes=\"auto, (max-width: 1327px) 100vw, 1327px\" \/><\/figure>\n\n\n\n<p><strong>Hantering Bokning av jourtillf\u00e4llena enlig ovan<\/strong><br>All sluss\u00f6ppning p\u00e5 Jourtid sker via webbokning nedan, observera framf\u00f6rh\u00e5llningen som beh\u00f6vs. <\/p>\n\n\n\n<div id=\"bokamera-embedded\">\n\n    \n<style>\n        .Resources {\n\n            visibility: hidden;\n\n            position: absolute;\n\n            z-index: -1;\n\n        }\n<\/style>\n    \n\n<\/div>\n\n\n\n<p>Swish: Betalning ska ske p\u00e5 plats <strong>innan<\/strong> slussningen till swishnumret 123 514 93 31<\/p>\n","protected":false},"excerpt":{"rendered":"<p>Hantering Bokning av jourtillf\u00e4llena enlig ovanAll sluss\u00f6ppning p\u00e5 Jourtid sker via webbokning nedan, observera framf\u00f6rh\u00e5llningen som beh\u00f6vs. Swish: Betalning ska ske p\u00e5 plats innan slussningen till swishnumret 123 514 93 [&hellip;]<\/p>\n","protected":false},"author":27,"featured_media":0,"parent":354,"menu_order":0,"comment_status":"closed","ping_status":"closed","template":"","meta":{"footnotes":""},"class_list":["post-359","page","type-page","status-publish","hentry"],"_links":{"self":[{"href":"https:\/\/mockelnforeningarna.se\/kbmk\/wp-json\/wp\/v2\/pages\/359","targetHints":{"allow":["GET"]}}],"collection":[{"href":"https:\/\/mockelnforeningarna.se\/kbmk\/wp-json\/wp\/v2\/pages"}],"about":[{"href":"https:\/\/mockelnforeningarna.se\/kbmk\/wp-json\/wp\/v2\/types\/page"}],"author":[{"embeddable":true,"href":"https:\/\/mockelnforeningarna.se\/kbmk\/wp-json\/wp\/v2\/users\/27"}],"replies":[{"embeddable":true,"href":"https:\/\/mockelnforeningarna.se\/kbmk\/wp-json\/wp\/v2\/comments?post=359"}],"version-history":[{"count":35,"href":"https:\/\/mockelnforeningarna.se\/kbmk\/wp-json\/wp\/v2\/pages\/359\/revisions"}],"predecessor-version":[{"id":1063,"href":"https:\/\/mockelnforeningarna.se\/kbmk\/wp-json\/wp\/v2\/pages\/359\/revisions\/1063"}],"up":[{"embeddable":true,"href":"https:\/\/mockelnforeningarna.se\/kbmk\/wp-json\/wp\/v2\/pages\/354"}],"wp:attachment":[{"href":"https:\/\/mockelnforeningarna.se\/kbmk\/wp-json\/wp\/v2\/media?parent=359"}],"curies":[{"name":"wp","href":"https:\/\/api.w.org\/{rel}","templated":true}]}}